{"id":993,"date":"2023-07-04T20:39:54","date_gmt":"2023-07-04T18:39:54","guid":{"rendered":"https:\/\/fotoklub.sk\/?page_id=993"},"modified":"2023-07-04T20:39:54","modified_gmt":"2023-07-04T18:39:54","slug":"raw-fotoklubovy-gulas-1-7-2023-surex","status":"publish","type":"page","link":"https:\/\/fotoklub.sk\/?page_id=993","title":{"rendered":"RAW Fotoklubov\u00fd gu\u013e\u00e1\u0161 1. 7. 2023  Surex"},"content":{"rendered":"\n<figure class=\"wp-block-image size-large\"><img decoding=\"async\" width=\"1024\" height=\"768\" src=\"https:\/\/fotoklub.sk\/wp-content\/uploads\/2023\/07\/IMG_20230701_132735699_HDR-1024x768.jpg\" alt=\"\" class=\"wp-image-994\" srcset=\"https:\/\/fotoklub.sk\/wp-content\/uploads\/2023\/07\/IMG_20230701_132735699_HDR-1024x768.jpg 1024w, https:\/\/fotoklub.sk\/wp-content\/uploads\/2023\/07\/IMG_20230701_132735699_HDR-300x225.jpg 300w, https:\/\/fotoklub.sk\/wp-content\/uploads\/2023\/07\/IMG_20230701_132735699_HDR-768x576.jpg 768w, https:\/\/fotoklub.sk\/wp-content\/uploads\/2023\/07\/IMG_20230701_132735699_HDR-1536x1152.jpg 1536w, https:\/\/fotoklub.sk\/wp-content\/uploads\/2023\/07\/IMG_20230701_132735699_HDR.jpg 1920w\" sizes=\"(max-width: 1024px) 100vw, 1024px\" \/><\/figure>\n\n\n\n<figure class=\"wp-block-image size-large\"><img decoding=\"async\" width=\"1024\" height=\"768\" src=\"https:\/\/fotoklub.sk\/wp-content\/uploads\/2023\/07\/P1120395-1024x768.jpg\" alt=\"\" class=\"wp-image-995\" srcset=\"https:\/\/fotoklub.sk\/wp-content\/uploads\/2023\/07\/P1120395-1024x768.jpg 1024w, https:\/\/fotoklub.sk\/wp-content\/uploads\/2023\/07\/P1120395-300x225.jpg 300w, https:\/\/fotoklub.sk\/wp-content\/uploads\/2023\/07\/P1120395-768x576.jpg 768w, https:\/\/fotoklub.sk\/wp-content\/uploads\/2023\/07\/P1120395-1536x1152.jpg 1536w, https:\/\/fotoklub.sk\/wp-content\/uploads\/2023\/07\/P1120395.jpg 1920w\" sizes=\"(max-width: 1024px) 100vw, 1024px\" \/><\/figure>\n\n\n\n<figure class=\"wp-block-image size-large\"><img decoding=\"async\" width=\"768\" height=\"1024\" src=\"https:\/\/fotoklub.sk\/wp-content\/uploads\/2023\/07\/P1120410-768x1024.jpg\" alt=\"\" class=\"wp-image-996\" srcset=\"https:\/\/fotoklub.sk\/wp-content\/uploads\/2023\/07\/P1120410-768x1024.jpg 768w, https:\/\/fotoklub.sk\/wp-content\/uploads\/2023\/07\/P1120410-225x300.jpg 225w, https:\/\/fotoklub.sk\/wp-content\/uploads\/2023\/07\/P1120410-1152x1536.jpg 1152w, https:\/\/fotoklub.sk\/wp-content\/uploads\/2023\/07\/P1120410.jpg 1440w\" sizes=\"(max-width: 768px) 100vw, 768px\" \/><\/figure>\n\n\n\n<figure class=\"wp-block-image size-large\"><img decoding=\"async\" width=\"1024\" height=\"768\" src=\"https:\/\/fotoklub.sk\/wp-content\/uploads\/2023\/07\/P1120412-1024x768.jpg\" alt=\"\" class=\"wp-image-997\" srcset=\"https:\/\/fotoklub.sk\/wp-content\/uploads\/2023\/07\/P1120412-1024x768.jpg 1024w, https:\/\/fotoklub.sk\/wp-content\/uploads\/2023\/07\/P1120412-300x225.jpg 300w, https:\/\/fotoklub.sk\/wp-content\/uploads\/2023\/07\/P1120412-768x576.jpg 768w, https:\/\/fotoklub.sk\/wp-content\/uploads\/2023\/07\/P1120412-1536x1152.jpg 1536w, https:\/\/fotoklub.sk\/wp-content\/uploads\/2023\/07\/P1120412.jpg 1920w\" sizes=\"(max-width: 1024px) 100vw, 1024px\" \/><\/figure>\n\n\n\n<figure class=\"wp-block-image size-large\"><img decoding=\"async\" width=\"1024\" height=\"768\" src=\"https:\/\/fotoklub.sk\/wp-content\/uploads\/2023\/07\/IMG_20230701_150641764_HDR-1024x768.jpg\" alt=\"\" class=\"wp-image-998\" srcset=\"https:\/\/fotoklub.sk\/wp-content\/uploads\/2023\/07\/IMG_20230701_150641764_HDR-1024x768.jpg 1024w, https:\/\/fotoklub.sk\/wp-content\/uploads\/2023\/07\/IMG_20230701_150641764_HDR-300x225.jpg 300w, https:\/\/fotoklub.sk\/wp-content\/uploads\/2023\/07\/IMG_20230701_150641764_HDR-768x576.jpg 768w, https:\/\/fotoklub.sk\/wp-content\/uploads\/2023\/07\/IMG_20230701_150641764_HDR-1536x1152.jpg 1536w, https:\/\/fotoklub.sk\/wp-content\/uploads\/2023\/07\/IMG_20230701_150641764_HDR.jpg 1920w\" sizes=\"(max-width: 1024px) 100vw, 1024px\" \/><\/figure>\n\n\n\n<figure class=\"wp-block-image size-large\"><img decoding=\"async\" width=\"1024\" height=\"768\" src=\"https:\/\/fotoklub.sk\/wp-content\/uploads\/2023\/07\/P1120430-1024x768.jpg\" alt=\"\" class=\"wp-image-999\" srcset=\"https:\/\/fotoklub.sk\/wp-content\/uploads\/2023\/07\/P1120430-1024x768.jpg 1024w, https:\/\/fotoklub.sk\/wp-content\/uploads\/2023\/07\/P1120430-300x225.jpg 300w, https:\/\/fotoklub.sk\/wp-content\/uploads\/2023\/07\/P1120430-768x576.jpg 768w, https:\/\/fotoklub.sk\/wp-content\/uploads\/2023\/07\/P1120430-1536x1152.jpg 1536w, https:\/\/fotoklub.sk\/wp-content\/uploads\/2023\/07\/P1120430.jpg 1920w\" sizes=\"(max-width: 1024px) 100vw, 1024px\" \/><\/figure>\n\n\n\n<figure class=\"wp-block-image size-large\"><img decoding=\"async\" width=\"1024\" height=\"768\" src=\"https:\/\/fotoklub.sk\/wp-content\/uploads\/2023\/07\/IMG_20230701_142337249_HDR-1024x768.jpg\" alt=\"\" class=\"wp-image-1000\" srcset=\"https:\/\/fotoklub.sk\/wp-content\/uploads\/2023\/07\/IMG_20230701_142337249_HDR-1024x768.jpg 1024w, https:\/\/fotoklub.sk\/wp-content\/uploads\/2023\/07\/IMG_20230701_142337249_HDR-300x225.jpg 300w, https:\/\/fotoklub.sk\/wp-content\/uploads\/2023\/07\/IMG_20230701_142337249_HDR-768x576.jpg 768w, https:\/\/fotoklub.sk\/wp-content\/uploads\/2023\/07\/IMG_20230701_142337249_HDR-1536x1152.jpg 1536w, https:\/\/fotoklub.sk\/wp-content\/uploads\/2023\/07\/IMG_20230701_142337249_HDR.jpg 1920w\" sizes=\"(max-width: 1024px) 100vw, 1024px\" \/><\/figure>\n\n\n\n<figure class=\"wp-block-image size-large\"><img decoding=\"async\" width=\"830\" height=\"1024\" src=\"https:\/\/fotoklub.sk\/wp-content\/uploads\/2023\/07\/P2200415-830x1024.jpg\" alt=\"\" class=\"wp-image-1001\" srcset=\"https:\/\/fotoklub.sk\/wp-content\/uploads\/2023\/07\/P2200415-830x1024.jpg 830w, https:\/\/fotoklub.sk\/wp-content\/uploads\/2023\/07\/P2200415-243x300.jpg 243w, https:\/\/fotoklub.sk\/wp-content\/uploads\/2023\/07\/P2200415-768x947.jpg 768w, https:\/\/fotoklub.sk\/wp-content\/uploads\/2023\/07\/P2200415-1246x1536.jpg 1246w, https:\/\/fotoklub.sk\/wp-content\/uploads\/2023\/07\/P2200415.jpg 1557w\" sizes=\"(max-width: 830px) 100vw, 830px\" \/><\/figure>\n\n\n\n<figure class=\"wp-block-image size-large\"><img decoding=\"async\" width=\"1024\" height=\"681\" src=\"https:\/\/fotoklub.sk\/wp-content\/uploads\/2023\/07\/P2200420-1024x681.jpg\" alt=\"\" class=\"wp-image-1002\" srcset=\"https:\/\/fotoklub.sk\/wp-content\/uploads\/2023\/07\/P2200420-1024x681.jpg 1024w, https:\/\/fotoklub.sk\/wp-content\/uploads\/2023\/07\/P2200420-300x200.jpg 300w, https:\/\/fotoklub.sk\/wp-content\/uploads\/2023\/07\/P2200420-768x511.jpg 768w, https:\/\/fotoklub.sk\/wp-content\/uploads\/2023\/07\/P2200420-1536x1022.jpg 1536w, https:\/\/fotoklub.sk\/wp-content\/uploads\/2023\/07\/P2200420.jpg 1920w\" sizes=\"(max-width: 1024px) 100vw, 1024px\" \/><\/figure>\n\n\n\n<figure class=\"wp-block-image size-large\"><img decoding=\"async\" width=\"1024\" height=\"867\" src=\"https:\/\/fotoklub.sk\/wp-content\/uploads\/2023\/07\/P2200424-1024x867.jpg\" alt=\"\" class=\"wp-image-1003\" srcset=\"https:\/\/fotoklub.sk\/wp-content\/uploads\/2023\/07\/P2200424-1024x867.jpg 1024w, https:\/\/fotoklub.sk\/wp-content\/uploads\/2023\/07\/P2200424-300x254.jpg 300w, https:\/\/fotoklub.sk\/wp-content\/uploads\/2023\/07\/P2200424-768x650.jpg 768w, https:\/\/fotoklub.sk\/wp-content\/uploads\/2023\/07\/P2200424-1536x1301.jpg 1536w, https:\/\/fotoklub.sk\/wp-content\/uploads\/2023\/07\/P2200424.jpg 1920w\" sizes=\"(max-width: 1024px) 100vw, 1024px\" \/><\/figure>\n\n\n\n<figure class=\"wp-block-image size-large\"><img decoding=\"async\" width=\"1024\" height=\"683\" src=\"https:\/\/fotoklub.sk\/wp-content\/uploads\/2023\/07\/P2200426-1024x683.jpg\" alt=\"\" class=\"wp-image-1004\" srcset=\"https:\/\/fotoklub.sk\/wp-content\/uploads\/2023\/07\/P2200426-1024x683.jpg 1024w, https:\/\/fotoklub.sk\/wp-content\/uploads\/2023\/07\/P2200426-300x200.jpg 300w, https:\/\/fotoklub.sk\/wp-content\/uploads\/2023\/07\/P2200426-768x512.jpg 768w, https:\/\/fotoklub.sk\/wp-content\/uploads\/2023\/07\/P2200426-1536x1024.jpg 1536w, https:\/\/fotoklub.sk\/wp-content\/uploads\/2023\/07\/P2200426.jpg 1920w\" sizes=\"(max-width: 1024px) 100vw, 1024px\" \/><\/figure>\n\n\n\n<figure class=\"wp-block-image size-large\"><img decoding=\"async\" width=\"1024\" height=\"683\" src=\"https:\/\/fotoklub.sk\/wp-content\/uploads\/2023\/07\/P2200441-1024x683.jpg\" alt=\"\" class=\"wp-image-1005\" srcset=\"https:\/\/fotoklub.sk\/wp-content\/uploads\/2023\/07\/P2200441-1024x683.jpg 1024w, https:\/\/fotoklub.sk\/wp-content\/uploads\/2023\/07\/P2200441-300x200.jpg 300w, https:\/\/fotoklub.sk\/wp-content\/uploads\/2023\/07\/P2200441-768x512.jpg 768w, https:\/\/fotoklub.sk\/wp-content\/uploads\/2023\/07\/P2200441-1536x1024.jpg 1536w, https:\/\/fotoklub.sk\/wp-content\/uploads\/2023\/07\/P2200441.jpg 1920w\" sizes=\"(max-width: 1024px) 100vw, 1024px\" \/><\/figure>\n\n\n\n<figure class=\"wp-block-image size-large\"><img decoding=\"async\" width=\"1024\" height=\"808\" src=\"https:\/\/fotoklub.sk\/wp-content\/uploads\/2023\/07\/P2200442-1024x808.jpg\" alt=\"\" class=\"wp-image-1006\" srcset=\"https:\/\/fotoklub.sk\/wp-content\/uploads\/2023\/07\/P2200442-1024x808.jpg 1024w, https:\/\/fotoklub.sk\/wp-content\/uploads\/2023\/07\/P2200442-300x237.jpg 300w, https:\/\/fotoklub.sk\/wp-content\/uploads\/2023\/07\/P2200442-768x606.jpg 768w, https:\/\/fotoklub.sk\/wp-content\/uploads\/2023\/07\/P2200442-1536x1212.jpg 1536w, https:\/\/fotoklub.sk\/wp-content\/uploads\/2023\/07\/P2200442.jpg 1920w\" sizes=\"(max-width: 1024px) 100vw, 1024px\" \/><\/figure>\n\n\n\n<figure class=\"wp-block-image size-large\"><img decoding=\"async\" width=\"1024\" height=\"768\" src=\"https:\/\/fotoklub.sk\/wp-content\/uploads\/2023\/07\/P1120453-1024x768.jpg\" alt=\"\" class=\"wp-image-1007\" srcset=\"https:\/\/fotoklub.sk\/wp-content\/uploads\/2023\/07\/P1120453-1024x768.jpg 1024w, https:\/\/fotoklub.sk\/wp-content\/uploads\/2023\/07\/P1120453-300x225.jpg 300w, https:\/\/fotoklub.sk\/wp-content\/uploads\/2023\/07\/P1120453-768x576.jpg 768w, https:\/\/fotoklub.sk\/wp-content\/uploads\/2023\/07\/P1120453-1536x1152.jpg 1536w, https:\/\/fotoklub.sk\/wp-content\/uploads\/2023\/07\/P1120453.jpg 1920w\" sizes=\"(max-width: 1024px) 100vw, 1024px\" \/><\/figure>\n\n\n\n<figure class=\"wp-block-image size-large\"><img decoding=\"async\" width=\"1024\" height=\"768\" src=\"https:\/\/fotoklub.sk\/wp-content\/uploads\/2023\/07\/P1120398-1024x768.jpg\" alt=\"\" class=\"wp-image-1008\" srcset=\"https:\/\/fotoklub.sk\/wp-content\/uploads\/2023\/07\/P1120398-1024x768.jpg 1024w, https:\/\/fotoklub.sk\/wp-content\/uploads\/2023\/07\/P1120398-300x225.jpg 300w, https:\/\/fotoklub.sk\/wp-content\/uploads\/2023\/07\/P1120398-768x576.jpg 768w, https:\/\/fotoklub.sk\/wp-content\/uploads\/2023\/07\/P1120398-1536x1152.jpg 1536w, https:\/\/fotoklub.sk\/wp-content\/uploads\/2023\/07\/P1120398.jpg 1920w\" sizes=\"(max-width: 1024px) 100vw, 1024px\" \/><\/figure>\n\n\n\n<figure class=\"wp-block-image size-large\"><img decoding=\"async\" width=\"1024\" height=\"768\" src=\"https:\/\/fotoklub.sk\/wp-content\/uploads\/2023\/07\/P1120459-1024x768.jpg\" alt=\"\" class=\"wp-image-1009\" srcset=\"https:\/\/fotoklub.sk\/wp-content\/uploads\/2023\/07\/P1120459-1024x768.jpg 1024w, https:\/\/fotoklub.sk\/wp-content\/uploads\/2023\/07\/P1120459-300x225.jpg 300w, https:\/\/fotoklub.sk\/wp-content\/uploads\/2023\/07\/P1120459-768x576.jpg 768w, https:\/\/fotoklub.sk\/wp-content\/uploads\/2023\/07\/P1120459-1536x1152.jpg 1536w, https:\/\/fotoklub.sk\/wp-content\/uploads\/2023\/07\/P1120459.jpg 1920w\" sizes=\"(max-width: 1024px) 100vw, 1024px\" \/><\/figure>\n","protected":false},"excerpt":{"rendered":"","protected":false},"author":7,"featured_media":0,"parent":0,"menu_order":0,"comment_status":"closed","ping_status":"closed","template":"","meta":{"footnotes":""},"class_list":["post-993","page","type-page","status-publish","hentry"],"yoast_head":"<!-- This site is optimized with the Yoast SEO plugin v27.4 - https:\/\/yoast.com\/product\/yoast-seo-wordpress\/ -->\n<title>RAW Fotoklubov\u00fd gu\u013e\u00e1\u0161 1. 7. 2023 Surex - Fotoklub RK 1924<\/title>\n<meta name=\"robots\" content=\"index, follow, max-snippet:-1, max-image-preview:large, max-video-preview:-1\" \/>\n<link rel=\"canonical\" href=\"https:\/\/fotoklub.sk\/?page_id=993\" \/>\n<meta property=\"og:locale\" content=\"sk_SK\" \/>\n<meta property=\"og:type\" content=\"article\" \/>\n<meta property=\"og:title\" content=\"RAW Fotoklubov\u00fd gu\u013e\u00e1\u0161 1. 7. 2023 Surex - Fotoklub RK 1924\" \/>\n<meta property=\"og:url\" content=\"https:\/\/fotoklub.sk\/?page_id=993\" \/>\n<meta property=\"og:site_name\" content=\"Fotoklub RK 1924\" \/>\n<meta property=\"og:image\" content=\"https:\/\/fotoklub.sk\/wp-content\/uploads\/2023\/07\/IMG_20230701_132735699_HDR.jpg\" \/>\n\t<meta property=\"og:image:width\" content=\"1920\" \/>\n\t<meta property=\"og:image:height\" content=\"1440\" \/>\n\t<meta property=\"og:image:type\" content=\"image\/jpeg\" \/>\n<meta name=\"twitter:card\" content=\"summary_large_image\" \/>\n<script type=\"application\/ld+json\" class=\"yoast-schema-graph\">{\"@context\":\"https:\\\/\\\/schema.org\",\"@graph\":[{\"@type\":\"WebPage\",\"@id\":\"https:\\\/\\\/fotoklub.sk\\\/?page_id=993\",\"url\":\"https:\\\/\\\/fotoklub.sk\\\/?page_id=993\",\"name\":\"RAW Fotoklubov\u00fd gu\u013e\u00e1\u0161 1. 7. 2023 Surex - Fotoklub RK 1924\",\"isPartOf\":{\"@id\":\"https:\\\/\\\/fotoklub.sk\\\/#website\"},\"primaryImageOfPage\":{\"@id\":\"https:\\\/\\\/fotoklub.sk\\\/?page_id=993#primaryimage\"},\"image\":{\"@id\":\"https:\\\/\\\/fotoklub.sk\\\/?page_id=993#primaryimage\"},\"thumbnailUrl\":\"https:\\\/\\\/fotoklub.sk\\\/wp-content\\\/uploads\\\/2023\\\/07\\\/IMG_20230701_132735699_HDR-1024x768.jpg\",\"datePublished\":\"2023-07-04T18:39:54+00:00\",\"breadcrumb\":{\"@id\":\"https:\\\/\\\/fotoklub.sk\\\/?page_id=993#breadcrumb\"},\"inLanguage\":\"sk-SK\",\"potentialAction\":[{\"@type\":\"ReadAction\",\"target\":[\"https:\\\/\\\/fotoklub.sk\\\/?page_id=993\"]}]},{\"@type\":\"ImageObject\",\"inLanguage\":\"sk-SK\",\"@id\":\"https:\\\/\\\/fotoklub.sk\\\/?page_id=993#primaryimage\",\"url\":\"https:\\\/\\\/fotoklub.sk\\\/wp-content\\\/uploads\\\/2023\\\/07\\\/IMG_20230701_132735699_HDR.jpg\",\"contentUrl\":\"https:\\\/\\\/fotoklub.sk\\\/wp-content\\\/uploads\\\/2023\\\/07\\\/IMG_20230701_132735699_HDR.jpg\",\"width\":1920,\"height\":1440},{\"@type\":\"BreadcrumbList\",\"@id\":\"https:\\\/\\\/fotoklub.sk\\\/?page_id=993#breadcrumb\",\"itemListElement\":[{\"@type\":\"ListItem\",\"position\":1,\"name\":\"Domov\",\"item\":\"https:\\\/\\\/fotoklub.sk\\\/\"},{\"@type\":\"ListItem\",\"position\":2,\"name\":\"RAW Fotoklubov\u00fd gu\u013e\u00e1\u0161 1. 7. 2023 Surex\"}]},{\"@type\":\"WebSite\",\"@id\":\"https:\\\/\\\/fotoklub.sk\\\/#website\",\"url\":\"https:\\\/\\\/fotoklub.sk\\\/\",\"name\":\"Fotoklub RK 1924\",\"description\":\"1924 \u2013 2024 | 100 rokov nepretr\u017eitej existencie Fotoklubu\",\"publisher\":{\"@id\":\"https:\\\/\\\/fotoklub.sk\\\/#organization\"},\"alternateName\":\"Fotoklub Ru\u017eomberok\",\"potentialAction\":[{\"@type\":\"SearchAction\",\"target\":{\"@type\":\"EntryPoint\",\"urlTemplate\":\"https:\\\/\\\/fotoklub.sk\\\/?s={search_term_string}\"},\"query-input\":{\"@type\":\"PropertyValueSpecification\",\"valueRequired\":true,\"valueName\":\"search_term_string\"}}],\"inLanguage\":\"sk-SK\"},{\"@type\":\"Organization\",\"@id\":\"https:\\\/\\\/fotoklub.sk\\\/#organization\",\"name\":\"Fotoklub Ru\u017eomberok\",\"alternateName\":\"Ru\u017eombersk\u00fd fotoklub\",\"url\":\"https:\\\/\\\/fotoklub.sk\\\/\",\"logo\":{\"@type\":\"ImageObject\",\"inLanguage\":\"sk-SK\",\"@id\":\"https:\\\/\\\/fotoklub.sk\\\/#\\\/schema\\\/logo\\\/image\\\/\",\"url\":\"https:\\\/\\\/fotoklub.sk\\\/wp-content\\\/uploads\\\/2025\\\/02\\\/Logo_new.png\",\"contentUrl\":\"https:\\\/\\\/fotoklub.sk\\\/wp-content\\\/uploads\\\/2025\\\/02\\\/Logo_new.png\",\"width\":100,\"height\":98,\"caption\":\"Fotoklub Ru\u017eomberok\"},\"image\":{\"@id\":\"https:\\\/\\\/fotoklub.sk\\\/#\\\/schema\\\/logo\\\/image\\\/\"}}]}<\/script>\n<!-- \/ Yoast SEO plugin. -->","yoast_head_json":{"title":"RAW Fotoklubov\u00fd gu\u013e\u00e1\u0161 1. 7. 2023 Surex - Fotoklub RK 1924","robots":{"index":"index","follow":"follow","max-snippet":"max-snippet:-1","max-image-preview":"max-image-preview:large","max-video-preview":"max-video-preview:-1"},"canonical":"https:\/\/fotoklub.sk\/?page_id=993","og_locale":"sk_SK","og_type":"article","og_title":"RAW Fotoklubov\u00fd gu\u013e\u00e1\u0161 1. 7. 2023 Surex - Fotoklub RK 1924","og_url":"https:\/\/fotoklub.sk\/?page_id=993","og_site_name":"Fotoklub RK 1924","og_image":[{"width":1920,"height":1440,"url":"https:\/\/fotoklub.sk\/wp-content\/uploads\/2023\/07\/IMG_20230701_132735699_HDR.jpg","type":"image\/jpeg"}],"twitter_card":"summary_large_image","schema":{"@context":"https:\/\/schema.org","@graph":[{"@type":"WebPage","@id":"https:\/\/fotoklub.sk\/?page_id=993","url":"https:\/\/fotoklub.sk\/?page_id=993","name":"RAW Fotoklubov\u00fd gu\u013e\u00e1\u0161 1. 7. 2023 Surex - Fotoklub RK 1924","isPartOf":{"@id":"https:\/\/fotoklub.sk\/#website"},"primaryImageOfPage":{"@id":"https:\/\/fotoklub.sk\/?page_id=993#primaryimage"},"image":{"@id":"https:\/\/fotoklub.sk\/?page_id=993#primaryimage"},"thumbnailUrl":"https:\/\/fotoklub.sk\/wp-content\/uploads\/2023\/07\/IMG_20230701_132735699_HDR-1024x768.jpg","datePublished":"2023-07-04T18:39:54+00:00","breadcrumb":{"@id":"https:\/\/fotoklub.sk\/?page_id=993#breadcrumb"},"inLanguage":"sk-SK","potentialAction":[{"@type":"ReadAction","target":["https:\/\/fotoklub.sk\/?page_id=993"]}]},{"@type":"ImageObject","inLanguage":"sk-SK","@id":"https:\/\/fotoklub.sk\/?page_id=993#primaryimage","url":"https:\/\/fotoklub.sk\/wp-content\/uploads\/2023\/07\/IMG_20230701_132735699_HDR.jpg","contentUrl":"https:\/\/fotoklub.sk\/wp-content\/uploads\/2023\/07\/IMG_20230701_132735699_HDR.jpg","width":1920,"height":1440},{"@type":"BreadcrumbList","@id":"https:\/\/fotoklub.sk\/?page_id=993#breadcrumb","itemListElement":[{"@type":"ListItem","position":1,"name":"Domov","item":"https:\/\/fotoklub.sk\/"},{"@type":"ListItem","position":2,"name":"RAW Fotoklubov\u00fd gu\u013e\u00e1\u0161 1. 7. 2023 Surex"}]},{"@type":"WebSite","@id":"https:\/\/fotoklub.sk\/#website","url":"https:\/\/fotoklub.sk\/","name":"Fotoklub RK 1924","description":"1924 \u2013 2024 | 100 rokov nepretr\u017eitej existencie Fotoklubu","publisher":{"@id":"https:\/\/fotoklub.sk\/#organization"},"alternateName":"Fotoklub Ru\u017eomberok","potentialAction":[{"@type":"SearchAction","target":{"@type":"EntryPoint","urlTemplate":"https:\/\/fotoklub.sk\/?s={search_term_string}"},"query-input":{"@type":"PropertyValueSpecification","valueRequired":true,"valueName":"search_term_string"}}],"inLanguage":"sk-SK"},{"@type":"Organization","@id":"https:\/\/fotoklub.sk\/#organization","name":"Fotoklub Ru\u017eomberok","alternateName":"Ru\u017eombersk\u00fd fotoklub","url":"https:\/\/fotoklub.sk\/","logo":{"@type":"ImageObject","inLanguage":"sk-SK","@id":"https:\/\/fotoklub.sk\/#\/schema\/logo\/image\/","url":"https:\/\/fotoklub.sk\/wp-content\/uploads\/2025\/02\/Logo_new.png","contentUrl":"https:\/\/fotoklub.sk\/wp-content\/uploads\/2025\/02\/Logo_new.png","width":100,"height":98,"caption":"Fotoklub Ru\u017eomberok"},"image":{"@id":"https:\/\/fotoklub.sk\/#\/schema\/logo\/image\/"}}]}},"jetpack_sharing_enabled":true,"_links":{"self":[{"href":"https:\/\/fotoklub.sk\/index.php?rest_route=\/wp\/v2\/pages\/993","targetHints":{"allow":["GET"]}}],"collection":[{"href":"https:\/\/fotoklub.sk\/index.php?rest_route=\/wp\/v2\/pages"}],"about":[{"href":"https:\/\/fotoklub.sk\/index.php?rest_route=\/wp\/v2\/types\/page"}],"author":[{"embeddable":true,"href":"https:\/\/fotoklub.sk\/index.php?rest_route=\/wp\/v2\/users\/7"}],"replies":[{"embeddable":true,"href":"https:\/\/fotoklub.sk\/index.php?rest_route=%2Fwp%2Fv2%2Fcomments&post=993"}],"version-history":[{"count":1,"href":"https:\/\/fotoklub.sk\/index.php?rest_route=\/wp\/v2\/pages\/993\/revisions"}],"predecessor-version":[{"id":1010,"href":"https:\/\/fotoklub.sk\/index.php?rest_route=\/wp\/v2\/pages\/993\/revisions\/1010"}],"wp:attachment":[{"href":"https:\/\/fotoklub.sk\/index.php?rest_route=%2Fwp%2Fv2%2Fmedia&parent=993"}],"curies":[{"name":"wp","href":"https:\/\/api.w.org\/{rel}","templated":true}]}}