{"id":93,"date":"2021-12-06T17:45:53","date_gmt":"2021-12-06T16:45:53","guid":{"rendered":"https:\/\/fotoklub.sk\/?page_id=93"},"modified":"2023-01-27T16:06:48","modified_gmt":"2023-01-27T15:06:48","slug":"anton-vavrinak","status":"publish","type":"page","link":"https:\/\/fotoklub.sk\/?page_id=93","title":{"rendered":"Anton Vavri\u0148\u00e1k"},"content":{"rendered":"\n<p>Naroden\u00fd 1966.<\/p>\n\n\n\n<p>S fotografiou za\u010d\u00ednal na z\u00e1kladnej \u0161kole pri otcovi ktor\u00e9ho pozoroval ako sa rob\u00ed \u010diernobiela fotografia. Jeho prv\u00fd fotoapar\u00e1t bol Smena 8 ktor\u00fd som mal od otca. Nesk\u00f4r si k\u00fapil Prakticu super TL. Potom to bola Praktica MTL5,<br>Pentax K1000. Fotil som akcie(svadby, pr\u00edjmania, oslavy) ako s\u00fakromn\u00e9 podnikanie popri zamestnan\u00ed. Pracoval aj ako fotolaborant ( 1994-2002) v s\u00fakromnej firme, a\u017e k\u00fdm nepri\u0161la digit\u00e1lna fotografia. Jeho prv\u00fd digit\u00e1lny fotoapar\u00e1t bol Olympus SP 510. Ned\u00e1vno si si k\u00fapil digit\u00e1lnu zrkadlovku Nikon D 90.<br>V j\u00fani 2009 sa sa stal \u010dlenom Fotoklubu pri Liptovskom m\u00fazeu v Ru\u017eomberku.<\/p>\n\n\n\n<p><\/p>\n","protected":false},"excerpt":{"rendered":"<p>Naroden\u00fd 1966. S fotografiou za\u010d\u00ednal na z\u00e1kladnej \u0161kole pri otcovi ktor\u00e9ho pozoroval ako sa rob\u00ed \u010diernobiela fotografia. Jeho prv\u00fd fotoapar\u00e1t bol Smena 8 ktor\u00fd som mal od otca. Nesk\u00f4r si k\u00fapil Prakticu super TL. Potom to bola Praktica MTL5,Pentax K1000. Fotil som akcie(svadby, pr\u00edjmania, oslavy) ako s\u00fakromn\u00e9 podnikanie popri zamestnan\u00ed. Pracoval aj ako fotolaborant ( &hellip;<br \/><a href=\"https:\/\/fotoklub.sk\/?page_id=93\" class=\"more-link pen_button pen_element_default pen_icon_arrow_double\">\u010c\u00edta\u0165 \u010falej <span class=\"screen-reader-text\">Anton Vavri\u0148\u00e1k<\/span><\/a><\/p>\n","protected":false},"author":2,"featured_media":94,"parent":0,"menu_order":0,"comment_status":"closed","ping_status":"closed","template":"","meta":{"footnotes":""},"class_list":["post-93","page","type-page","status-publish","has-post-thumbnail","hentry"],"yoast_head":"<!-- This site is optimized with the Yoast SEO plugin v27.4 - https:\/\/yoast.com\/product\/yoast-seo-wordpress\/ -->\n<title>Anton Vavri\u0148\u00e1k - Fotoklub RK 1924<\/title>\n<meta name=\"robots\" content=\"index, follow, max-snippet:-1, max-image-preview:large, max-video-preview:-1\" \/>\n<link rel=\"canonical\" href=\"https:\/\/fotoklub.sk\/?page_id=93\" \/>\n<meta property=\"og:locale\" content=\"sk_SK\" \/>\n<meta property=\"og:type\" content=\"article\" \/>\n<meta property=\"og:title\" content=\"Anton Vavri\u0148\u00e1k - Fotoklub RK 1924\" \/>\n<meta property=\"og:description\" content=\"Naroden\u00fd 1966. S fotografiou za\u010d\u00ednal na z\u00e1kladnej \u0161kole pri otcovi ktor\u00e9ho pozoroval ako sa rob\u00ed \u010diernobiela fotografia. Jeho prv\u00fd fotoapar\u00e1t bol Smena 8 ktor\u00fd som mal od otca. Nesk\u00f4r si k\u00fapil Prakticu super TL. Potom to bola Praktica MTL5,Pentax K1000. Fotil som akcie(svadby, pr\u00edjmania, oslavy) ako s\u00fakromn\u00e9 podnikanie popri zamestnan\u00ed. Pracoval aj ako fotolaborant ( &hellip;\u010c\u00edta\u0165 \u010falej Anton Vavri\u0148\u00e1k\" \/>\n<meta property=\"og:url\" content=\"https:\/\/fotoklub.sk\/?page_id=93\" \/>\n<meta property=\"og:site_name\" content=\"Fotoklub RK 1924\" \/>\n<meta property=\"article:modified_time\" content=\"2023-01-27T15:06:48+00:00\" \/>\n<meta property=\"og:image\" content=\"https:\/\/fotoklub.sk\/wp-content\/uploads\/2021\/12\/Vavrinak.jpg\" \/>\n\t<meta property=\"og:image:width\" content=\"150\" \/>\n\t<meta property=\"og:image:height\" content=\"185\" \/>\n\t<meta property=\"og:image:type\" content=\"image\/jpeg\" \/>\n<meta name=\"twitter:card\" content=\"summary_large_image\" \/>\n<meta name=\"twitter:label1\" content=\"Predpokladan\u00fd \u010das \u010d\u00edtania\" \/>\n\t<meta name=\"twitter:data1\" content=\"1 min\u00fata\" \/>\n<script type=\"application\/ld+json\" class=\"yoast-schema-graph\">{\"@context\":\"https:\\\/\\\/schema.org\",\"@graph\":[{\"@type\":\"WebPage\",\"@id\":\"https:\\\/\\\/fotoklub.sk\\\/?page_id=93\",\"url\":\"https:\\\/\\\/fotoklub.sk\\\/?page_id=93\",\"name\":\"Anton Vavri\u0148\u00e1k - Fotoklub RK 1924\",\"isPartOf\":{\"@id\":\"https:\\\/\\\/fotoklub.sk\\\/#website\"},\"primaryImageOfPage\":{\"@id\":\"https:\\\/\\\/fotoklub.sk\\\/?page_id=93#primaryimage\"},\"image\":{\"@id\":\"https:\\\/\\\/fotoklub.sk\\\/?page_id=93#primaryimage\"},\"thumbnailUrl\":\"https:\\\/\\\/fotoklub.sk\\\/wp-content\\\/uploads\\\/2021\\\/12\\\/Vavrinak.jpg\",\"datePublished\":\"2021-12-06T16:45:53+00:00\",\"dateModified\":\"2023-01-27T15:06:48+00:00\",\"breadcrumb\":{\"@id\":\"https:\\\/\\\/fotoklub.sk\\\/?page_id=93#breadcrumb\"},\"inLanguage\":\"sk-SK\",\"potentialAction\":[{\"@type\":\"ReadAction\",\"target\":[\"https:\\\/\\\/fotoklub.sk\\\/?page_id=93\"]}]},{\"@type\":\"ImageObject\",\"inLanguage\":\"sk-SK\",\"@id\":\"https:\\\/\\\/fotoklub.sk\\\/?page_id=93#primaryimage\",\"url\":\"https:\\\/\\\/fotoklub.sk\\\/wp-content\\\/uploads\\\/2021\\\/12\\\/Vavrinak.jpg\",\"contentUrl\":\"https:\\\/\\\/fotoklub.sk\\\/wp-content\\\/uploads\\\/2021\\\/12\\\/Vavrinak.jpg\",\"width\":150,\"height\":185},{\"@type\":\"BreadcrumbList\",\"@id\":\"https:\\\/\\\/fotoklub.sk\\\/?page_id=93#breadcrumb\",\"itemListElement\":[{\"@type\":\"ListItem\",\"position\":1,\"name\":\"Domov\",\"item\":\"https:\\\/\\\/fotoklub.sk\\\/\"},{\"@type\":\"ListItem\",\"position\":2,\"name\":\"Anton Vavri\u0148\u00e1k\"}]},{\"@type\":\"WebSite\",\"@id\":\"https:\\\/\\\/fotoklub.sk\\\/#website\",\"url\":\"https:\\\/\\\/fotoklub.sk\\\/\",\"name\":\"Fotoklub RK 1924\",\"description\":\"1924 \u2013 2024 | 100 rokov nepretr\u017eitej existencie Fotoklubu\",\"publisher\":{\"@id\":\"https:\\\/\\\/fotoklub.sk\\\/#organization\"},\"alternateName\":\"Fotoklub Ru\u017eomberok\",\"potentialAction\":[{\"@type\":\"SearchAction\",\"target\":{\"@type\":\"EntryPoint\",\"urlTemplate\":\"https:\\\/\\\/fotoklub.sk\\\/?s={search_term_string}\"},\"query-input\":{\"@type\":\"PropertyValueSpecification\",\"valueRequired\":true,\"valueName\":\"search_term_string\"}}],\"inLanguage\":\"sk-SK\"},{\"@type\":\"Organization\",\"@id\":\"https:\\\/\\\/fotoklub.sk\\\/#organization\",\"name\":\"Fotoklub Ru\u017eomberok\",\"alternateName\":\"Ru\u017eombersk\u00fd fotoklub\",\"url\":\"https:\\\/\\\/fotoklub.sk\\\/\",\"logo\":{\"@type\":\"ImageObject\",\"inLanguage\":\"sk-SK\",\"@id\":\"https:\\\/\\\/fotoklub.sk\\\/#\\\/schema\\\/logo\\\/image\\\/\",\"url\":\"https:\\\/\\\/fotoklub.sk\\\/wp-content\\\/uploads\\\/2025\\\/02\\\/Logo_new.png\",\"contentUrl\":\"https:\\\/\\\/fotoklub.sk\\\/wp-content\\\/uploads\\\/2025\\\/02\\\/Logo_new.png\",\"width\":100,\"height\":98,\"caption\":\"Fotoklub Ru\u017eomberok\"},\"image\":{\"@id\":\"https:\\\/\\\/fotoklub.sk\\\/#\\\/schema\\\/logo\\\/image\\\/\"}}]}<\/script>\n<!-- \/ Yoast SEO plugin. -->","yoast_head_json":{"title":"Anton Vavri\u0148\u00e1k - Fotoklub RK 1924","robots":{"index":"index","follow":"follow","max-snippet":"max-snippet:-1","max-image-preview":"max-image-preview:large","max-video-preview":"max-video-preview:-1"},"canonical":"https:\/\/fotoklub.sk\/?page_id=93","og_locale":"sk_SK","og_type":"article","og_title":"Anton Vavri\u0148\u00e1k - Fotoklub RK 1924","og_description":"Naroden\u00fd 1966. S fotografiou za\u010d\u00ednal na z\u00e1kladnej \u0161kole pri otcovi ktor\u00e9ho pozoroval ako sa rob\u00ed \u010diernobiela fotografia. Jeho prv\u00fd fotoapar\u00e1t bol Smena 8 ktor\u00fd som mal od otca. Nesk\u00f4r si k\u00fapil Prakticu super TL. Potom to bola Praktica MTL5,Pentax K1000. Fotil som akcie(svadby, pr\u00edjmania, oslavy) ako s\u00fakromn\u00e9 podnikanie popri zamestnan\u00ed. Pracoval aj ako fotolaborant ( &hellip;\u010c\u00edta\u0165 \u010falej Anton Vavri\u0148\u00e1k","og_url":"https:\/\/fotoklub.sk\/?page_id=93","og_site_name":"Fotoklub RK 1924","article_modified_time":"2023-01-27T15:06:48+00:00","og_image":[{"width":150,"height":185,"url":"https:\/\/fotoklub.sk\/wp-content\/uploads\/2021\/12\/Vavrinak.jpg","type":"image\/jpeg"}],"twitter_card":"summary_large_image","twitter_misc":{"Predpokladan\u00fd \u010das \u010d\u00edtania":"1 min\u00fata"},"schema":{"@context":"https:\/\/schema.org","@graph":[{"@type":"WebPage","@id":"https:\/\/fotoklub.sk\/?page_id=93","url":"https:\/\/fotoklub.sk\/?page_id=93","name":"Anton Vavri\u0148\u00e1k - Fotoklub RK 1924","isPartOf":{"@id":"https:\/\/fotoklub.sk\/#website"},"primaryImageOfPage":{"@id":"https:\/\/fotoklub.sk\/?page_id=93#primaryimage"},"image":{"@id":"https:\/\/fotoklub.sk\/?page_id=93#primaryimage"},"thumbnailUrl":"https:\/\/fotoklub.sk\/wp-content\/uploads\/2021\/12\/Vavrinak.jpg","datePublished":"2021-12-06T16:45:53+00:00","dateModified":"2023-01-27T15:06:48+00:00","breadcrumb":{"@id":"https:\/\/fotoklub.sk\/?page_id=93#breadcrumb"},"inLanguage":"sk-SK","potentialAction":[{"@type":"ReadAction","target":["https:\/\/fotoklub.sk\/?page_id=93"]}]},{"@type":"ImageObject","inLanguage":"sk-SK","@id":"https:\/\/fotoklub.sk\/?page_id=93#primaryimage","url":"https:\/\/fotoklub.sk\/wp-content\/uploads\/2021\/12\/Vavrinak.jpg","contentUrl":"https:\/\/fotoklub.sk\/wp-content\/uploads\/2021\/12\/Vavrinak.jpg","width":150,"height":185},{"@type":"BreadcrumbList","@id":"https:\/\/fotoklub.sk\/?page_id=93#breadcrumb","itemListElement":[{"@type":"ListItem","position":1,"name":"Domov","item":"https:\/\/fotoklub.sk\/"},{"@type":"ListItem","position":2,"name":"Anton Vavri\u0148\u00e1k"}]},{"@type":"WebSite","@id":"https:\/\/fotoklub.sk\/#website","url":"https:\/\/fotoklub.sk\/","name":"Fotoklub RK 1924","description":"1924 \u2013 2024 | 100 rokov nepretr\u017eitej existencie Fotoklubu","publisher":{"@id":"https:\/\/fotoklub.sk\/#organization"},"alternateName":"Fotoklub Ru\u017eomberok","potentialAction":[{"@type":"SearchAction","target":{"@type":"EntryPoint","urlTemplate":"https:\/\/fotoklub.sk\/?s={search_term_string}"},"query-input":{"@type":"PropertyValueSpecification","valueRequired":true,"valueName":"search_term_string"}}],"inLanguage":"sk-SK"},{"@type":"Organization","@id":"https:\/\/fotoklub.sk\/#organization","name":"Fotoklub Ru\u017eomberok","alternateName":"Ru\u017eombersk\u00fd fotoklub","url":"https:\/\/fotoklub.sk\/","logo":{"@type":"ImageObject","inLanguage":"sk-SK","@id":"https:\/\/fotoklub.sk\/#\/schema\/logo\/image\/","url":"https:\/\/fotoklub.sk\/wp-content\/uploads\/2025\/02\/Logo_new.png","contentUrl":"https:\/\/fotoklub.sk\/wp-content\/uploads\/2025\/02\/Logo_new.png","width":100,"height":98,"caption":"Fotoklub Ru\u017eomberok"},"image":{"@id":"https:\/\/fotoklub.sk\/#\/schema\/logo\/image\/"}}]}},"jetpack_sharing_enabled":true,"_links":{"self":[{"href":"https:\/\/fotoklub.sk\/index.php?rest_route=\/wp\/v2\/pages\/93","targetHints":{"allow":["GET"]}}],"collection":[{"href":"https:\/\/fotoklub.sk\/index.php?rest_route=\/wp\/v2\/pages"}],"about":[{"href":"https:\/\/fotoklub.sk\/index.php?rest_route=\/wp\/v2\/types\/page"}],"author":[{"embeddable":true,"href":"https:\/\/fotoklub.sk\/index.php?rest_route=\/wp\/v2\/users\/2"}],"replies":[{"embeddable":true,"href":"https:\/\/fotoklub.sk\/index.php?rest_route=%2Fwp%2Fv2%2Fcomments&post=93"}],"version-history":[{"count":3,"href":"https:\/\/fotoklub.sk\/index.php?rest_route=\/wp\/v2\/pages\/93\/revisions"}],"predecessor-version":[{"id":850,"href":"https:\/\/fotoklub.sk\/index.php?rest_route=\/wp\/v2\/pages\/93\/revisions\/850"}],"wp:featuredmedia":[{"embeddable":true,"href":"https:\/\/fotoklub.sk\/index.php?rest_route=\/wp\/v2\/media\/94"}],"wp:attachment":[{"href":"https:\/\/fotoklub.sk\/index.php?rest_route=%2Fwp%2Fv2%2Fmedia&parent=93"}],"curies":[{"name":"wp","href":"https:\/\/api.w.org\/{rel}","templated":true}]}}