{"id":760,"date":"2023-01-03T20:59:33","date_gmt":"2023-01-03T19:59:33","guid":{"rendered":"https:\/\/fotoklub.sk\/?page_id=760"},"modified":"2023-01-05T19:13:21","modified_gmt":"2023-01-05T18:13:21","slug":"petzvalov-mapovy-okruh-fotoklubov-2023","status":"publish","type":"page","link":"https:\/\/fotoklub.sk\/?page_id=760","title":{"rendered":"Petzvalov mapov\u00fd okruh fotoklubov 2023"},"content":{"rendered":"\n<p>Fotografie XXIX. ro\u010dn\u00edka<\/p>\n\n\n\n<p><\/p>\n\n\n\n<figure class=\"wp-block-image size-large is-resized\"><img decoding=\"async\" src=\"https:\/\/fotoklub.sk\/wp-content\/uploads\/2023\/01\/malt-7502-1024x680.jpg\" alt=\"\" class=\"wp-image-769\" width=\"1024\" height=\"680\" srcset=\"https:\/\/fotoklub.sk\/wp-content\/uploads\/2023\/01\/malt-7502-1024x680.jpg 1024w, https:\/\/fotoklub.sk\/wp-content\/uploads\/2023\/01\/malt-7502-300x199.jpg 300w, https:\/\/fotoklub.sk\/wp-content\/uploads\/2023\/01\/malt-7502-768x510.jpg 768w, https:\/\/fotoklub.sk\/wp-content\/uploads\/2023\/01\/malt-7502-1536x1020.jpg 1536w, https:\/\/fotoklub.sk\/wp-content\/uploads\/2023\/01\/malt-7502.jpg 1920w\" sizes=\"(max-width: 1024px) 100vw, 1024px\" \/><figcaption>1_Anna_Tom\u010dikov\u00e1_Vo\u013ene miesto<\/figcaption><\/figure>\n\n\n\n<figure class=\"wp-block-image size-large\"><img decoding=\"async\" width=\"1024\" height=\"683\" src=\"https:\/\/fotoklub.sk\/wp-content\/uploads\/2023\/01\/PHOS-20180821-0016-1024x683.jpg\" alt=\"\" class=\"wp-image-770\" srcset=\"https:\/\/fotoklub.sk\/wp-content\/uploads\/2023\/01\/PHOS-20180821-0016-1024x683.jpg 1024w, https:\/\/fotoklub.sk\/wp-content\/uploads\/2023\/01\/PHOS-20180821-0016-300x200.jpg 300w, https:\/\/fotoklub.sk\/wp-content\/uploads\/2023\/01\/PHOS-20180821-0016-768x512.jpg 768w, https:\/\/fotoklub.sk\/wp-content\/uploads\/2023\/01\/PHOS-20180821-0016-1536x1024.jpg 1536w, https:\/\/fotoklub.sk\/wp-content\/uploads\/2023\/01\/PHOS-20180821-0016.jpg 1920w\" sizes=\"(max-width: 1024px) 100vw, 1024px\" \/><figcaption>2_Philipp_Oscity_Rainbow_over_Zion_National_Park<\/figcaption><\/figure>\n\n\n\n<figure class=\"wp-block-image size-large\"><img decoding=\"async\" width=\"1024\" height=\"799\" src=\"https:\/\/fotoklub.sk\/wp-content\/uploads\/2023\/01\/bez-pana-a-bez-domova-1024x799.jpg\" alt=\"\" class=\"wp-image-771\" srcset=\"https:\/\/fotoklub.sk\/wp-content\/uploads\/2023\/01\/bez-pana-a-bez-domova-1024x799.jpg 1024w, https:\/\/fotoklub.sk\/wp-content\/uploads\/2023\/01\/bez-pana-a-bez-domova-300x234.jpg 300w, https:\/\/fotoklub.sk\/wp-content\/uploads\/2023\/01\/bez-pana-a-bez-domova-768x599.jpg 768w, https:\/\/fotoklub.sk\/wp-content\/uploads\/2023\/01\/bez-pana-a-bez-domova-1536x1198.jpg 1536w, https:\/\/fotoklub.sk\/wp-content\/uploads\/2023\/01\/bez-pana-a-bez-domova.jpg 1920w\" sizes=\"(max-width: 1024px) 100vw, 1024px\" \/><figcaption>3_Jirko_Salzmann_Bez_p\u00e1na_a_bez_domova<\/figcaption><\/figure>\n\n\n\n<figure class=\"wp-block-image size-large\"><img decoding=\"async\" width=\"768\" height=\"1024\" src=\"https:\/\/fotoklub.sk\/wp-content\/uploads\/2023\/01\/detail-768x1024.jpg\" alt=\"\" class=\"wp-image-772\" srcset=\"https:\/\/fotoklub.sk\/wp-content\/uploads\/2023\/01\/detail-768x1024.jpg 768w, https:\/\/fotoklub.sk\/wp-content\/uploads\/2023\/01\/detail-225x300.jpg 225w, https:\/\/fotoklub.sk\/wp-content\/uploads\/2023\/01\/detail-1152x1536.jpg 1152w, https:\/\/fotoklub.sk\/wp-content\/uploads\/2023\/01\/detail.jpg 1440w\" sizes=\"(max-width: 768px) 100vw, 768px\" \/><figcaption>4_Jirko_Salzmann_Detail<\/figcaption><\/figure>\n\n\n\n<figure class=\"wp-block-image size-large\"><img decoding=\"async\" width=\"1024\" height=\"683\" src=\"https:\/\/fotoklub.sk\/wp-content\/uploads\/2023\/01\/Executioner-1024x683.jpg\" alt=\"\" class=\"wp-image-773\" srcset=\"https:\/\/fotoklub.sk\/wp-content\/uploads\/2023\/01\/Executioner-1024x683.jpg 1024w, https:\/\/fotoklub.sk\/wp-content\/uploads\/2023\/01\/Executioner-300x200.jpg 300w, https:\/\/fotoklub.sk\/wp-content\/uploads\/2023\/01\/Executioner-768x512.jpg 768w, https:\/\/fotoklub.sk\/wp-content\/uploads\/2023\/01\/Executioner-1536x1025.jpg 1536w, https:\/\/fotoklub.sk\/wp-content\/uploads\/2023\/01\/Executioner.jpg 1920w\" sizes=\"(max-width: 1024px) 100vw, 1024px\" \/><figcaption>5_Slavom\u00edr_Klimkovsk\u00fd_Executioner<\/figcaption><\/figure>\n\n\n\n<figure class=\"wp-block-image size-large\"><img decoding=\"async\" width=\"1024\" height=\"1024\" src=\"https:\/\/fotoklub.sk\/wp-content\/uploads\/2023\/01\/DSC06320-1024x1024.jpg\" alt=\"\" class=\"wp-image-774\" srcset=\"https:\/\/fotoklub.sk\/wp-content\/uploads\/2023\/01\/DSC06320-1024x1024.jpg 1024w, https:\/\/fotoklub.sk\/wp-content\/uploads\/2023\/01\/DSC06320-300x300.jpg 300w, https:\/\/fotoklub.sk\/wp-content\/uploads\/2023\/01\/DSC06320-150x150.jpg 150w, https:\/\/fotoklub.sk\/wp-content\/uploads\/2023\/01\/DSC06320-768x768.jpg 768w, https:\/\/fotoklub.sk\/wp-content\/uploads\/2023\/01\/DSC06320-1536x1536.jpg 1536w, https:\/\/fotoklub.sk\/wp-content\/uploads\/2023\/01\/DSC06320-225x225.jpg 225w, https:\/\/fotoklub.sk\/wp-content\/uploads\/2023\/01\/DSC06320.jpg 1920w\" sizes=\"(max-width: 1024px) 100vw, 1024px\" \/><figcaption>6_Tom\u00e1\u0161_Mlyn\u00e1rik_Dvojit\u00e9_objatie<\/figcaption><\/figure>\n\n\n\n<figure class=\"wp-block-image size-large\"><img decoding=\"async\" width=\"1024\" height=\"1024\" src=\"https:\/\/fotoklub.sk\/wp-content\/uploads\/2023\/01\/ToMl2-1024x1024.jpg\" alt=\"\" class=\"wp-image-775\" srcset=\"https:\/\/fotoklub.sk\/wp-content\/uploads\/2023\/01\/ToMl2-1024x1024.jpg 1024w, https:\/\/fotoklub.sk\/wp-content\/uploads\/2023\/01\/ToMl2-300x300.jpg 300w, https:\/\/fotoklub.sk\/wp-content\/uploads\/2023\/01\/ToMl2-150x150.jpg 150w, https:\/\/fotoklub.sk\/wp-content\/uploads\/2023\/01\/ToMl2-768x768.jpg 768w, https:\/\/fotoklub.sk\/wp-content\/uploads\/2023\/01\/ToMl2-1536x1536.jpg 1536w, https:\/\/fotoklub.sk\/wp-content\/uploads\/2023\/01\/ToMl2-225x225.jpg 225w, https:\/\/fotoklub.sk\/wp-content\/uploads\/2023\/01\/ToMl2.jpg 1920w\" sizes=\"(max-width: 1024px) 100vw, 1024px\" \/><figcaption>7_Tom\u00e1\u0161_Mlyn\u00e1rik_Zamyslen\u00e1<\/figcaption><\/figure>\n\n\n\n<figure class=\"wp-block-image size-large\"><img decoding=\"async\" width=\"1024\" height=\"684\" src=\"https:\/\/fotoklub.sk\/wp-content\/uploads\/2023\/01\/JaMo_01_Labut-1-1024x684.jpg\" alt=\"\" class=\"wp-image-777\" srcset=\"https:\/\/fotoklub.sk\/wp-content\/uploads\/2023\/01\/JaMo_01_Labut-1-1024x684.jpg 1024w, https:\/\/fotoklub.sk\/wp-content\/uploads\/2023\/01\/JaMo_01_Labut-1-300x200.jpg 300w, https:\/\/fotoklub.sk\/wp-content\/uploads\/2023\/01\/JaMo_01_Labut-1-768x513.jpg 768w, https:\/\/fotoklub.sk\/wp-content\/uploads\/2023\/01\/JaMo_01_Labut-1-1536x1025.jpg 1536w, https:\/\/fotoklub.sk\/wp-content\/uploads\/2023\/01\/JaMo_01_Labut-1.jpg 2000w\" sizes=\"(max-width: 1024px) 100vw, 1024px\" \/><figcaption>8_Jaroslav_Morav\u010d\u00edk_Labu\u0165<\/figcaption><\/figure>\n\n\n\n<figure class=\"wp-block-image size-large\"><img decoding=\"async\" width=\"1024\" height=\"768\" src=\"https:\/\/fotoklub.sk\/wp-content\/uploads\/2023\/01\/JaMo_03_Smer-Ludrova-1024x768.jpg\" alt=\"\" class=\"wp-image-778\" srcset=\"https:\/\/fotoklub.sk\/wp-content\/uploads\/2023\/01\/JaMo_03_Smer-Ludrova-1024x768.jpg 1024w, https:\/\/fotoklub.sk\/wp-content\/uploads\/2023\/01\/JaMo_03_Smer-Ludrova-300x225.jpg 300w, https:\/\/fotoklub.sk\/wp-content\/uploads\/2023\/01\/JaMo_03_Smer-Ludrova-768x576.jpg 768w, https:\/\/fotoklub.sk\/wp-content\/uploads\/2023\/01\/JaMo_03_Smer-Ludrova-1536x1152.jpg 1536w, https:\/\/fotoklub.sk\/wp-content\/uploads\/2023\/01\/JaMo_03_Smer-Ludrova.jpg 1920w\" sizes=\"(max-width: 1024px) 100vw, 1024px\" \/><figcaption>9_Jaroslav_Morav\u010d\u00edk_Smer_Ludrov\u00e1<\/figcaption><\/figure>\n\n\n\n<figure class=\"wp-block-image size-large\"><img decoding=\"async\" width=\"768\" height=\"1024\" src=\"https:\/\/fotoklub.sk\/wp-content\/uploads\/2023\/01\/MaZe-Srdce-prirody-768x1024.jpg\" alt=\"\" class=\"wp-image-779\" srcset=\"https:\/\/fotoklub.sk\/wp-content\/uploads\/2023\/01\/MaZe-Srdce-prirody-768x1024.jpg 768w, https:\/\/fotoklub.sk\/wp-content\/uploads\/2023\/01\/MaZe-Srdce-prirody-225x300.jpg 225w, https:\/\/fotoklub.sk\/wp-content\/uploads\/2023\/01\/MaZe-Srdce-prirody-1152x1536.jpg 1152w, https:\/\/fotoklub.sk\/wp-content\/uploads\/2023\/01\/MaZe-Srdce-prirody.jpg 1440w\" sizes=\"(max-width: 768px) 100vw, 768px\" \/><figcaption>10_Martin_Zelinka_Srdce_pr\u00edrody<\/figcaption><\/figure>\n\n\n\n<figure class=\"wp-block-image size-large\"><img decoding=\"async\" width=\"1024\" height=\"683\" src=\"https:\/\/fotoklub.sk\/wp-content\/uploads\/2023\/01\/04-1-1024x683.jpg\" alt=\"\" class=\"wp-image-780\" srcset=\"https:\/\/fotoklub.sk\/wp-content\/uploads\/2023\/01\/04-1-1024x683.jpg 1024w, https:\/\/fotoklub.sk\/wp-content\/uploads\/2023\/01\/04-1-300x200.jpg 300w, https:\/\/fotoklub.sk\/wp-content\/uploads\/2023\/01\/04-1-768x512.jpg 768w, https:\/\/fotoklub.sk\/wp-content\/uploads\/2023\/01\/04-1-1536x1024.jpg 1536w, https:\/\/fotoklub.sk\/wp-content\/uploads\/2023\/01\/04-1.jpg 1920w\" sizes=\"(max-width: 1024px) 100vw, 1024px\" \/><figcaption>11_Anton_Mundier_Pod_z\u00e1vojom<\/figcaption><\/figure>\n\n\n\n<figure class=\"wp-block-image size-large\"><img decoding=\"async\" width=\"1024\" height=\"683\" src=\"https:\/\/fotoklub.sk\/wp-content\/uploads\/2023\/01\/BaKa1-1-1024x683.jpg\" alt=\"\" class=\"wp-image-781\" srcset=\"https:\/\/fotoklub.sk\/wp-content\/uploads\/2023\/01\/BaKa1-1-1024x683.jpg 1024w, https:\/\/fotoklub.sk\/wp-content\/uploads\/2023\/01\/BaKa1-1-300x200.jpg 300w, https:\/\/fotoklub.sk\/wp-content\/uploads\/2023\/01\/BaKa1-1-768x512.jpg 768w, https:\/\/fotoklub.sk\/wp-content\/uploads\/2023\/01\/BaKa1-1-1536x1024.jpg 1536w, https:\/\/fotoklub.sk\/wp-content\/uploads\/2023\/01\/BaKa1-1.jpg 1920w\" sizes=\"(max-width: 1024px) 100vw, 1024px\" \/><figcaption>12_Bartolomej_Kamen\u00edk_Rann\u00e1_rozcvi\u010dka<\/figcaption><\/figure>\n\n\n\n<figure class=\"wp-block-image size-large\"><img decoding=\"async\" width=\"1024\" height=\"683\" src=\"https:\/\/fotoklub.sk\/wp-content\/uploads\/2023\/01\/V-zajati-zltej-1024x683.jpg\" alt=\"\" class=\"wp-image-782\" srcset=\"https:\/\/fotoklub.sk\/wp-content\/uploads\/2023\/01\/V-zajati-zltej-1024x683.jpg 1024w, https:\/\/fotoklub.sk\/wp-content\/uploads\/2023\/01\/V-zajati-zltej-300x200.jpg 300w, https:\/\/fotoklub.sk\/wp-content\/uploads\/2023\/01\/V-zajati-zltej-768x512.jpg 768w, https:\/\/fotoklub.sk\/wp-content\/uploads\/2023\/01\/V-zajati-zltej-1536x1024.jpg 1536w, https:\/\/fotoklub.sk\/wp-content\/uploads\/2023\/01\/V-zajati-zltej.jpg 1920w\" sizes=\"(max-width: 1024px) 100vw, 1024px\" \/><figcaption>13_Bartolomej_Kamen\u00edk_V_zajat\u00ed_\u017eltej<\/figcaption><\/figure>\n\n\n\n<figure class=\"wp-block-image size-large\"><img decoding=\"async\" width=\"1024\" height=\"683\" src=\"https:\/\/fotoklub.sk\/wp-content\/uploads\/2023\/01\/Priprava-na-odlet-1024x683.jpg\" alt=\"\" class=\"wp-image-783\" srcset=\"https:\/\/fotoklub.sk\/wp-content\/uploads\/2023\/01\/Priprava-na-odlet-1024x683.jpg 1024w, https:\/\/fotoklub.sk\/wp-content\/uploads\/2023\/01\/Priprava-na-odlet-300x200.jpg 300w, https:\/\/fotoklub.sk\/wp-content\/uploads\/2023\/01\/Priprava-na-odlet-768x512.jpg 768w, https:\/\/fotoklub.sk\/wp-content\/uploads\/2023\/01\/Priprava-na-odlet-1536x1024.jpg 1536w, https:\/\/fotoklub.sk\/wp-content\/uploads\/2023\/01\/Priprava-na-odlet.jpg 1920w\" sizes=\"(max-width: 1024px) 100vw, 1024px\" \/><figcaption>14_Bartolomej_Kamen\u00edk_Z_o\u010d\u00ed_do_o\u010d\u00ed<\/figcaption><\/figure>\n\n\n\n<figure class=\"wp-block-image size-large\"><img decoding=\"async\" width=\"683\" height=\"1024\" src=\"https:\/\/fotoklub.sk\/wp-content\/uploads\/2023\/01\/cycl-7814-683x1024.jpg\" alt=\"\" class=\"wp-image-784\" srcset=\"https:\/\/fotoklub.sk\/wp-content\/uploads\/2023\/01\/cycl-7814-683x1024.jpg 683w, https:\/\/fotoklub.sk\/wp-content\/uploads\/2023\/01\/cycl-7814-200x300.jpg 200w, https:\/\/fotoklub.sk\/wp-content\/uploads\/2023\/01\/cycl-7814-768x1152.jpg 768w, https:\/\/fotoklub.sk\/wp-content\/uploads\/2023\/01\/cycl-7814-1024x1536.jpg 1024w, https:\/\/fotoklub.sk\/wp-content\/uploads\/2023\/01\/cycl-7814.jpg 1280w\" sizes=\"(max-width: 683px) 100vw, 683px\" \/><figcaption>15_Stanislav_Surov\u00fd_V_rytme<\/figcaption><\/figure>\n\n\n\n<p><\/p>\n","protected":false},"excerpt":{"rendered":"<p>Fotografie XXIX. ro\u010dn\u00edka<\/p>\n","protected":false},"author":7,"featured_media":0,"parent":0,"menu_order":0,"comment_status":"closed","ping_status":"closed","template":"","meta":{"footnotes":""},"class_list":["post-760","page","type-page","status-publish","hentry"],"yoast_head":"<!-- This site is optimized with the Yoast SEO plugin v27.4 - https:\/\/yoast.com\/product\/yoast-seo-wordpress\/ -->\n<title>Petzvalov mapov\u00fd okruh fotoklubov 2023 - Fotoklub RK 1924<\/title>\n<meta name=\"robots\" content=\"index, follow, max-snippet:-1, max-image-preview:large, max-video-preview:-1\" \/>\n<link rel=\"canonical\" href=\"https:\/\/fotoklub.sk\/?page_id=760\" \/>\n<meta property=\"og:locale\" content=\"sk_SK\" \/>\n<meta property=\"og:type\" content=\"article\" \/>\n<meta property=\"og:title\" content=\"Petzvalov mapov\u00fd okruh fotoklubov 2023 - Fotoklub RK 1924\" \/>\n<meta property=\"og:description\" content=\"Fotografie XXIX. ro\u010dn\u00edka\" \/>\n<meta property=\"og:url\" content=\"https:\/\/fotoklub.sk\/?page_id=760\" \/>\n<meta property=\"og:site_name\" content=\"Fotoklub RK 1924\" \/>\n<meta property=\"article:modified_time\" content=\"2023-01-05T18:13:21+00:00\" \/>\n<meta property=\"og:image\" content=\"https:\/\/fotoklub.sk\/wp-content\/uploads\/2023\/01\/malt-7502.jpg\" \/>\n\t<meta property=\"og:image:width\" content=\"1920\" \/>\n\t<meta property=\"og:image:height\" content=\"1275\" \/>\n\t<meta property=\"og:image:type\" content=\"image\/jpeg\" \/>\n<meta name=\"twitter:card\" content=\"summary_large_image\" \/>\n<script type=\"application\/ld+json\" class=\"yoast-schema-graph\">{\"@context\":\"https:\\\/\\\/schema.org\",\"@graph\":[{\"@type\":\"WebPage\",\"@id\":\"https:\\\/\\\/fotoklub.sk\\\/?page_id=760\",\"url\":\"https:\\\/\\\/fotoklub.sk\\\/?page_id=760\",\"name\":\"Petzvalov mapov\u00fd okruh fotoklubov 2023 - Fotoklub RK 1924\",\"isPartOf\":{\"@id\":\"https:\\\/\\\/fotoklub.sk\\\/#website\"},\"primaryImageOfPage\":{\"@id\":\"https:\\\/\\\/fotoklub.sk\\\/?page_id=760#primaryimage\"},\"image\":{\"@id\":\"https:\\\/\\\/fotoklub.sk\\\/?page_id=760#primaryimage\"},\"thumbnailUrl\":\"https:\\\/\\\/fotoklub.sk\\\/wp-content\\\/uploads\\\/2023\\\/01\\\/malt-7502-1024x680.jpg\",\"datePublished\":\"2023-01-03T19:59:33+00:00\",\"dateModified\":\"2023-01-05T18:13:21+00:00\",\"breadcrumb\":{\"@id\":\"https:\\\/\\\/fotoklub.sk\\\/?page_id=760#breadcrumb\"},\"inLanguage\":\"sk-SK\",\"potentialAction\":[{\"@type\":\"ReadAction\",\"target\":[\"https:\\\/\\\/fotoklub.sk\\\/?page_id=760\"]}]},{\"@type\":\"ImageObject\",\"inLanguage\":\"sk-SK\",\"@id\":\"https:\\\/\\\/fotoklub.sk\\\/?page_id=760#primaryimage\",\"url\":\"https:\\\/\\\/fotoklub.sk\\\/wp-content\\\/uploads\\\/2023\\\/01\\\/malt-7502.jpg\",\"contentUrl\":\"https:\\\/\\\/fotoklub.sk\\\/wp-content\\\/uploads\\\/2023\\\/01\\\/malt-7502.jpg\",\"width\":1920,\"height\":1275},{\"@type\":\"BreadcrumbList\",\"@id\":\"https:\\\/\\\/fotoklub.sk\\\/?page_id=760#breadcrumb\",\"itemListElement\":[{\"@type\":\"ListItem\",\"position\":1,\"name\":\"Domov\",\"item\":\"https:\\\/\\\/fotoklub.sk\\\/\"},{\"@type\":\"ListItem\",\"position\":2,\"name\":\"Petzvalov mapov\u00fd okruh fotoklubov 2023\"}]},{\"@type\":\"WebSite\",\"@id\":\"https:\\\/\\\/fotoklub.sk\\\/#website\",\"url\":\"https:\\\/\\\/fotoklub.sk\\\/\",\"name\":\"Fotoklub RK 1924\",\"description\":\"1924 \u2013 2024 | 100 rokov nepretr\u017eitej existencie Fotoklubu\",\"publisher\":{\"@id\":\"https:\\\/\\\/fotoklub.sk\\\/#organization\"},\"alternateName\":\"Fotoklub Ru\u017eomberok\",\"potentialAction\":[{\"@type\":\"SearchAction\",\"target\":{\"@type\":\"EntryPoint\",\"urlTemplate\":\"https:\\\/\\\/fotoklub.sk\\\/?s={search_term_string}\"},\"query-input\":{\"@type\":\"PropertyValueSpecification\",\"valueRequired\":true,\"valueName\":\"search_term_string\"}}],\"inLanguage\":\"sk-SK\"},{\"@type\":\"Organization\",\"@id\":\"https:\\\/\\\/fotoklub.sk\\\/#organization\",\"name\":\"Fotoklub Ru\u017eomberok\",\"alternateName\":\"Ru\u017eombersk\u00fd fotoklub\",\"url\":\"https:\\\/\\\/fotoklub.sk\\\/\",\"logo\":{\"@type\":\"ImageObject\",\"inLanguage\":\"sk-SK\",\"@id\":\"https:\\\/\\\/fotoklub.sk\\\/#\\\/schema\\\/logo\\\/image\\\/\",\"url\":\"https:\\\/\\\/fotoklub.sk\\\/wp-content\\\/uploads\\\/2025\\\/02\\\/Logo_new.png\",\"contentUrl\":\"https:\\\/\\\/fotoklub.sk\\\/wp-content\\\/uploads\\\/2025\\\/02\\\/Logo_new.png\",\"width\":100,\"height\":98,\"caption\":\"Fotoklub Ru\u017eomberok\"},\"image\":{\"@id\":\"https:\\\/\\\/fotoklub.sk\\\/#\\\/schema\\\/logo\\\/image\\\/\"}}]}<\/script>\n<!-- \/ Yoast SEO plugin. -->","yoast_head_json":{"title":"Petzvalov mapov\u00fd okruh fotoklubov 2023 - Fotoklub RK 1924","robots":{"index":"index","follow":"follow","max-snippet":"max-snippet:-1","max-image-preview":"max-image-preview:large","max-video-preview":"max-video-preview:-1"},"canonical":"https:\/\/fotoklub.sk\/?page_id=760","og_locale":"sk_SK","og_type":"article","og_title":"Petzvalov mapov\u00fd okruh fotoklubov 2023 - Fotoklub RK 1924","og_description":"Fotografie XXIX. ro\u010dn\u00edka","og_url":"https:\/\/fotoklub.sk\/?page_id=760","og_site_name":"Fotoklub RK 1924","article_modified_time":"2023-01-05T18:13:21+00:00","og_image":[{"width":1920,"height":1275,"url":"https:\/\/fotoklub.sk\/wp-content\/uploads\/2023\/01\/malt-7502.jpg","type":"image\/jpeg"}],"twitter_card":"summary_large_image","schema":{"@context":"https:\/\/schema.org","@graph":[{"@type":"WebPage","@id":"https:\/\/fotoklub.sk\/?page_id=760","url":"https:\/\/fotoklub.sk\/?page_id=760","name":"Petzvalov mapov\u00fd okruh fotoklubov 2023 - Fotoklub RK 1924","isPartOf":{"@id":"https:\/\/fotoklub.sk\/#website"},"primaryImageOfPage":{"@id":"https:\/\/fotoklub.sk\/?page_id=760#primaryimage"},"image":{"@id":"https:\/\/fotoklub.sk\/?page_id=760#primaryimage"},"thumbnailUrl":"https:\/\/fotoklub.sk\/wp-content\/uploads\/2023\/01\/malt-7502-1024x680.jpg","datePublished":"2023-01-03T19:59:33+00:00","dateModified":"2023-01-05T18:13:21+00:00","breadcrumb":{"@id":"https:\/\/fotoklub.sk\/?page_id=760#breadcrumb"},"inLanguage":"sk-SK","potentialAction":[{"@type":"ReadAction","target":["https:\/\/fotoklub.sk\/?page_id=760"]}]},{"@type":"ImageObject","inLanguage":"sk-SK","@id":"https:\/\/fotoklub.sk\/?page_id=760#primaryimage","url":"https:\/\/fotoklub.sk\/wp-content\/uploads\/2023\/01\/malt-7502.jpg","contentUrl":"https:\/\/fotoklub.sk\/wp-content\/uploads\/2023\/01\/malt-7502.jpg","width":1920,"height":1275},{"@type":"BreadcrumbList","@id":"https:\/\/fotoklub.sk\/?page_id=760#breadcrumb","itemListElement":[{"@type":"ListItem","position":1,"name":"Domov","item":"https:\/\/fotoklub.sk\/"},{"@type":"ListItem","position":2,"name":"Petzvalov mapov\u00fd okruh fotoklubov 2023"}]},{"@type":"WebSite","@id":"https:\/\/fotoklub.sk\/#website","url":"https:\/\/fotoklub.sk\/","name":"Fotoklub RK 1924","description":"1924 \u2013 2024 | 100 rokov nepretr\u017eitej existencie Fotoklubu","publisher":{"@id":"https:\/\/fotoklub.sk\/#organization"},"alternateName":"Fotoklub Ru\u017eomberok","potentialAction":[{"@type":"SearchAction","target":{"@type":"EntryPoint","urlTemplate":"https:\/\/fotoklub.sk\/?s={search_term_string}"},"query-input":{"@type":"PropertyValueSpecification","valueRequired":true,"valueName":"search_term_string"}}],"inLanguage":"sk-SK"},{"@type":"Organization","@id":"https:\/\/fotoklub.sk\/#organization","name":"Fotoklub Ru\u017eomberok","alternateName":"Ru\u017eombersk\u00fd fotoklub","url":"https:\/\/fotoklub.sk\/","logo":{"@type":"ImageObject","inLanguage":"sk-SK","@id":"https:\/\/fotoklub.sk\/#\/schema\/logo\/image\/","url":"https:\/\/fotoklub.sk\/wp-content\/uploads\/2025\/02\/Logo_new.png","contentUrl":"https:\/\/fotoklub.sk\/wp-content\/uploads\/2025\/02\/Logo_new.png","width":100,"height":98,"caption":"Fotoklub Ru\u017eomberok"},"image":{"@id":"https:\/\/fotoklub.sk\/#\/schema\/logo\/image\/"}}]}},"jetpack_sharing_enabled":true,"_links":{"self":[{"href":"https:\/\/fotoklub.sk\/index.php?rest_route=\/wp\/v2\/pages\/760","targetHints":{"allow":["GET"]}}],"collection":[{"href":"https:\/\/fotoklub.sk\/index.php?rest_route=\/wp\/v2\/pages"}],"about":[{"href":"https:\/\/fotoklub.sk\/index.php?rest_route=\/wp\/v2\/types\/page"}],"author":[{"embeddable":true,"href":"https:\/\/fotoklub.sk\/index.php?rest_route=\/wp\/v2\/users\/7"}],"replies":[{"embeddable":true,"href":"https:\/\/fotoklub.sk\/index.php?rest_route=%2Fwp%2Fv2%2Fcomments&post=760"}],"version-history":[{"count":2,"href":"https:\/\/fotoklub.sk\/index.php?rest_route=\/wp\/v2\/pages\/760\/revisions"}],"predecessor-version":[{"id":785,"href":"https:\/\/fotoklub.sk\/index.php?rest_route=\/wp\/v2\/pages\/760\/revisions\/785"}],"wp:attachment":[{"href":"https:\/\/fotoklub.sk\/index.php?rest_route=%2Fwp%2Fv2%2Fmedia&parent=760"}],"curies":[{"name":"wp","href":"https:\/\/api.w.org\/{rel}","templated":true}]}}