{"id":695,"date":"2022-12-21T20:46:34","date_gmt":"2022-12-21T19:46:34","guid":{"rendered":"https:\/\/fotoklub.sk\/?page_id=695"},"modified":"2022-12-21T20:46:34","modified_gmt":"2022-12-21T19:46:34","slug":"vianocne-trhy-ruzomberok-2022","status":"publish","type":"page","link":"https:\/\/fotoklub.sk\/?page_id=695","title":{"rendered":"Viano\u010dn\u00e9 trhy Ru\u017eomberok 2022"},"content":{"rendered":"\n<figure class=\"wp-block-gallery has-nested-images columns-default is-cropped wp-block-gallery-1 is-layout-flex wp-block-gallery-is-layout-flex\">\n<figure class=\"wp-block-image size-large\"><img decoding=\"async\" width=\"1024\" height=\"683\" data-id=\"730\" src=\"https:\/\/fotoklub.sk\/wp-content\/uploads\/2022\/12\/DSC_6429-1-1024x683.jpg\" alt=\"\" class=\"wp-image-730\" srcset=\"https:\/\/fotoklub.sk\/wp-content\/uploads\/2022\/12\/DSC_6429-1-1024x683.jpg 1024w, https:\/\/fotoklub.sk\/wp-content\/uploads\/2022\/12\/DSC_6429-1-300x200.jpg 300w, https:\/\/fotoklub.sk\/wp-content\/uploads\/2022\/12\/DSC_6429-1-768x512.jpg 768w, https:\/\/fotoklub.sk\/wp-content\/uploads\/2022\/12\/DSC_6429-1-1536x1024.jpg 1536w, https:\/\/fotoklub.sk\/wp-content\/uploads\/2022\/12\/DSC_6429-1.jpg 1920w\" sizes=\"(max-width: 1024px) 100vw, 1024px\" \/><\/figure>\n\n\n\n<figure class=\"wp-block-image size-large\"><img decoding=\"async\" width=\"1024\" height=\"683\" data-id=\"721\" src=\"https:\/\/fotoklub.sk\/wp-content\/uploads\/2022\/12\/DSC_6430-1-1024x683.jpg\" alt=\"\" class=\"wp-image-721\" srcset=\"https:\/\/fotoklub.sk\/wp-content\/uploads\/2022\/12\/DSC_6430-1-1024x683.jpg 1024w, https:\/\/fotoklub.sk\/wp-content\/uploads\/2022\/12\/DSC_6430-1-300x200.jpg 300w, https:\/\/fotoklub.sk\/wp-content\/uploads\/2022\/12\/DSC_6430-1-768x512.jpg 768w, https:\/\/fotoklub.sk\/wp-content\/uploads\/2022\/12\/DSC_6430-1-1536x1024.jpg 1536w, https:\/\/fotoklub.sk\/wp-content\/uploads\/2022\/12\/DSC_6430-1.jpg 1920w\" sizes=\"(max-width: 1024px) 100vw, 1024px\" \/><\/figure>\n\n\n\n<figure class=\"wp-block-image size-large\"><img decoding=\"async\" width=\"1024\" height=\"683\" data-id=\"735\" src=\"https:\/\/fotoklub.sk\/wp-content\/uploads\/2022\/12\/DSC_6431-1-1024x683.jpg\" alt=\"\" class=\"wp-image-735\" srcset=\"https:\/\/fotoklub.sk\/wp-content\/uploads\/2022\/12\/DSC_6431-1-1024x683.jpg 1024w, https:\/\/fotoklub.sk\/wp-content\/uploads\/2022\/12\/DSC_6431-1-300x200.jpg 300w, https:\/\/fotoklub.sk\/wp-content\/uploads\/2022\/12\/DSC_6431-1-768x512.jpg 768w, https:\/\/fotoklub.sk\/wp-content\/uploads\/2022\/12\/DSC_6431-1-1536x1024.jpg 1536w, https:\/\/fotoklub.sk\/wp-content\/uploads\/2022\/12\/DSC_6431-1.jpg 1920w\" sizes=\"(max-width: 1024px) 100vw, 1024px\" \/><\/figure>\n\n\n\n<figure class=\"wp-block-image size-large\"><img decoding=\"async\" width=\"1024\" height=\"683\" data-id=\"724\" src=\"https:\/\/fotoklub.sk\/wp-content\/uploads\/2022\/12\/DSC_6437-1-1024x683.jpg\" alt=\"\" class=\"wp-image-724\" srcset=\"https:\/\/fotoklub.sk\/wp-content\/uploads\/2022\/12\/DSC_6437-1-1024x683.jpg 1024w, https:\/\/fotoklub.sk\/wp-content\/uploads\/2022\/12\/DSC_6437-1-300x200.jpg 300w, https:\/\/fotoklub.sk\/wp-content\/uploads\/2022\/12\/DSC_6437-1-768x512.jpg 768w, https:\/\/fotoklub.sk\/wp-content\/uploads\/2022\/12\/DSC_6437-1-1536x1024.jpg 1536w, https:\/\/fotoklub.sk\/wp-content\/uploads\/2022\/12\/DSC_6437-1.jpg 1920w\" sizes=\"(max-width: 1024px) 100vw, 1024px\" \/><\/figure>\n\n\n\n<figure class=\"wp-block-image size-large\"><img decoding=\"async\" width=\"1024\" height=\"683\" data-id=\"734\" src=\"https:\/\/fotoklub.sk\/wp-content\/uploads\/2022\/12\/DSC_6439-1-1024x683.jpg\" alt=\"\" class=\"wp-image-734\" srcset=\"https:\/\/fotoklub.sk\/wp-content\/uploads\/2022\/12\/DSC_6439-1-1024x683.jpg 1024w, https:\/\/fotoklub.sk\/wp-content\/uploads\/2022\/12\/DSC_6439-1-300x200.jpg 300w, https:\/\/fotoklub.sk\/wp-content\/uploads\/2022\/12\/DSC_6439-1-768x512.jpg 768w, https:\/\/fotoklub.sk\/wp-content\/uploads\/2022\/12\/DSC_6439-1-1536x1024.jpg 1536w, https:\/\/fotoklub.sk\/wp-content\/uploads\/2022\/12\/DSC_6439-1.jpg 1920w\" sizes=\"(max-width: 1024px) 100vw, 1024px\" \/><\/figure>\n\n\n\n<figure class=\"wp-block-image size-large\"><img decoding=\"async\" width=\"1024\" height=\"683\" data-id=\"736\" src=\"https:\/\/fotoklub.sk\/wp-content\/uploads\/2022\/12\/DSC_6444-1-1024x683.jpg\" alt=\"\" class=\"wp-image-736\" srcset=\"https:\/\/fotoklub.sk\/wp-content\/uploads\/2022\/12\/DSC_6444-1-1024x683.jpg 1024w, https:\/\/fotoklub.sk\/wp-content\/uploads\/2022\/12\/DSC_6444-1-300x200.jpg 300w, https:\/\/fotoklub.sk\/wp-content\/uploads\/2022\/12\/DSC_6444-1-768x512.jpg 768w, https:\/\/fotoklub.sk\/wp-content\/uploads\/2022\/12\/DSC_6444-1-1536x1024.jpg 1536w, https:\/\/fotoklub.sk\/wp-content\/uploads\/2022\/12\/DSC_6444-1.jpg 1920w\" sizes=\"(max-width: 1024px) 100vw, 1024px\" \/><\/figure>\n\n\n\n<figure class=\"wp-block-image size-large\"><img decoding=\"async\" width=\"683\" height=\"1024\" data-id=\"737\" src=\"https:\/\/fotoklub.sk\/wp-content\/uploads\/2022\/12\/DSC_6445-1-683x1024.jpg\" alt=\"\" class=\"wp-image-737\" srcset=\"https:\/\/fotoklub.sk\/wp-content\/uploads\/2022\/12\/DSC_6445-1-683x1024.jpg 683w, https:\/\/fotoklub.sk\/wp-content\/uploads\/2022\/12\/DSC_6445-1-200x300.jpg 200w, https:\/\/fotoklub.sk\/wp-content\/uploads\/2022\/12\/DSC_6445-1-768x1152.jpg 768w, https:\/\/fotoklub.sk\/wp-content\/uploads\/2022\/12\/DSC_6445-1-1024x1536.jpg 1024w, https:\/\/fotoklub.sk\/wp-content\/uploads\/2022\/12\/DSC_6445-1.jpg 1280w\" sizes=\"(max-width: 683px) 100vw, 683px\" \/><\/figure>\n\n\n\n<figure class=\"wp-block-image size-large\"><img decoding=\"async\" width=\"1024\" height=\"683\" data-id=\"727\" src=\"https:\/\/fotoklub.sk\/wp-content\/uploads\/2022\/12\/DSC_6446-1-1024x683.jpg\" alt=\"\" class=\"wp-image-727\" srcset=\"https:\/\/fotoklub.sk\/wp-content\/uploads\/2022\/12\/DSC_6446-1-1024x683.jpg 1024w, https:\/\/fotoklub.sk\/wp-content\/uploads\/2022\/12\/DSC_6446-1-300x200.jpg 300w, https:\/\/fotoklub.sk\/wp-content\/uploads\/2022\/12\/DSC_6446-1-768x512.jpg 768w, https:\/\/fotoklub.sk\/wp-content\/uploads\/2022\/12\/DSC_6446-1-1536x1024.jpg 1536w, https:\/\/fotoklub.sk\/wp-content\/uploads\/2022\/12\/DSC_6446-1.jpg 1920w\" sizes=\"(max-width: 1024px) 100vw, 1024px\" \/><\/figure>\n\n\n\n<figure class=\"wp-block-image size-large\"><img decoding=\"async\" width=\"1024\" height=\"683\" data-id=\"728\" src=\"https:\/\/fotoklub.sk\/wp-content\/uploads\/2022\/12\/DSC_6456-1-1024x683.jpg\" alt=\"\" class=\"wp-image-728\" srcset=\"https:\/\/fotoklub.sk\/wp-content\/uploads\/2022\/12\/DSC_6456-1-1024x683.jpg 1024w, https:\/\/fotoklub.sk\/wp-content\/uploads\/2022\/12\/DSC_6456-1-300x200.jpg 300w, https:\/\/fotoklub.sk\/wp-content\/uploads\/2022\/12\/DSC_6456-1-768x512.jpg 768w, https:\/\/fotoklub.sk\/wp-content\/uploads\/2022\/12\/DSC_6456-1-1536x1024.jpg 1536w, https:\/\/fotoklub.sk\/wp-content\/uploads\/2022\/12\/DSC_6456-1.jpg 1920w\" sizes=\"(max-width: 1024px) 100vw, 1024px\" \/><\/figure>\n\n\n\n<figure class=\"wp-block-image size-large\"><img decoding=\"async\" width=\"1024\" height=\"683\" data-id=\"726\" src=\"https:\/\/fotoklub.sk\/wp-content\/uploads\/2022\/12\/DSC_6458-1-1024x683.jpg\" alt=\"\" class=\"wp-image-726\" srcset=\"https:\/\/fotoklub.sk\/wp-content\/uploads\/2022\/12\/DSC_6458-1-1024x683.jpg 1024w, https:\/\/fotoklub.sk\/wp-content\/uploads\/2022\/12\/DSC_6458-1-300x200.jpg 300w, https:\/\/fotoklub.sk\/wp-content\/uploads\/2022\/12\/DSC_6458-1-768x512.jpg 768w, https:\/\/fotoklub.sk\/wp-content\/uploads\/2022\/12\/DSC_6458-1-1536x1024.jpg 1536w, https:\/\/fotoklub.sk\/wp-content\/uploads\/2022\/12\/DSC_6458-1.jpg 1920w\" sizes=\"(max-width: 1024px) 100vw, 1024px\" \/><\/figure>\n\n\n\n<figure class=\"wp-block-image size-large\"><img decoding=\"async\" width=\"1024\" height=\"683\" data-id=\"742\" src=\"https:\/\/fotoklub.sk\/wp-content\/uploads\/2022\/12\/DSC_6459-1-1024x683.jpg\" alt=\"\" class=\"wp-image-742\" srcset=\"https:\/\/fotoklub.sk\/wp-content\/uploads\/2022\/12\/DSC_6459-1-1024x683.jpg 1024w, https:\/\/fotoklub.sk\/wp-content\/uploads\/2022\/12\/DSC_6459-1-300x200.jpg 300w, https:\/\/fotoklub.sk\/wp-content\/uploads\/2022\/12\/DSC_6459-1-768x512.jpg 768w, https:\/\/fotoklub.sk\/wp-content\/uploads\/2022\/12\/DSC_6459-1-1536x1024.jpg 1536w, https:\/\/fotoklub.sk\/wp-content\/uploads\/2022\/12\/DSC_6459-1.jpg 1920w\" sizes=\"(max-width: 1024px) 100vw, 1024px\" \/><\/figure>\n\n\n\n<figure class=\"wp-block-image size-large\"><img decoding=\"async\" width=\"1024\" height=\"683\" data-id=\"739\" src=\"https:\/\/fotoklub.sk\/wp-content\/uploads\/2022\/12\/DSC_6466-1-1024x683.jpg\" alt=\"\" class=\"wp-image-739\" srcset=\"https:\/\/fotoklub.sk\/wp-content\/uploads\/2022\/12\/DSC_6466-1-1024x683.jpg 1024w, https:\/\/fotoklub.sk\/wp-content\/uploads\/2022\/12\/DSC_6466-1-300x200.jpg 300w, https:\/\/fotoklub.sk\/wp-content\/uploads\/2022\/12\/DSC_6466-1-768x512.jpg 768w, https:\/\/fotoklub.sk\/wp-content\/uploads\/2022\/12\/DSC_6466-1-1536x1024.jpg 1536w, https:\/\/fotoklub.sk\/wp-content\/uploads\/2022\/12\/DSC_6466-1.jpg 1920w\" sizes=\"(max-width: 1024px) 100vw, 1024px\" \/><\/figure>\n\n\n\n<figure class=\"wp-block-image size-large\"><img decoding=\"async\" width=\"1024\" height=\"683\" data-id=\"725\" src=\"https:\/\/fotoklub.sk\/wp-content\/uploads\/2022\/12\/DSC_6474-1-1024x683.jpg\" alt=\"\" class=\"wp-image-725\" srcset=\"https:\/\/fotoklub.sk\/wp-content\/uploads\/2022\/12\/DSC_6474-1-1024x683.jpg 1024w, https:\/\/fotoklub.sk\/wp-content\/uploads\/2022\/12\/DSC_6474-1-300x200.jpg 300w, https:\/\/fotoklub.sk\/wp-content\/uploads\/2022\/12\/DSC_6474-1-768x512.jpg 768w, https:\/\/fotoklub.sk\/wp-content\/uploads\/2022\/12\/DSC_6474-1-1536x1024.jpg 1536w, https:\/\/fotoklub.sk\/wp-content\/uploads\/2022\/12\/DSC_6474-1.jpg 1920w\" sizes=\"(max-width: 1024px) 100vw, 1024px\" \/><\/figure>\n\n\n\n<figure class=\"wp-block-image size-large\"><img decoding=\"async\" width=\"1024\" height=\"683\" data-id=\"741\" src=\"https:\/\/fotoklub.sk\/wp-content\/uploads\/2022\/12\/DSC_6480-1-1024x683.jpg\" alt=\"\" class=\"wp-image-741\" srcset=\"https:\/\/fotoklub.sk\/wp-content\/uploads\/2022\/12\/DSC_6480-1-1024x683.jpg 1024w, https:\/\/fotoklub.sk\/wp-content\/uploads\/2022\/12\/DSC_6480-1-300x200.jpg 300w, https:\/\/fotoklub.sk\/wp-content\/uploads\/2022\/12\/DSC_6480-1-768x512.jpg 768w, https:\/\/fotoklub.sk\/wp-content\/uploads\/2022\/12\/DSC_6480-1-1536x1024.jpg 1536w, https:\/\/fotoklub.sk\/wp-content\/uploads\/2022\/12\/DSC_6480-1.jpg 1920w\" sizes=\"(max-width: 1024px) 100vw, 1024px\" \/><\/figure>\n\n\n\n<figure class=\"wp-block-image size-large\"><img decoding=\"async\" width=\"1024\" height=\"683\" data-id=\"731\" src=\"https:\/\/fotoklub.sk\/wp-content\/uploads\/2022\/12\/DSC_6481-1-1024x683.jpg\" alt=\"\" class=\"wp-image-731\" srcset=\"https:\/\/fotoklub.sk\/wp-content\/uploads\/2022\/12\/DSC_6481-1-1024x683.jpg 1024w, https:\/\/fotoklub.sk\/wp-content\/uploads\/2022\/12\/DSC_6481-1-300x200.jpg 300w, https:\/\/fotoklub.sk\/wp-content\/uploads\/2022\/12\/DSC_6481-1-768x512.jpg 768w, https:\/\/fotoklub.sk\/wp-content\/uploads\/2022\/12\/DSC_6481-1-1536x1024.jpg 1536w, https:\/\/fotoklub.sk\/wp-content\/uploads\/2022\/12\/DSC_6481-1.jpg 1920w\" sizes=\"(max-width: 1024px) 100vw, 1024px\" \/><\/figure>\n\n\n\n<figure class=\"wp-block-image size-large\"><img decoding=\"async\" width=\"1024\" height=\"683\" data-id=\"738\" src=\"https:\/\/fotoklub.sk\/wp-content\/uploads\/2022\/12\/DSC_6482-1-1024x683.jpg\" alt=\"\" class=\"wp-image-738\" srcset=\"https:\/\/fotoklub.sk\/wp-content\/uploads\/2022\/12\/DSC_6482-1-1024x683.jpg 1024w, https:\/\/fotoklub.sk\/wp-content\/uploads\/2022\/12\/DSC_6482-1-300x200.jpg 300w, https:\/\/fotoklub.sk\/wp-content\/uploads\/2022\/12\/DSC_6482-1-768x512.jpg 768w, https:\/\/fotoklub.sk\/wp-content\/uploads\/2022\/12\/DSC_6482-1-1536x1024.jpg 1536w, https:\/\/fotoklub.sk\/wp-content\/uploads\/2022\/12\/DSC_6482-1.jpg 1920w\" sizes=\"(max-width: 1024px) 100vw, 1024px\" \/><\/figure>\n\n\n\n<figure class=\"wp-block-image size-large\"><img decoding=\"async\" width=\"1024\" height=\"683\" data-id=\"740\" src=\"https:\/\/fotoklub.sk\/wp-content\/uploads\/2022\/12\/DSC_6483-1-1024x683.jpg\" alt=\"\" class=\"wp-image-740\" srcset=\"https:\/\/fotoklub.sk\/wp-content\/uploads\/2022\/12\/DSC_6483-1-1024x683.jpg 1024w, https:\/\/fotoklub.sk\/wp-content\/uploads\/2022\/12\/DSC_6483-1-300x200.jpg 300w, https:\/\/fotoklub.sk\/wp-content\/uploads\/2022\/12\/DSC_6483-1-768x512.jpg 768w, https:\/\/fotoklub.sk\/wp-content\/uploads\/2022\/12\/DSC_6483-1-1536x1024.jpg 1536w, https:\/\/fotoklub.sk\/wp-content\/uploads\/2022\/12\/DSC_6483-1.jpg 1920w\" sizes=\"(max-width: 1024px) 100vw, 1024px\" \/><\/figure>\n\n\n\n<figure class=\"wp-block-image size-large\"><img decoding=\"async\" width=\"1024\" height=\"683\" data-id=\"723\" src=\"https:\/\/fotoklub.sk\/wp-content\/uploads\/2022\/12\/DSC_6494-1-1024x683.jpg\" alt=\"\" class=\"wp-image-723\" srcset=\"https:\/\/fotoklub.sk\/wp-content\/uploads\/2022\/12\/DSC_6494-1-1024x683.jpg 1024w, https:\/\/fotoklub.sk\/wp-content\/uploads\/2022\/12\/DSC_6494-1-300x200.jpg 300w, https:\/\/fotoklub.sk\/wp-content\/uploads\/2022\/12\/DSC_6494-1-768x512.jpg 768w, https:\/\/fotoklub.sk\/wp-content\/uploads\/2022\/12\/DSC_6494-1-1536x1024.jpg 1536w, https:\/\/fotoklub.sk\/wp-content\/uploads\/2022\/12\/DSC_6494-1.jpg 1920w\" sizes=\"(max-width: 1024px) 100vw, 1024px\" \/><\/figure>\n\n\n\n<figure class=\"wp-block-image size-large\"><img decoding=\"async\" width=\"1024\" height=\"683\" data-id=\"722\" src=\"https:\/\/fotoklub.sk\/wp-content\/uploads\/2022\/12\/DSC_6495-1-1024x683.jpg\" alt=\"\" class=\"wp-image-722\" srcset=\"https:\/\/fotoklub.sk\/wp-content\/uploads\/2022\/12\/DSC_6495-1-1024x683.jpg 1024w, https:\/\/fotoklub.sk\/wp-content\/uploads\/2022\/12\/DSC_6495-1-300x200.jpg 300w, https:\/\/fotoklub.sk\/wp-content\/uploads\/2022\/12\/DSC_6495-1-768x512.jpg 768w, https:\/\/fotoklub.sk\/wp-content\/uploads\/2022\/12\/DSC_6495-1-1536x1024.jpg 1536w, https:\/\/fotoklub.sk\/wp-content\/uploads\/2022\/12\/DSC_6495-1.jpg 1920w\" sizes=\"(max-width: 1024px) 100vw, 1024px\" \/><\/figure>\n\n\n\n<figure class=\"wp-block-image size-large\"><img decoding=\"async\" width=\"683\" height=\"1024\" data-id=\"729\" src=\"https:\/\/fotoklub.sk\/wp-content\/uploads\/2022\/12\/DSC_6500-1-683x1024.jpg\" alt=\"\" class=\"wp-image-729\" srcset=\"https:\/\/fotoklub.sk\/wp-content\/uploads\/2022\/12\/DSC_6500-1-683x1024.jpg 683w, https:\/\/fotoklub.sk\/wp-content\/uploads\/2022\/12\/DSC_6500-1-200x300.jpg 200w, https:\/\/fotoklub.sk\/wp-content\/uploads\/2022\/12\/DSC_6500-1-768x1152.jpg 768w, https:\/\/fotoklub.sk\/wp-content\/uploads\/2022\/12\/DSC_6500-1-1024x1536.jpg 1024w, https:\/\/fotoklub.sk\/wp-content\/uploads\/2022\/12\/DSC_6500-1.jpg 1280w\" sizes=\"(max-width: 683px) 100vw, 683px\" \/><\/figure>\n\n\n\n<figure class=\"wp-block-image size-large\"><img decoding=\"async\" width=\"1024\" height=\"683\" data-id=\"743\" src=\"https:\/\/fotoklub.sk\/wp-content\/uploads\/2022\/12\/DSC_6503-1-1024x683.jpg\" alt=\"\" class=\"wp-image-743\" srcset=\"https:\/\/fotoklub.sk\/wp-content\/uploads\/2022\/12\/DSC_6503-1-1024x683.jpg 1024w, https:\/\/fotoklub.sk\/wp-content\/uploads\/2022\/12\/DSC_6503-1-300x200.jpg 300w, https:\/\/fotoklub.sk\/wp-content\/uploads\/2022\/12\/DSC_6503-1-768x512.jpg 768w, https:\/\/fotoklub.sk\/wp-content\/uploads\/2022\/12\/DSC_6503-1-1536x1024.jpg 1536w, https:\/\/fotoklub.sk\/wp-content\/uploads\/2022\/12\/DSC_6503-1.jpg 1920w\" sizes=\"(max-width: 1024px) 100vw, 1024px\" \/><\/figure>\n\n\n\n<figure class=\"wp-block-image size-large\"><img decoding=\"async\" width=\"1024\" height=\"683\" data-id=\"733\" src=\"https:\/\/fotoklub.sk\/wp-content\/uploads\/2022\/12\/DSC_6504-1-1024x683.jpg\" alt=\"\" class=\"wp-image-733\" srcset=\"https:\/\/fotoklub.sk\/wp-content\/uploads\/2022\/12\/DSC_6504-1-1024x683.jpg 1024w, https:\/\/fotoklub.sk\/wp-content\/uploads\/2022\/12\/DSC_6504-1-300x200.jpg 300w, https:\/\/fotoklub.sk\/wp-content\/uploads\/2022\/12\/DSC_6504-1-768x512.jpg 768w, https:\/\/fotoklub.sk\/wp-content\/uploads\/2022\/12\/DSC_6504-1-1536x1024.jpg 1536w, https:\/\/fotoklub.sk\/wp-content\/uploads\/2022\/12\/DSC_6504-1.jpg 1920w\" sizes=\"(max-width: 1024px) 100vw, 1024px\" \/><\/figure>\n\n\n\n<figure class=\"wp-block-image size-large\"><img decoding=\"async\" width=\"1024\" height=\"683\" data-id=\"732\" src=\"https:\/\/fotoklub.sk\/wp-content\/uploads\/2022\/12\/DSC_6508-1-1024x683.jpg\" alt=\"\" class=\"wp-image-732\" srcset=\"https:\/\/fotoklub.sk\/wp-content\/uploads\/2022\/12\/DSC_6508-1-1024x683.jpg 1024w, https:\/\/fotoklub.sk\/wp-content\/uploads\/2022\/12\/DSC_6508-1-300x200.jpg 300w, https:\/\/fotoklub.sk\/wp-content\/uploads\/2022\/12\/DSC_6508-1-768x512.jpg 768w, https:\/\/fotoklub.sk\/wp-content\/uploads\/2022\/12\/DSC_6508-1-1536x1024.jpg 1536w, https:\/\/fotoklub.sk\/wp-content\/uploads\/2022\/12\/DSC_6508-1.jpg 1920w\" sizes=\"(max-width: 1024px) 100vw, 1024px\" \/><\/figure>\n\n\n\n<figure class=\"wp-block-image size-large\"><img decoding=\"async\" width=\"683\" height=\"1024\" data-id=\"744\" src=\"https:\/\/fotoklub.sk\/wp-content\/uploads\/2022\/12\/DSC_6511-1-683x1024.jpg\" alt=\"\" class=\"wp-image-744\" srcset=\"https:\/\/fotoklub.sk\/wp-content\/uploads\/2022\/12\/DSC_6511-1-683x1024.jpg 683w, https:\/\/fotoklub.sk\/wp-content\/uploads\/2022\/12\/DSC_6511-1-200x300.jpg 200w, https:\/\/fotoklub.sk\/wp-content\/uploads\/2022\/12\/DSC_6511-1-768x1152.jpg 768w, https:\/\/fotoklub.sk\/wp-content\/uploads\/2022\/12\/DSC_6511-1-1024x1536.jpg 1024w, https:\/\/fotoklub.sk\/wp-content\/uploads\/2022\/12\/DSC_6511-1.jpg 1280w\" sizes=\"(max-width: 683px) 100vw, 683px\" \/><\/figure>\n\n\n\n<figure class=\"wp-block-image size-large\"><img decoding=\"async\" width=\"1024\" height=\"683\" data-id=\"745\" src=\"https:\/\/fotoklub.sk\/wp-content\/uploads\/2022\/12\/DSC_6516-1-1024x683.jpg\" alt=\"\" class=\"wp-image-745\" srcset=\"https:\/\/fotoklub.sk\/wp-content\/uploads\/2022\/12\/DSC_6516-1-1024x683.jpg 1024w, https:\/\/fotoklub.sk\/wp-content\/uploads\/2022\/12\/DSC_6516-1-300x200.jpg 300w, https:\/\/fotoklub.sk\/wp-content\/uploads\/2022\/12\/DSC_6516-1-768x512.jpg 768w, https:\/\/fotoklub.sk\/wp-content\/uploads\/2022\/12\/DSC_6516-1-1536x1024.jpg 1536w, https:\/\/fotoklub.sk\/wp-content\/uploads\/2022\/12\/DSC_6516-1.jpg 1920w\" sizes=\"(max-width: 1024px) 100vw, 1024px\" \/><\/figure>\n<\/figure>\n","protected":false},"excerpt":{"rendered":"","protected":false},"author":7,"featured_media":0,"parent":0,"menu_order":0,"comment_status":"closed","ping_status":"closed","template":"","meta":{"footnotes":""},"class_list":["post-695","page","type-page","status-publish","hentry"],"yoast_head":"<!-- This site is optimized with the Yoast SEO plugin v27.4 - https:\/\/yoast.com\/product\/yoast-seo-wordpress\/ -->\n<title>Viano\u010dn\u00e9 trhy Ru\u017eomberok 2022 - Fotoklub RK 1924<\/title>\n<meta name=\"robots\" content=\"index, follow, max-snippet:-1, max-image-preview:large, max-video-preview:-1\" \/>\n<link rel=\"canonical\" href=\"https:\/\/fotoklub.sk\/?page_id=695\" \/>\n<meta property=\"og:locale\" content=\"sk_SK\" \/>\n<meta property=\"og:type\" content=\"article\" \/>\n<meta property=\"og:title\" content=\"Viano\u010dn\u00e9 trhy Ru\u017eomberok 2022 - Fotoklub RK 1924\" \/>\n<meta property=\"og:url\" content=\"https:\/\/fotoklub.sk\/?page_id=695\" \/>\n<meta property=\"og:site_name\" content=\"Fotoklub RK 1924\" \/>\n<meta property=\"og:image\" content=\"https:\/\/fotoklub.sk\/wp-content\/uploads\/2022\/12\/DSC_6429-1.jpg\" \/>\n\t<meta property=\"og:image:width\" content=\"1920\" \/>\n\t<meta property=\"og:image:height\" content=\"1280\" \/>\n\t<meta property=\"og:image:type\" content=\"image\/jpeg\" \/>\n<meta name=\"twitter:card\" content=\"summary_large_image\" \/>\n<script type=\"application\/ld+json\" class=\"yoast-schema-graph\">{\"@context\":\"https:\\\/\\\/schema.org\",\"@graph\":[{\"@type\":\"WebPage\",\"@id\":\"https:\\\/\\\/fotoklub.sk\\\/?page_id=695\",\"url\":\"https:\\\/\\\/fotoklub.sk\\\/?page_id=695\",\"name\":\"Viano\u010dn\u00e9 trhy Ru\u017eomberok 2022 - Fotoklub RK 1924\",\"isPartOf\":{\"@id\":\"https:\\\/\\\/fotoklub.sk\\\/#website\"},\"primaryImageOfPage\":{\"@id\":\"https:\\\/\\\/fotoklub.sk\\\/?page_id=695#primaryimage\"},\"image\":{\"@id\":\"https:\\\/\\\/fotoklub.sk\\\/?page_id=695#primaryimage\"},\"thumbnailUrl\":\"https:\\\/\\\/fotoklub.sk\\\/wp-content\\\/uploads\\\/2022\\\/12\\\/DSC_6429-1-1024x683.jpg\",\"datePublished\":\"2022-12-21T19:46:34+00:00\",\"breadcrumb\":{\"@id\":\"https:\\\/\\\/fotoklub.sk\\\/?page_id=695#breadcrumb\"},\"inLanguage\":\"sk-SK\",\"potentialAction\":[{\"@type\":\"ReadAction\",\"target\":[\"https:\\\/\\\/fotoklub.sk\\\/?page_id=695\"]}]},{\"@type\":\"ImageObject\",\"inLanguage\":\"sk-SK\",\"@id\":\"https:\\\/\\\/fotoklub.sk\\\/?page_id=695#primaryimage\",\"url\":\"https:\\\/\\\/fotoklub.sk\\\/wp-content\\\/uploads\\\/2022\\\/12\\\/DSC_6429-1.jpg\",\"contentUrl\":\"https:\\\/\\\/fotoklub.sk\\\/wp-content\\\/uploads\\\/2022\\\/12\\\/DSC_6429-1.jpg\",\"width\":1920,\"height\":1280},{\"@type\":\"BreadcrumbList\",\"@id\":\"https:\\\/\\\/fotoklub.sk\\\/?page_id=695#breadcrumb\",\"itemListElement\":[{\"@type\":\"ListItem\",\"position\":1,\"name\":\"Domov\",\"item\":\"https:\\\/\\\/fotoklub.sk\\\/\"},{\"@type\":\"ListItem\",\"position\":2,\"name\":\"Viano\u010dn\u00e9 trhy Ru\u017eomberok 2022\"}]},{\"@type\":\"WebSite\",\"@id\":\"https:\\\/\\\/fotoklub.sk\\\/#website\",\"url\":\"https:\\\/\\\/fotoklub.sk\\\/\",\"name\":\"Fotoklub RK 1924\",\"description\":\"1924 \u2013 2024 | 100 rokov nepretr\u017eitej existencie Fotoklubu\",\"publisher\":{\"@id\":\"https:\\\/\\\/fotoklub.sk\\\/#organization\"},\"alternateName\":\"Fotoklub Ru\u017eomberok\",\"potentialAction\":[{\"@type\":\"SearchAction\",\"target\":{\"@type\":\"EntryPoint\",\"urlTemplate\":\"https:\\\/\\\/fotoklub.sk\\\/?s={search_term_string}\"},\"query-input\":{\"@type\":\"PropertyValueSpecification\",\"valueRequired\":true,\"valueName\":\"search_term_string\"}}],\"inLanguage\":\"sk-SK\"},{\"@type\":\"Organization\",\"@id\":\"https:\\\/\\\/fotoklub.sk\\\/#organization\",\"name\":\"Fotoklub Ru\u017eomberok\",\"alternateName\":\"Ru\u017eombersk\u00fd fotoklub\",\"url\":\"https:\\\/\\\/fotoklub.sk\\\/\",\"logo\":{\"@type\":\"ImageObject\",\"inLanguage\":\"sk-SK\",\"@id\":\"https:\\\/\\\/fotoklub.sk\\\/#\\\/schema\\\/logo\\\/image\\\/\",\"url\":\"https:\\\/\\\/fotoklub.sk\\\/wp-content\\\/uploads\\\/2025\\\/02\\\/Logo_new.png\",\"contentUrl\":\"https:\\\/\\\/fotoklub.sk\\\/wp-content\\\/uploads\\\/2025\\\/02\\\/Logo_new.png\",\"width\":100,\"height\":98,\"caption\":\"Fotoklub Ru\u017eomberok\"},\"image\":{\"@id\":\"https:\\\/\\\/fotoklub.sk\\\/#\\\/schema\\\/logo\\\/image\\\/\"}}]}<\/script>\n<!-- \/ Yoast SEO plugin. -->","yoast_head_json":{"title":"Viano\u010dn\u00e9 trhy Ru\u017eomberok 2022 - Fotoklub RK 1924","robots":{"index":"index","follow":"follow","max-snippet":"max-snippet:-1","max-image-preview":"max-image-preview:large","max-video-preview":"max-video-preview:-1"},"canonical":"https:\/\/fotoklub.sk\/?page_id=695","og_locale":"sk_SK","og_type":"article","og_title":"Viano\u010dn\u00e9 trhy Ru\u017eomberok 2022 - Fotoklub RK 1924","og_url":"https:\/\/fotoklub.sk\/?page_id=695","og_site_name":"Fotoklub RK 1924","og_image":[{"width":1920,"height":1280,"url":"https:\/\/fotoklub.sk\/wp-content\/uploads\/2022\/12\/DSC_6429-1.jpg","type":"image\/jpeg"}],"twitter_card":"summary_large_image","schema":{"@context":"https:\/\/schema.org","@graph":[{"@type":"WebPage","@id":"https:\/\/fotoklub.sk\/?page_id=695","url":"https:\/\/fotoklub.sk\/?page_id=695","name":"Viano\u010dn\u00e9 trhy Ru\u017eomberok 2022 - Fotoklub RK 1924","isPartOf":{"@id":"https:\/\/fotoklub.sk\/#website"},"primaryImageOfPage":{"@id":"https:\/\/fotoklub.sk\/?page_id=695#primaryimage"},"image":{"@id":"https:\/\/fotoklub.sk\/?page_id=695#primaryimage"},"thumbnailUrl":"https:\/\/fotoklub.sk\/wp-content\/uploads\/2022\/12\/DSC_6429-1-1024x683.jpg","datePublished":"2022-12-21T19:46:34+00:00","breadcrumb":{"@id":"https:\/\/fotoklub.sk\/?page_id=695#breadcrumb"},"inLanguage":"sk-SK","potentialAction":[{"@type":"ReadAction","target":["https:\/\/fotoklub.sk\/?page_id=695"]}]},{"@type":"ImageObject","inLanguage":"sk-SK","@id":"https:\/\/fotoklub.sk\/?page_id=695#primaryimage","url":"https:\/\/fotoklub.sk\/wp-content\/uploads\/2022\/12\/DSC_6429-1.jpg","contentUrl":"https:\/\/fotoklub.sk\/wp-content\/uploads\/2022\/12\/DSC_6429-1.jpg","width":1920,"height":1280},{"@type":"BreadcrumbList","@id":"https:\/\/fotoklub.sk\/?page_id=695#breadcrumb","itemListElement":[{"@type":"ListItem","position":1,"name":"Domov","item":"https:\/\/fotoklub.sk\/"},{"@type":"ListItem","position":2,"name":"Viano\u010dn\u00e9 trhy Ru\u017eomberok 2022"}]},{"@type":"WebSite","@id":"https:\/\/fotoklub.sk\/#website","url":"https:\/\/fotoklub.sk\/","name":"Fotoklub RK 1924","description":"1924 \u2013 2024 | 100 rokov nepretr\u017eitej existencie Fotoklubu","publisher":{"@id":"https:\/\/fotoklub.sk\/#organization"},"alternateName":"Fotoklub Ru\u017eomberok","potentialAction":[{"@type":"SearchAction","target":{"@type":"EntryPoint","urlTemplate":"https:\/\/fotoklub.sk\/?s={search_term_string}"},"query-input":{"@type":"PropertyValueSpecification","valueRequired":true,"valueName":"search_term_string"}}],"inLanguage":"sk-SK"},{"@type":"Organization","@id":"https:\/\/fotoklub.sk\/#organization","name":"Fotoklub Ru\u017eomberok","alternateName":"Ru\u017eombersk\u00fd fotoklub","url":"https:\/\/fotoklub.sk\/","logo":{"@type":"ImageObject","inLanguage":"sk-SK","@id":"https:\/\/fotoklub.sk\/#\/schema\/logo\/image\/","url":"https:\/\/fotoklub.sk\/wp-content\/uploads\/2025\/02\/Logo_new.png","contentUrl":"https:\/\/fotoklub.sk\/wp-content\/uploads\/2025\/02\/Logo_new.png","width":100,"height":98,"caption":"Fotoklub Ru\u017eomberok"},"image":{"@id":"https:\/\/fotoklub.sk\/#\/schema\/logo\/image\/"}}]}},"jetpack_sharing_enabled":true,"_links":{"self":[{"href":"https:\/\/fotoklub.sk\/index.php?rest_route=\/wp\/v2\/pages\/695","targetHints":{"allow":["GET"]}}],"collection":[{"href":"https:\/\/fotoklub.sk\/index.php?rest_route=\/wp\/v2\/pages"}],"about":[{"href":"https:\/\/fotoklub.sk\/index.php?rest_route=\/wp\/v2\/types\/page"}],"author":[{"embeddable":true,"href":"https:\/\/fotoklub.sk\/index.php?rest_route=\/wp\/v2\/users\/7"}],"replies":[{"embeddable":true,"href":"https:\/\/fotoklub.sk\/index.php?rest_route=%2Fwp%2Fv2%2Fcomments&post=695"}],"version-history":[{"count":1,"href":"https:\/\/fotoklub.sk\/index.php?rest_route=\/wp\/v2\/pages\/695\/revisions"}],"predecessor-version":[{"id":748,"href":"https:\/\/fotoklub.sk\/index.php?rest_route=\/wp\/v2\/pages\/695\/revisions\/748"}],"wp:attachment":[{"href":"https:\/\/fotoklub.sk\/index.php?rest_route=%2Fwp%2Fv2%2Fmedia&parent=695"}],"curies":[{"name":"wp","href":"https:\/\/api.w.org\/{rel}","templated":true}]}}