{"id":66,"date":"2021-12-06T17:29:54","date_gmt":"2021-12-06T16:29:54","guid":{"rendered":"https:\/\/fotoklub.sk\/?page_id=66"},"modified":"2021-12-06T17:29:55","modified_gmt":"2021-12-06T16:29:55","slug":"viktor-poliak","status":"publish","type":"page","link":"https:\/\/fotoklub.sk\/?page_id=66","title":{"rendered":"Viktor Poliak"},"content":{"rendered":"\n<p>Narodil som sa 3. 12. 1957.<\/p>\n\n\n\n<p>Fotografujem od roku 1966.<\/p>\n\n\n\n<p>\u010clenstvo: Fotoklub RK 1924 v Ru\u017eomberku, Zv\u00e4z slovensk\u00fdch fotografov.<\/p>\n\n\n\n<p>S fotografovan\u00edm som za\u010dal s Beirettou a prv\u00fdm bleskom na jednor\u00e1zov\u00e9 \u017eiarovky asi v deviatich rokoch. Fotografoval som \u010do som videl okolo seba, zmeny \u017eivota a budov v meste Ru\u017eomberku, n\u00e1mety z vysokohorsk\u00fdch t\u00far aj z dovoleniek pri mori.<\/p>\n\n\n\n<p>Mnoh\u00e9 sn\u00edmky report\u00e1\u017eneho charakteru vznikli na gymn\u00e1ziu, po\u010das \u0161t\u00fadia na Vysokej \u0161kole dopravy a spojov v \u017diline, po\u010das vojenskej slu\u017eby. Z\u00fa\u010dast\u0148oval som sa pravidelne r\u00f4znych v\u00fdstav a s\u00fa\u0165a\u017e\u00ed. Fotoapar\u00e1ty sa postupne menili, menil som sa aj ja i m\u00f4j poh\u013ead na svet.<\/p>\n\n\n\n<p>Aj v s\u00fa\u010dasnosti sa z\u00fa\u010dast\u0148ujem na region\u00e1lnych, celoslovensk\u00fdch a medzin\u00e1rodn\u00fdch v\u00fdstav\u00e1ch.<\/p>\n","protected":false},"excerpt":{"rendered":"<p>Narodil som sa 3. 12. 1957. Fotografujem od roku 1966. \u010clenstvo: Fotoklub RK 1924 v Ru\u017eomberku, Zv\u00e4z slovensk\u00fdch fotografov. S fotografovan\u00edm som za\u010dal s Beirettou a prv\u00fdm bleskom na jednor\u00e1zov\u00e9 \u017eiarovky asi v deviatich rokoch. Fotografoval som \u010do som videl okolo seba, zmeny \u017eivota a budov v meste Ru\u017eomberku, n\u00e1mety z vysokohorsk\u00fdch t\u00far aj z &hellip;<br \/><a href=\"https:\/\/fotoklub.sk\/?page_id=66\" class=\"more-link pen_button pen_element_default pen_icon_arrow_double\">\u010c\u00edta\u0165 \u010falej <span class=\"screen-reader-text\">Viktor Poliak<\/span><\/a><\/p>\n","protected":false},"author":1,"featured_media":67,"parent":0,"menu_order":0,"comment_status":"closed","ping_status":"closed","template":"","meta":{"footnotes":""},"class_list":["post-66","page","type-page","status-publish","has-post-thumbnail","hentry"],"yoast_head":"<!-- This site is optimized with the Yoast SEO plugin v27.4 - https:\/\/yoast.com\/product\/yoast-seo-wordpress\/ -->\n<title>Viktor Poliak - Fotoklub RK 1924<\/title>\n<meta name=\"robots\" content=\"index, follow, max-snippet:-1, max-image-preview:large, max-video-preview:-1\" \/>\n<link rel=\"canonical\" href=\"https:\/\/fotoklub.sk\/?page_id=66\" \/>\n<meta property=\"og:locale\" content=\"sk_SK\" \/>\n<meta property=\"og:type\" content=\"article\" \/>\n<meta property=\"og:title\" content=\"Viktor Poliak - Fotoklub RK 1924\" \/>\n<meta property=\"og:description\" content=\"Narodil som sa 3. 12. 1957. Fotografujem od roku 1966. \u010clenstvo: Fotoklub RK 1924 v Ru\u017eomberku, Zv\u00e4z slovensk\u00fdch fotografov. S fotografovan\u00edm som za\u010dal s Beirettou a prv\u00fdm bleskom na jednor\u00e1zov\u00e9 \u017eiarovky asi v deviatich rokoch. Fotografoval som \u010do som videl okolo seba, zmeny \u017eivota a budov v meste Ru\u017eomberku, n\u00e1mety z vysokohorsk\u00fdch t\u00far aj z &hellip;\u010c\u00edta\u0165 \u010falej Viktor Poliak\" \/>\n<meta property=\"og:url\" content=\"https:\/\/fotoklub.sk\/?page_id=66\" \/>\n<meta property=\"og:site_name\" content=\"Fotoklub RK 1924\" \/>\n<meta property=\"article:modified_time\" content=\"2021-12-06T16:29:55+00:00\" \/>\n<meta property=\"og:image\" content=\"https:\/\/fotoklub.sk\/wp-content\/uploads\/2021\/12\/Poliak-V..jpg\" \/>\n\t<meta property=\"og:image:width\" content=\"152\" \/>\n\t<meta property=\"og:image:height\" content=\"202\" \/>\n\t<meta property=\"og:image:type\" content=\"image\/jpeg\" \/>\n<meta name=\"twitter:card\" content=\"summary_large_image\" \/>\n<meta name=\"twitter:label1\" content=\"Predpokladan\u00fd \u010das \u010d\u00edtania\" \/>\n\t<meta name=\"twitter:data1\" content=\"1 min\u00fata\" \/>\n<script type=\"application\/ld+json\" class=\"yoast-schema-graph\">{\"@context\":\"https:\\\/\\\/schema.org\",\"@graph\":[{\"@type\":\"WebPage\",\"@id\":\"https:\\\/\\\/fotoklub.sk\\\/?page_id=66\",\"url\":\"https:\\\/\\\/fotoklub.sk\\\/?page_id=66\",\"name\":\"Viktor Poliak - Fotoklub RK 1924\",\"isPartOf\":{\"@id\":\"https:\\\/\\\/fotoklub.sk\\\/#website\"},\"primaryImageOfPage\":{\"@id\":\"https:\\\/\\\/fotoklub.sk\\\/?page_id=66#primaryimage\"},\"image\":{\"@id\":\"https:\\\/\\\/fotoklub.sk\\\/?page_id=66#primaryimage\"},\"thumbnailUrl\":\"https:\\\/\\\/fotoklub.sk\\\/wp-content\\\/uploads\\\/2021\\\/12\\\/Poliak-V..jpg\",\"datePublished\":\"2021-12-06T16:29:54+00:00\",\"dateModified\":\"2021-12-06T16:29:55+00:00\",\"breadcrumb\":{\"@id\":\"https:\\\/\\\/fotoklub.sk\\\/?page_id=66#breadcrumb\"},\"inLanguage\":\"sk-SK\",\"potentialAction\":[{\"@type\":\"ReadAction\",\"target\":[\"https:\\\/\\\/fotoklub.sk\\\/?page_id=66\"]}]},{\"@type\":\"ImageObject\",\"inLanguage\":\"sk-SK\",\"@id\":\"https:\\\/\\\/fotoklub.sk\\\/?page_id=66#primaryimage\",\"url\":\"https:\\\/\\\/fotoklub.sk\\\/wp-content\\\/uploads\\\/2021\\\/12\\\/Poliak-V..jpg\",\"contentUrl\":\"https:\\\/\\\/fotoklub.sk\\\/wp-content\\\/uploads\\\/2021\\\/12\\\/Poliak-V..jpg\",\"width\":152,\"height\":202},{\"@type\":\"BreadcrumbList\",\"@id\":\"https:\\\/\\\/fotoklub.sk\\\/?page_id=66#breadcrumb\",\"itemListElement\":[{\"@type\":\"ListItem\",\"position\":1,\"name\":\"Domov\",\"item\":\"https:\\\/\\\/fotoklub.sk\\\/\"},{\"@type\":\"ListItem\",\"position\":2,\"name\":\"Viktor Poliak\"}]},{\"@type\":\"WebSite\",\"@id\":\"https:\\\/\\\/fotoklub.sk\\\/#website\",\"url\":\"https:\\\/\\\/fotoklub.sk\\\/\",\"name\":\"Fotoklub RK 1924\",\"description\":\"1924 \u2013 2024 | 100 rokov nepretr\u017eitej existencie Fotoklubu\",\"publisher\":{\"@id\":\"https:\\\/\\\/fotoklub.sk\\\/#organization\"},\"alternateName\":\"Fotoklub Ru\u017eomberok\",\"potentialAction\":[{\"@type\":\"SearchAction\",\"target\":{\"@type\":\"EntryPoint\",\"urlTemplate\":\"https:\\\/\\\/fotoklub.sk\\\/?s={search_term_string}\"},\"query-input\":{\"@type\":\"PropertyValueSpecification\",\"valueRequired\":true,\"valueName\":\"search_term_string\"}}],\"inLanguage\":\"sk-SK\"},{\"@type\":\"Organization\",\"@id\":\"https:\\\/\\\/fotoklub.sk\\\/#organization\",\"name\":\"Fotoklub Ru\u017eomberok\",\"alternateName\":\"Ru\u017eombersk\u00fd fotoklub\",\"url\":\"https:\\\/\\\/fotoklub.sk\\\/\",\"logo\":{\"@type\":\"ImageObject\",\"inLanguage\":\"sk-SK\",\"@id\":\"https:\\\/\\\/fotoklub.sk\\\/#\\\/schema\\\/logo\\\/image\\\/\",\"url\":\"https:\\\/\\\/fotoklub.sk\\\/wp-content\\\/uploads\\\/2025\\\/02\\\/Logo_new.png\",\"contentUrl\":\"https:\\\/\\\/fotoklub.sk\\\/wp-content\\\/uploads\\\/2025\\\/02\\\/Logo_new.png\",\"width\":100,\"height\":98,\"caption\":\"Fotoklub Ru\u017eomberok\"},\"image\":{\"@id\":\"https:\\\/\\\/fotoklub.sk\\\/#\\\/schema\\\/logo\\\/image\\\/\"}}]}<\/script>\n<!-- \/ Yoast SEO plugin. -->","yoast_head_json":{"title":"Viktor Poliak - Fotoklub RK 1924","robots":{"index":"index","follow":"follow","max-snippet":"max-snippet:-1","max-image-preview":"max-image-preview:large","max-video-preview":"max-video-preview:-1"},"canonical":"https:\/\/fotoklub.sk\/?page_id=66","og_locale":"sk_SK","og_type":"article","og_title":"Viktor Poliak - Fotoklub RK 1924","og_description":"Narodil som sa 3. 12. 1957. Fotografujem od roku 1966. \u010clenstvo: Fotoklub RK 1924 v Ru\u017eomberku, Zv\u00e4z slovensk\u00fdch fotografov. S fotografovan\u00edm som za\u010dal s Beirettou a prv\u00fdm bleskom na jednor\u00e1zov\u00e9 \u017eiarovky asi v deviatich rokoch. Fotografoval som \u010do som videl okolo seba, zmeny \u017eivota a budov v meste Ru\u017eomberku, n\u00e1mety z vysokohorsk\u00fdch t\u00far aj z &hellip;\u010c\u00edta\u0165 \u010falej Viktor Poliak","og_url":"https:\/\/fotoklub.sk\/?page_id=66","og_site_name":"Fotoklub RK 1924","article_modified_time":"2021-12-06T16:29:55+00:00","og_image":[{"width":152,"height":202,"url":"https:\/\/fotoklub.sk\/wp-content\/uploads\/2021\/12\/Poliak-V..jpg","type":"image\/jpeg"}],"twitter_card":"summary_large_image","twitter_misc":{"Predpokladan\u00fd \u010das \u010d\u00edtania":"1 min\u00fata"},"schema":{"@context":"https:\/\/schema.org","@graph":[{"@type":"WebPage","@id":"https:\/\/fotoklub.sk\/?page_id=66","url":"https:\/\/fotoklub.sk\/?page_id=66","name":"Viktor Poliak - Fotoklub RK 1924","isPartOf":{"@id":"https:\/\/fotoklub.sk\/#website"},"primaryImageOfPage":{"@id":"https:\/\/fotoklub.sk\/?page_id=66#primaryimage"},"image":{"@id":"https:\/\/fotoklub.sk\/?page_id=66#primaryimage"},"thumbnailUrl":"https:\/\/fotoklub.sk\/wp-content\/uploads\/2021\/12\/Poliak-V..jpg","datePublished":"2021-12-06T16:29:54+00:00","dateModified":"2021-12-06T16:29:55+00:00","breadcrumb":{"@id":"https:\/\/fotoklub.sk\/?page_id=66#breadcrumb"},"inLanguage":"sk-SK","potentialAction":[{"@type":"ReadAction","target":["https:\/\/fotoklub.sk\/?page_id=66"]}]},{"@type":"ImageObject","inLanguage":"sk-SK","@id":"https:\/\/fotoklub.sk\/?page_id=66#primaryimage","url":"https:\/\/fotoklub.sk\/wp-content\/uploads\/2021\/12\/Poliak-V..jpg","contentUrl":"https:\/\/fotoklub.sk\/wp-content\/uploads\/2021\/12\/Poliak-V..jpg","width":152,"height":202},{"@type":"BreadcrumbList","@id":"https:\/\/fotoklub.sk\/?page_id=66#breadcrumb","itemListElement":[{"@type":"ListItem","position":1,"name":"Domov","item":"https:\/\/fotoklub.sk\/"},{"@type":"ListItem","position":2,"name":"Viktor Poliak"}]},{"@type":"WebSite","@id":"https:\/\/fotoklub.sk\/#website","url":"https:\/\/fotoklub.sk\/","name":"Fotoklub RK 1924","description":"1924 \u2013 2024 | 100 rokov nepretr\u017eitej existencie Fotoklubu","publisher":{"@id":"https:\/\/fotoklub.sk\/#organization"},"alternateName":"Fotoklub Ru\u017eomberok","potentialAction":[{"@type":"SearchAction","target":{"@type":"EntryPoint","urlTemplate":"https:\/\/fotoklub.sk\/?s={search_term_string}"},"query-input":{"@type":"PropertyValueSpecification","valueRequired":true,"valueName":"search_term_string"}}],"inLanguage":"sk-SK"},{"@type":"Organization","@id":"https:\/\/fotoklub.sk\/#organization","name":"Fotoklub Ru\u017eomberok","alternateName":"Ru\u017eombersk\u00fd fotoklub","url":"https:\/\/fotoklub.sk\/","logo":{"@type":"ImageObject","inLanguage":"sk-SK","@id":"https:\/\/fotoklub.sk\/#\/schema\/logo\/image\/","url":"https:\/\/fotoklub.sk\/wp-content\/uploads\/2025\/02\/Logo_new.png","contentUrl":"https:\/\/fotoklub.sk\/wp-content\/uploads\/2025\/02\/Logo_new.png","width":100,"height":98,"caption":"Fotoklub Ru\u017eomberok"},"image":{"@id":"https:\/\/fotoklub.sk\/#\/schema\/logo\/image\/"}}]}},"jetpack_sharing_enabled":true,"_links":{"self":[{"href":"https:\/\/fotoklub.sk\/index.php?rest_route=\/wp\/v2\/pages\/66","targetHints":{"allow":["GET"]}}],"collection":[{"href":"https:\/\/fotoklub.sk\/index.php?rest_route=\/wp\/v2\/pages"}],"about":[{"href":"https:\/\/fotoklub.sk\/index.php?rest_route=\/wp\/v2\/types\/page"}],"author":[{"embeddable":true,"href":"https:\/\/fotoklub.sk\/index.php?rest_route=\/wp\/v2\/users\/1"}],"replies":[{"embeddable":true,"href":"https:\/\/fotoklub.sk\/index.php?rest_route=%2Fwp%2Fv2%2Fcomments&post=66"}],"version-history":[{"count":1,"href":"https:\/\/fotoklub.sk\/index.php?rest_route=\/wp\/v2\/pages\/66\/revisions"}],"predecessor-version":[{"id":68,"href":"https:\/\/fotoklub.sk\/index.php?rest_route=\/wp\/v2\/pages\/66\/revisions\/68"}],"wp:featuredmedia":[{"embeddable":true,"href":"https:\/\/fotoklub.sk\/index.php?rest_route=\/wp\/v2\/media\/67"}],"wp:attachment":[{"href":"https:\/\/fotoklub.sk\/index.php?rest_route=%2Fwp%2Fv2%2Fmedia&parent=66"}],"curies":[{"name":"wp","href":"https:\/\/api.w.org\/{rel}","templated":true}]}}