{"id":55,"date":"2021-12-06T17:25:49","date_gmt":"2021-12-06T16:25:49","guid":{"rendered":"https:\/\/fotoklub.sk\/?page_id=55"},"modified":"2023-07-09T18:57:03","modified_gmt":"2023-07-09T16:57:03","slug":"anton-mundier","status":"publish","type":"page","link":"https:\/\/fotoklub.sk\/?page_id=55","title":{"rendered":"Anton Mundier"},"content":{"rendered":"\n<p>Poch\u00e1dzam z oravsk\u00e9ho Z\u00e1kamenn\u00e9ho, narodil som sa 20. 7. 1989.<\/p>\n\n\n\n<p>K fotografii som sa dostal po ukon\u010den\u00ed strednej \u0161koly, kedy som si k\u00fapil svoj prv\u00fd kompakt, Samsung S630. Svoj vo\u013en\u00fd \u010das som tr\u00e1vil prim\u00e1rne v pr\u00edrode s apar\u00e1tom v ruke.<br>\u010casom som si zadov\u00e1\u017eil ultra zoom Olympus SP570UZ. Postupne som k fotografick\u00e9mu kon\u00ed\u010dku prid\u00e1val aj tvorbu grafick\u00fdch n\u00e1vrhov.<\/p>\n\n\n\n<p>V roku 2015 som si ako prv\u00fa zrkadlovku k\u00fapil Nikon D40. Pri tejto zna\u010dke som, cez D300 a\u017e po aktu\u00e1lnu D7500 a D800 zostal dones.<\/p>\n\n\n\n<p>Moje fotografick\u00e9 sk\u00fasenosti som nadobudol pri foten\u00ed koncertov, Dn\u00ed obce, osl\u00e1v, svadieb alebo portr\u00e9tov pre r\u00f4zne pr\u00edle\u017eitosti.<\/p>\n\n\n\n<p>Aktu\u00e1lne \u017eijem aj s mojou pani man\u017eelkou v Ru\u017eomberku.<\/p>\n\n\n\n<p>V roku 2020 som sa stal \u010dlenom fotoklubu RK1924<\/p>\n\n\n\n<p>Bav\u00ed ma fotenie pr\u00edrody a report\u00e1\u017e\u00ed \u010di portr\u00e9tov. <\/p>\n\n\n\n<p><\/p>\n\n\n\n<div class=\"wp-block-buttons is-layout-flex wp-block-buttons-is-layout-flex\">\n<div class=\"wp-block-button\"><a class=\"wp-block-button__link\" href=\"https:\/\/fotoklub.sk\/?page_id=815\">Gal\u00e9ria<\/a><\/div>\n<\/div>\n","protected":false},"excerpt":{"rendered":"<p>Poch\u00e1dzam z oravsk\u00e9ho Z\u00e1kamenn\u00e9ho, narodil som sa 20. 7. 1989. K fotografii som sa dostal po ukon\u010den\u00ed strednej \u0161koly, kedy som si k\u00fapil svoj prv\u00fd kompakt, Samsung S630. Svoj vo\u013en\u00fd \u010das som tr\u00e1vil prim\u00e1rne v pr\u00edrode s apar\u00e1tom v ruke.\u010casom som si zadov\u00e1\u017eil ultra zoom Olympus SP570UZ. Postupne som k fotografick\u00e9mu kon\u00ed\u010dku prid\u00e1val aj tvorbu &hellip;<br \/><a href=\"https:\/\/fotoklub.sk\/?page_id=55\" class=\"more-link pen_button pen_element_default pen_icon_arrow_double\">\u010c\u00edta\u0165 \u010falej <span class=\"screen-reader-text\">Anton Mundier<\/span><\/a><\/p>\n","protected":false},"author":1,"featured_media":1063,"parent":0,"menu_order":0,"comment_status":"closed","ping_status":"closed","template":"","meta":{"footnotes":""},"class_list":["post-55","page","type-page","status-publish","has-post-thumbnail","hentry"],"yoast_head":"<!-- This site is optimized with the Yoast SEO plugin v27.4 - https:\/\/yoast.com\/product\/yoast-seo-wordpress\/ -->\n<title>Anton Mundier - Fotoklub RK 1924<\/title>\n<meta name=\"robots\" content=\"index, follow, max-snippet:-1, max-image-preview:large, max-video-preview:-1\" \/>\n<link rel=\"canonical\" href=\"https:\/\/fotoklub.sk\/?page_id=55\" \/>\n<meta property=\"og:locale\" content=\"sk_SK\" \/>\n<meta property=\"og:type\" content=\"article\" \/>\n<meta property=\"og:title\" content=\"Anton Mundier - Fotoklub RK 1924\" \/>\n<meta property=\"og:description\" content=\"Poch\u00e1dzam z oravsk\u00e9ho Z\u00e1kamenn\u00e9ho, narodil som sa 20. 7. 1989. K fotografii som sa dostal po ukon\u010den\u00ed strednej \u0161koly, kedy som si k\u00fapil svoj prv\u00fd kompakt, Samsung S630. Svoj vo\u013en\u00fd \u010das som tr\u00e1vil prim\u00e1rne v pr\u00edrode s apar\u00e1tom v ruke.\u010casom som si zadov\u00e1\u017eil ultra zoom Olympus SP570UZ. Postupne som k fotografick\u00e9mu kon\u00ed\u010dku prid\u00e1val aj tvorbu &hellip;\u010c\u00edta\u0165 \u010falej Anton Mundier\" \/>\n<meta property=\"og:url\" content=\"https:\/\/fotoklub.sk\/?page_id=55\" \/>\n<meta property=\"og:site_name\" content=\"Fotoklub RK 1924\" \/>\n<meta property=\"article:modified_time\" content=\"2023-07-09T16:57:03+00:00\" \/>\n<meta property=\"og:image\" content=\"https:\/\/fotoklub.sk\/wp-content\/uploads\/2021\/12\/Mundier2.jpg\" \/>\n\t<meta property=\"og:image:width\" content=\"300\" \/>\n\t<meta property=\"og:image:height\" content=\"350\" \/>\n\t<meta property=\"og:image:type\" content=\"image\/jpeg\" \/>\n<meta name=\"twitter:card\" content=\"summary_large_image\" \/>\n<meta name=\"twitter:label1\" content=\"Predpokladan\u00fd \u010das \u010d\u00edtania\" \/>\n\t<meta name=\"twitter:data1\" content=\"1 min\u00fata\" \/>\n<script type=\"application\/ld+json\" class=\"yoast-schema-graph\">{\"@context\":\"https:\\\/\\\/schema.org\",\"@graph\":[{\"@type\":\"WebPage\",\"@id\":\"https:\\\/\\\/fotoklub.sk\\\/?page_id=55\",\"url\":\"https:\\\/\\\/fotoklub.sk\\\/?page_id=55\",\"name\":\"Anton Mundier - Fotoklub RK 1924\",\"isPartOf\":{\"@id\":\"https:\\\/\\\/fotoklub.sk\\\/#website\"},\"primaryImageOfPage\":{\"@id\":\"https:\\\/\\\/fotoklub.sk\\\/?page_id=55#primaryimage\"},\"image\":{\"@id\":\"https:\\\/\\\/fotoklub.sk\\\/?page_id=55#primaryimage\"},\"thumbnailUrl\":\"https:\\\/\\\/fotoklub.sk\\\/wp-content\\\/uploads\\\/2023\\\/07\\\/20230709_160132.jpg\",\"datePublished\":\"2021-12-06T16:25:49+00:00\",\"dateModified\":\"2023-07-09T16:57:03+00:00\",\"breadcrumb\":{\"@id\":\"https:\\\/\\\/fotoklub.sk\\\/?page_id=55#breadcrumb\"},\"inLanguage\":\"sk-SK\",\"potentialAction\":[{\"@type\":\"ReadAction\",\"target\":[\"https:\\\/\\\/fotoklub.sk\\\/?page_id=55\"]}]},{\"@type\":\"ImageObject\",\"inLanguage\":\"sk-SK\",\"@id\":\"https:\\\/\\\/fotoklub.sk\\\/?page_id=55#primaryimage\",\"url\":\"https:\\\/\\\/fotoklub.sk\\\/wp-content\\\/uploads\\\/2023\\\/07\\\/20230709_160132.jpg\",\"contentUrl\":\"https:\\\/\\\/fotoklub.sk\\\/wp-content\\\/uploads\\\/2023\\\/07\\\/20230709_160132.jpg\",\"width\":1920,\"height\":1440},{\"@type\":\"BreadcrumbList\",\"@id\":\"https:\\\/\\\/fotoklub.sk\\\/?page_id=55#breadcrumb\",\"itemListElement\":[{\"@type\":\"ListItem\",\"position\":1,\"name\":\"Domov\",\"item\":\"https:\\\/\\\/fotoklub.sk\\\/\"},{\"@type\":\"ListItem\",\"position\":2,\"name\":\"Anton Mundier\"}]},{\"@type\":\"WebSite\",\"@id\":\"https:\\\/\\\/fotoklub.sk\\\/#website\",\"url\":\"https:\\\/\\\/fotoklub.sk\\\/\",\"name\":\"Fotoklub RK 1924\",\"description\":\"1924 \u2013 2024 | 100 rokov nepretr\u017eitej existencie Fotoklubu\",\"publisher\":{\"@id\":\"https:\\\/\\\/fotoklub.sk\\\/#organization\"},\"alternateName\":\"Fotoklub Ru\u017eomberok\",\"potentialAction\":[{\"@type\":\"SearchAction\",\"target\":{\"@type\":\"EntryPoint\",\"urlTemplate\":\"https:\\\/\\\/fotoklub.sk\\\/?s={search_term_string}\"},\"query-input\":{\"@type\":\"PropertyValueSpecification\",\"valueRequired\":true,\"valueName\":\"search_term_string\"}}],\"inLanguage\":\"sk-SK\"},{\"@type\":\"Organization\",\"@id\":\"https:\\\/\\\/fotoklub.sk\\\/#organization\",\"name\":\"Fotoklub Ru\u017eomberok\",\"alternateName\":\"Ru\u017eombersk\u00fd fotoklub\",\"url\":\"https:\\\/\\\/fotoklub.sk\\\/\",\"logo\":{\"@type\":\"ImageObject\",\"inLanguage\":\"sk-SK\",\"@id\":\"https:\\\/\\\/fotoklub.sk\\\/#\\\/schema\\\/logo\\\/image\\\/\",\"url\":\"https:\\\/\\\/fotoklub.sk\\\/wp-content\\\/uploads\\\/2025\\\/02\\\/Logo_new.png\",\"contentUrl\":\"https:\\\/\\\/fotoklub.sk\\\/wp-content\\\/uploads\\\/2025\\\/02\\\/Logo_new.png\",\"width\":100,\"height\":98,\"caption\":\"Fotoklub Ru\u017eomberok\"},\"image\":{\"@id\":\"https:\\\/\\\/fotoklub.sk\\\/#\\\/schema\\\/logo\\\/image\\\/\"}}]}<\/script>\n<!-- \/ Yoast SEO plugin. -->","yoast_head_json":{"title":"Anton Mundier - Fotoklub RK 1924","robots":{"index":"index","follow":"follow","max-snippet":"max-snippet:-1","max-image-preview":"max-image-preview:large","max-video-preview":"max-video-preview:-1"},"canonical":"https:\/\/fotoklub.sk\/?page_id=55","og_locale":"sk_SK","og_type":"article","og_title":"Anton Mundier - Fotoklub RK 1924","og_description":"Poch\u00e1dzam z oravsk\u00e9ho Z\u00e1kamenn\u00e9ho, narodil som sa 20. 7. 1989. K fotografii som sa dostal po ukon\u010den\u00ed strednej \u0161koly, kedy som si k\u00fapil svoj prv\u00fd kompakt, Samsung S630. Svoj vo\u013en\u00fd \u010das som tr\u00e1vil prim\u00e1rne v pr\u00edrode s apar\u00e1tom v ruke.\u010casom som si zadov\u00e1\u017eil ultra zoom Olympus SP570UZ. Postupne som k fotografick\u00e9mu kon\u00ed\u010dku prid\u00e1val aj tvorbu &hellip;\u010c\u00edta\u0165 \u010falej Anton Mundier","og_url":"https:\/\/fotoklub.sk\/?page_id=55","og_site_name":"Fotoklub RK 1924","article_modified_time":"2023-07-09T16:57:03+00:00","og_image":[{"width":300,"height":350,"url":"https:\/\/fotoklub.sk\/wp-content\/uploads\/2021\/12\/Mundier2.jpg","type":"image\/jpeg"}],"twitter_card":"summary_large_image","twitter_misc":{"Predpokladan\u00fd \u010das \u010d\u00edtania":"1 min\u00fata"},"schema":{"@context":"https:\/\/schema.org","@graph":[{"@type":"WebPage","@id":"https:\/\/fotoklub.sk\/?page_id=55","url":"https:\/\/fotoklub.sk\/?page_id=55","name":"Anton Mundier - Fotoklub RK 1924","isPartOf":{"@id":"https:\/\/fotoklub.sk\/#website"},"primaryImageOfPage":{"@id":"https:\/\/fotoklub.sk\/?page_id=55#primaryimage"},"image":{"@id":"https:\/\/fotoklub.sk\/?page_id=55#primaryimage"},"thumbnailUrl":"https:\/\/fotoklub.sk\/wp-content\/uploads\/2023\/07\/20230709_160132.jpg","datePublished":"2021-12-06T16:25:49+00:00","dateModified":"2023-07-09T16:57:03+00:00","breadcrumb":{"@id":"https:\/\/fotoklub.sk\/?page_id=55#breadcrumb"},"inLanguage":"sk-SK","potentialAction":[{"@type":"ReadAction","target":["https:\/\/fotoklub.sk\/?page_id=55"]}]},{"@type":"ImageObject","inLanguage":"sk-SK","@id":"https:\/\/fotoklub.sk\/?page_id=55#primaryimage","url":"https:\/\/fotoklub.sk\/wp-content\/uploads\/2023\/07\/20230709_160132.jpg","contentUrl":"https:\/\/fotoklub.sk\/wp-content\/uploads\/2023\/07\/20230709_160132.jpg","width":1920,"height":1440},{"@type":"BreadcrumbList","@id":"https:\/\/fotoklub.sk\/?page_id=55#breadcrumb","itemListElement":[{"@type":"ListItem","position":1,"name":"Domov","item":"https:\/\/fotoklub.sk\/"},{"@type":"ListItem","position":2,"name":"Anton Mundier"}]},{"@type":"WebSite","@id":"https:\/\/fotoklub.sk\/#website","url":"https:\/\/fotoklub.sk\/","name":"Fotoklub RK 1924","description":"1924 \u2013 2024 | 100 rokov nepretr\u017eitej existencie Fotoklubu","publisher":{"@id":"https:\/\/fotoklub.sk\/#organization"},"alternateName":"Fotoklub Ru\u017eomberok","potentialAction":[{"@type":"SearchAction","target":{"@type":"EntryPoint","urlTemplate":"https:\/\/fotoklub.sk\/?s={search_term_string}"},"query-input":{"@type":"PropertyValueSpecification","valueRequired":true,"valueName":"search_term_string"}}],"inLanguage":"sk-SK"},{"@type":"Organization","@id":"https:\/\/fotoklub.sk\/#organization","name":"Fotoklub Ru\u017eomberok","alternateName":"Ru\u017eombersk\u00fd fotoklub","url":"https:\/\/fotoklub.sk\/","logo":{"@type":"ImageObject","inLanguage":"sk-SK","@id":"https:\/\/fotoklub.sk\/#\/schema\/logo\/image\/","url":"https:\/\/fotoklub.sk\/wp-content\/uploads\/2025\/02\/Logo_new.png","contentUrl":"https:\/\/fotoklub.sk\/wp-content\/uploads\/2025\/02\/Logo_new.png","width":100,"height":98,"caption":"Fotoklub Ru\u017eomberok"},"image":{"@id":"https:\/\/fotoklub.sk\/#\/schema\/logo\/image\/"}}]}},"jetpack_sharing_enabled":true,"_links":{"self":[{"href":"https:\/\/fotoklub.sk\/index.php?rest_route=\/wp\/v2\/pages\/55","targetHints":{"allow":["GET"]}}],"collection":[{"href":"https:\/\/fotoklub.sk\/index.php?rest_route=\/wp\/v2\/pages"}],"about":[{"href":"https:\/\/fotoklub.sk\/index.php?rest_route=\/wp\/v2\/types\/page"}],"author":[{"embeddable":true,"href":"https:\/\/fotoklub.sk\/index.php?rest_route=\/wp\/v2\/users\/1"}],"replies":[{"embeddable":true,"href":"https:\/\/fotoklub.sk\/index.php?rest_route=%2Fwp%2Fv2%2Fcomments&post=55"}],"version-history":[{"count":4,"href":"https:\/\/fotoklub.sk\/index.php?rest_route=\/wp\/v2\/pages\/55\/revisions"}],"predecessor-version":[{"id":1064,"href":"https:\/\/fotoklub.sk\/index.php?rest_route=\/wp\/v2\/pages\/55\/revisions\/1064"}],"wp:featuredmedia":[{"embeddable":true,"href":"https:\/\/fotoklub.sk\/index.php?rest_route=\/wp\/v2\/media\/1063"}],"wp:attachment":[{"href":"https:\/\/fotoklub.sk\/index.php?rest_route=%2Fwp%2Fv2%2Fmedia&parent=55"}],"curies":[{"name":"wp","href":"https:\/\/api.w.org\/{rel}","templated":true}]}}