{"id":250,"date":"2021-12-06T21:44:13","date_gmt":"2021-12-06T20:44:13","guid":{"rendered":"https:\/\/fotoklub.sk\/?page_id=250"},"modified":"2025-12-21T20:51:58","modified_gmt":"2025-12-21T19:51:58","slug":"clanky","status":"publish","type":"page","link":"https:\/\/fotoklub.sk\/?page_id=250","title":{"rendered":"\u010cl\u00e1nky"},"content":{"rendered":"\n<p class=\"has-vivid-cyan-blue-color has-text-color has-link-color wp-elements-3dc28f9c3c86a73acfb139467d5a7d66\">Viano\u010dn\u00fd pozdrav Mari\u00e1na Mydla.<\/p>\n\n\n\n<p>Viano\u010dn\u00fd pozdrav od odchadzaj\u00faceho priate\u013ea fotoklubu Mari\u00e1na Mydla.<br>\u010eakujeme mu za v\u0161etku pomoc a \u017eel\u00e1me mu v\u0161etko dobre.<\/p>\n\n\n\n<figure data-wp-context=\"{&quot;imageId&quot;:&quot;69ecd1dc06862&quot;}\" data-wp-interactive=\"core\/image\" data-wp-key=\"69ecd1dc06862\" class=\"wp-block-image size-full wp-lightbox-container\"><img decoding=\"async\" width=\"760\" height=\"1000\" data-wp-class--hide=\"state.isContentHidden\" data-wp-class--show=\"state.isContentVisible\" data-wp-init=\"callbacks.setButtonStyles\" data-wp-on--click=\"actions.showLightbox\" data-wp-on--load=\"callbacks.setButtonStyles\" data-wp-on-window--resize=\"callbacks.setButtonStyles\" src=\"https:\/\/fotoklub.sk\/wp-content\/uploads\/2025\/12\/Pozdrav-Marian-Mydlo.jpg\" alt=\"\" class=\"wp-image-3202\" srcset=\"https:\/\/fotoklub.sk\/wp-content\/uploads\/2025\/12\/Pozdrav-Marian-Mydlo.jpg 760w, https:\/\/fotoklub.sk\/wp-content\/uploads\/2025\/12\/Pozdrav-Marian-Mydlo-228x300.jpg 228w\" sizes=\"(max-width: 760px) 100vw, 760px\" \/><button\n\t\t\tclass=\"lightbox-trigger\"\n\t\t\ttype=\"button\"\n\t\t\taria-haspopup=\"dialog\"\n\t\t\taria-label=\"Zv\u00e4\u010d\u0161i\u0165\"\n\t\t\tdata-wp-init=\"callbacks.initTriggerButton\"\n\t\t\tdata-wp-on--click=\"actions.showLightbox\"\n\t\t\tdata-wp-style--right=\"state.imageButtonRight\"\n\t\t\tdata-wp-style--top=\"state.imageButtonTop\"\n\t\t>\n\t\t\t<svg xmlns=\"http:\/\/www.w3.org\/2000\/svg\" width=\"12\" height=\"12\" fill=\"none\" viewBox=\"0 0 12 12\">\n\t\t\t\t<path fill=\"#fff\" d=\"M2 0a2 2 0 0 0-2 2v2h1.5V2a.5.5 0 0 1 .5-.5h2V0H2Zm2 10.5H2a.5.5 0 0 1-.5-.5V8H0v2a2 2 0 0 0 2 2h2v-1.5ZM8 12v-1.5h2a.5.5 0 0 0 .5-.5V8H12v2a2 2 0 0 1-2 2H8Zm2-12a2 2 0 0 1 2 2v2h-1.5V2a.5.5 0 0 0-.5-.5H8V0h2Z\" \/>\n\t\t\t<\/svg>\n\t\t<\/button><\/figure>\n\n\n\n<p><a href=\"https:\/\/fotoklub.sk\/?p=298\">Stretnutie pre \u017eivot VI.<\/a><\/p>\n\n\n\n<p>24. apr\u00edl 2022Neni\u010di\u0165, ale tvori\u0165 \u2013 nezab\u00edja\u0165, ale \u017ei\u0165\u2026! Srde\u010dne <br>V\u00e1s poz\u00fdvame 8. m\u00e1ja 2022 na 17. hodinu do ru\u017eomberskej synag\u00f3gy na <br>koncertn\u00e9 podujatie venovan\u00e9 mierov\u00e9mu \u00fasiliu.<\/p>\n\n\n\n<p><\/p>\n\n\n\n<p style=\"font-size:17px\"><mark style=\"background-color:rgba(0, 0, 0, 0)\" class=\"has-inline-color has-vivid-cyan-blue-color\">Vch\u00e1dzaj\u00fa do dver\u00ed stovky<\/mark><\/p>\n\n\n\n<p><img decoding=\"async\" width=\"284\" height=\"213\" class=\"wp-image-839\" style=\"width: 284px;\" src=\"https:\/\/fotoklub.sk\/wp-content\/uploads\/2023\/01\/IMG_0242.jpg\" alt=\"\" srcset=\"https:\/\/fotoklub.sk\/wp-content\/uploads\/2023\/01\/IMG_0242.jpg 1920w, https:\/\/fotoklub.sk\/wp-content\/uploads\/2023\/01\/IMG_0242-300x225.jpg 300w, https:\/\/fotoklub.sk\/wp-content\/uploads\/2023\/01\/IMG_0242-1024x768.jpg 1024w, https:\/\/fotoklub.sk\/wp-content\/uploads\/2023\/01\/IMG_0242-768x576.jpg 768w, https:\/\/fotoklub.sk\/wp-content\/uploads\/2023\/01\/IMG_0242-1536x1152.jpg 1536w\" sizes=\"(max-width: 284px) 100vw, 284px\" \/><br>Pre\u0161li 98 komnatou a&nbsp;otvorili dvere dev\u00e4\u0165desiat deviatej. Ve\u013ea roboty \u010dak\u00e1<br>ru\u017eombersk\u00fd fotografick\u00fd klub FK RK 1924 a\u017e pr\u00edde jeho o\u010dak\u00e1van\u00e1 stovkov\u00e1<br>jese\u0148 2024.<br>Stovky sa neoslavuj\u00fa a&nbsp;nepripom\u00ednaj\u00fa len tak. Trojcifern\u00e9 \u010d\u00edslo a&nbsp;pr\u00e1ca s n\u00edm d\u00e1va<br>zabra\u0165 nielen \u0161portov\u00fdm klubom , r\u00f4znym podnikov\u00fdm archiv\u00e1rom ak ich priemyseln\u00fd<br>podnik pre\u017e\u00edval \u0165a\u017ek\u00e9 \u010dasy kr\u00edz, &nbsp;b\u00fdval na pokraji z\u00fafalstva, aby nakoniec dorazil na<br>prah stovky. Nie v\u0161etk\u00fdm sa k&nbsp;nej aj ke\u010f slima\u010d\u00edm tempom doplazi\u0165 podarilo. A&nbsp;ani<br>v&nbsp;kult\u00fare, pre ktor\u00fa pramene a&nbsp;zdroje podp\u00f4r vysychaj\u00fa to u\u017e dlho nie je v&nbsp;ru\u017eov\u00fdch<br>farb\u00e1ch. Oby\u010dajne z&nbsp;r\u00f4znych in\u00fdch pr\u00ed\u010din b\u00fdva odklonen\u00e1 na in\u00fa ko\u013eaj a&nbsp;tak mus\u00ed<br>poprosi\u0165 aj o&nbsp;v\u0161imn\u00e9. Ak nie je profesion\u00e1lka nezar\u00e1ba, &#8211; no a&nbsp;ke\u010f nie je v\u017edy<br>docenen\u00e1 bojuje za seba v&nbsp;pravidl\u00e1ch fair-play, aby svojim nad\u0161encom na miestnej<br>a&nbsp;region\u00e1lnej \u00farovni uk\u00e1zala to najlep\u0161ie.<br>Ru\u017eombersk\u00fd fotografick\u00fd klub FK RK 1924 si o rok pripomenie st\u00e9 v\u00fdro\u010die jeho<br>vzniku. Vie o&nbsp;pribli\u017ene &nbsp;tristovke jeho \u010dlenov v&nbsp;dob\u00e1ch, ke\u010f mobily s&nbsp;fotoapar\u00e1tmi<br>neexistovali a&nbsp;ke\u010f aj na Flexaretku si bolo treba na\u0161etri\u0165. S\u00fa\u010dasn\u00fd dom\u00e1ci klub<br>eviduje pribli\u017ene tridsiatku \u010dlenov. Ich \u010dinnos\u0165 je bohat\u00e1 nie len po\u010dtom cyklick\u00fdch<br>ka\u017edoro\u010dn\u00fdch v\u00fdstav, \u00fa\u010dasti na republikov\u00fdch s\u00fa\u0165a\u017eiach, na plen\u00e9roch ( v\u00fdjazdov<br>\u010dlenov do slovenskej pr\u00edrody kde zachyt\u00e1vaj\u00fa prekr\u00e1sne scen\u00e9rie ), ale aj in\u00fdch<br>kult\u00farnych podujat\u00ed ( Pre \u017eivot ), ktor\u00e9 organizuj\u00fa najakt\u00edvnej\u0161\u00ed \u010dlenovia klubu.<br>Stret\u00e1vky s&nbsp;fotografmi z&nbsp;bl\u00edzkeho zahrani\u010dia si na\u0161li svoje pevn\u00e9 z\u00e1klady a&nbsp;priate\u013estv\u00e1<br>.&nbsp;Boli povznesen\u00e9 na vz\u00e1jomn\u00e9 n\u00e1v\u0161tevy klubov, v\u00fdstav ktor\u00e9 maj\u00fa fotografovi<br>a&nbsp;n\u00e1v\u0161tevn\u00edkovi uk\u00e1za\u0165 nie\u010do nov\u00e9. T\u00fato t\u00e9mu netreba obzvl\u00e1\u0161\u0165 pertraktova\u0165. \u010citate\u013e<br>miestnych a region\u00e1lnych printov\u00fdch a&nbsp;webov\u00fdch m\u00e9di\u00ed m\u00e1 dostatok pr\u00edspevkov, aby<br>si ich pre\u010d\u00edtal a vedel o&nbsp;\u010dinnosti ru\u017eombersk\u00e9ho fotografick\u00e9ho klubu.<br>\u010co \u010dak\u00e1 klub v&nbsp;ed\u00edcii veku 99<br>Samozrejme v&nbsp;podvedom\u00ed u\u017e dnes jeho \u010dlenovia myslia na rok 2024 a publik\u00e1ciu,<br>ktor\u00fa pri stovkovej udalosti hodlaj\u00fa vyda\u0165. Na jej n\u00e1zve nateraz moment\u00e1lne nez\u00e1le\u017e\u00ed.<br>Mapova\u0165,&nbsp;usporiada\u0165 a&nbsp;vytvori\u0165 tak\u00e9to dielo a&nbsp;na nikoho v&nbsp;\u0148om nezabudn\u00fa\u0165, by mali<br>robi\u0165 t\u00ed najstar\u0161\u00ed.<br>Siln\u00e1 ved\u00faca trojka fotografick\u00fdch matadorov ak\u00fdmi s\u00fa \u0160tefan I\u017eo, Fedor Pol\u00f3ni<br>a&nbsp;Stanislav Surov\u00fd vie, \u017ee by to okrem in\u00e9ho mala by\u0165 i mestsk\u00e1 udalos\u0165.<br>Pochopite\u013ene neob\u00edde inak ani in\u00fa mestsk\u00fa a&nbsp;okolit\u00fa region\u00e1lnu kult\u00faru. K\u00fdm vekove<br>mlad\u00e9 Fullove dni sa v&nbsp;meste pod \u010cebra\u0165om u\u017e udom\u00e1cnili, fotografick\u00e1 stovka<br>klubu, ktor\u00fd je jedn\u00fdm z&nbsp;najstar\u0161\u00edch v&nbsp;Eur\u00f3pe len umoc\u0148uje v\u00fdznamnos\u0165 jeho<br>p\u00f4sobenia. O&nbsp;\u010fal\u0161iu bud\u00facnos\u0165 a&nbsp;existenciu klubu aby tento odkrojil jeho \u010fal\u0161ie<br>plodn\u00e9 pokra\u010dovanie, sa bud\u00fa musie\u0165 postara\u0165 t\u00ed mlad\u0161\u00ed.<br>V&nbsp;sobotu 14.janu\u00e1ra 2023 u\u017e od\u0161tartovali vernis\u00e1\u017eou Foto trojl\u00edstok<br>v&nbsp;Liptovskom m\u00fazeu<\/p>\n\n\n\n<p>Ak sa pozrieme do kuchyne klubu FK RK 1924 \u010do sa v&nbsp;\u0148om bude v&nbsp;dev\u00e4\u0165desiatom<br>deviatom roku vari\u0165 aby sa prestrelo pre nutri\u010dnej\u0161ie a&nbsp;chutnej\u0161ie menu na bud\u00faci<br>jubilejn\u00fd rok, potom to bud\u00fa \u0161tandardn\u00e9 chlebov\u00e9 klubov\u00e9 \u010dinnosti a&nbsp;jemu bl\u00edzke<br>cyklick\u00e9 udalosti.<br>Nepredbiehajme a&nbsp;ne\u017eiadajme d\u00e1tumy, ke\u010f tie v&nbsp;s\u00fa\u010dasnosti be\u017eia do konca<br>febru\u00e1ra. Fotografick\u00fd janu\u00e1r u\u017e od\u0161tartovali v\u00fdstavou Foto trojl\u00edstok. V&nbsp;pl\u00e1ne klubu to<br>bud\u00fa fotografick\u00e9 plen\u00e9ry, r\u00f4zne in\u00e9 v\u00fdstavy , ponuky vystavova\u0165 fotografie \u010dlenov<br>klubu v&nbsp;zahrani\u010d\u00ed a&nbsp;z\u00fa\u010dast\u0148ova\u0165 sa na republikov\u00fdch fotografick\u00fdch s\u00fa\u0165a\u017eiach. Klub<br>nezabudne na svojich priaznivcov a&nbsp;v&nbsp;\u010dase ke\u010f bude \u010doraz teplej\u0161ie ku jeho stovke,<br>bude dom\u00e1cim amat\u00e9rom a&nbsp;fajn\u0161mekrom fotografie pripravova\u0165 \u00f4smy ro\u010dn\u00edk s\u00fa\u0165a\u017ee<br>Ru\u017eomber\u010dania fotografuj\u00fa.<br>Kalend\u00e1r a itiner\u00e1r ru\u017eombersk\u00fdch fotografov, ktor\u00ed maj\u00fa svojich \u010dlenov nielen na<br>adrese jeho mesta , je pre rok 2023 u\u017e zaplnen\u00fd. Klub sa te\u0161\u00ed ,\u017ee za 16 mesiacov<br>dokr\u00e1\u010da v&nbsp;m\u00e1ji roku 2024 k&nbsp;jeho stovke. Potom by mal&nbsp;otvori\u0165 dvere pre n\u00e1v\u0161tevn\u00edkov<br>a&nbsp;zahrani\u010dn\u00fdch host\u00ed na programoch v&nbsp;Liptovskom m\u00fazeu, v&nbsp;ru\u017eomberskej synag\u00f3ge<br>a&nbsp;v okol\u00ed mesta s&nbsp;ru\u017eou v&nbsp;erbe so storo\u010dnou fotografiou.<\/p>\n\n\n\n<p>Mari\u00e1n Mydlo<br>Ru\u017eomberok 22.janu\u00e1ra 2023<\/p>\n","protected":false},"excerpt":{"rendered":"<p>Viano\u010dn\u00fd pozdrav Mari\u00e1na Mydla. Viano\u010dn\u00fd pozdrav od odchadzaj\u00faceho priate\u013ea fotoklubu Mari\u00e1na Mydla.\u010eakujeme mu za v\u0161etku pomoc a \u017eel\u00e1me mu v\u0161etko dobre. Stretnutie pre \u017eivot VI. 24. apr\u00edl 2022Neni\u010di\u0165, ale tvori\u0165 \u2013 nezab\u00edja\u0165, ale \u017ei\u0165\u2026! Srde\u010dne V\u00e1s poz\u00fdvame 8. m\u00e1ja 2022 na 17. hodinu do ru\u017eomberskej synag\u00f3gy na koncertn\u00e9 podujatie venovan\u00e9 mierov\u00e9mu \u00fasiliu. Vch\u00e1dzaj\u00fa do dver\u00ed &hellip;<br \/><a href=\"https:\/\/fotoklub.sk\/?page_id=250\" class=\"more-link pen_button pen_element_default pen_icon_arrow_double\">\u010c\u00edta\u0165 \u010falej <span class=\"screen-reader-text\">\u010cl\u00e1nky<\/span><\/a><\/p>\n","protected":false},"author":1,"featured_media":0,"parent":0,"menu_order":0,"comment_status":"closed","ping_status":"closed","template":"","meta":{"footnotes":""},"class_list":["post-250","page","type-page","status-publish","hentry"],"yoast_head":"<!-- This site is optimized with the Yoast SEO plugin v27.4 - https:\/\/yoast.com\/product\/yoast-seo-wordpress\/ -->\n<title>\u010cl\u00e1nky - Fotoklub RK 1924<\/title>\n<meta name=\"robots\" content=\"index, follow, max-snippet:-1, max-image-preview:large, max-video-preview:-1\" \/>\n<link rel=\"canonical\" href=\"https:\/\/fotoklub.sk\/?page_id=250\" \/>\n<meta property=\"og:locale\" content=\"sk_SK\" \/>\n<meta property=\"og:type\" content=\"article\" \/>\n<meta property=\"og:title\" content=\"\u010cl\u00e1nky - Fotoklub RK 1924\" \/>\n<meta property=\"og:description\" content=\"Viano\u010dn\u00fd pozdrav Mari\u00e1na Mydla. Viano\u010dn\u00fd pozdrav od odchadzaj\u00faceho priate\u013ea fotoklubu Mari\u00e1na Mydla.\u010eakujeme mu za v\u0161etku pomoc a \u017eel\u00e1me mu v\u0161etko dobre. Stretnutie pre \u017eivot VI. 24. apr\u00edl 2022Neni\u010di\u0165, ale tvori\u0165 \u2013 nezab\u00edja\u0165, ale \u017ei\u0165\u2026! Srde\u010dne V\u00e1s poz\u00fdvame 8. m\u00e1ja 2022 na 17. hodinu do ru\u017eomberskej synag\u00f3gy na koncertn\u00e9 podujatie venovan\u00e9 mierov\u00e9mu \u00fasiliu. Vch\u00e1dzaj\u00fa do dver\u00ed &hellip;\u010c\u00edta\u0165 \u010falej \u010cl\u00e1nky\" \/>\n<meta property=\"og:url\" content=\"https:\/\/fotoklub.sk\/?page_id=250\" \/>\n<meta property=\"og:site_name\" content=\"Fotoklub RK 1924\" \/>\n<meta property=\"article:modified_time\" content=\"2025-12-21T19:51:58+00:00\" \/>\n<meta property=\"og:image\" content=\"https:\/\/fotoklub.sk\/wp-content\/uploads\/2025\/12\/Pozdrav-Marian-Mydlo.jpg\" \/>\n\t<meta property=\"og:image:width\" content=\"760\" \/>\n\t<meta property=\"og:image:height\" content=\"1000\" \/>\n\t<meta property=\"og:image:type\" content=\"image\/jpeg\" \/>\n<meta name=\"twitter:card\" content=\"summary_large_image\" \/>\n<meta name=\"twitter:label1\" content=\"Predpokladan\u00fd \u010das \u010d\u00edtania\" \/>\n\t<meta name=\"twitter:data1\" content=\"4 min\u00faty\" \/>\n<script type=\"application\/ld+json\" class=\"yoast-schema-graph\">{\"@context\":\"https:\\\/\\\/schema.org\",\"@graph\":[{\"@type\":\"WebPage\",\"@id\":\"https:\\\/\\\/fotoklub.sk\\\/?page_id=250\",\"url\":\"https:\\\/\\\/fotoklub.sk\\\/?page_id=250\",\"name\":\"\u010cl\u00e1nky - Fotoklub RK 1924\",\"isPartOf\":{\"@id\":\"https:\\\/\\\/fotoklub.sk\\\/#website\"},\"primaryImageOfPage\":{\"@id\":\"https:\\\/\\\/fotoklub.sk\\\/?page_id=250#primaryimage\"},\"image\":{\"@id\":\"https:\\\/\\\/fotoklub.sk\\\/?page_id=250#primaryimage\"},\"thumbnailUrl\":\"https:\\\/\\\/fotoklub.sk\\\/wp-content\\\/uploads\\\/2025\\\/12\\\/Pozdrav-Marian-Mydlo.jpg\",\"datePublished\":\"2021-12-06T20:44:13+00:00\",\"dateModified\":\"2025-12-21T19:51:58+00:00\",\"breadcrumb\":{\"@id\":\"https:\\\/\\\/fotoklub.sk\\\/?page_id=250#breadcrumb\"},\"inLanguage\":\"sk-SK\",\"potentialAction\":[{\"@type\":\"ReadAction\",\"target\":[\"https:\\\/\\\/fotoklub.sk\\\/?page_id=250\"]}]},{\"@type\":\"ImageObject\",\"inLanguage\":\"sk-SK\",\"@id\":\"https:\\\/\\\/fotoklub.sk\\\/?page_id=250#primaryimage\",\"url\":\"https:\\\/\\\/fotoklub.sk\\\/wp-content\\\/uploads\\\/2025\\\/12\\\/Pozdrav-Marian-Mydlo.jpg\",\"contentUrl\":\"https:\\\/\\\/fotoklub.sk\\\/wp-content\\\/uploads\\\/2025\\\/12\\\/Pozdrav-Marian-Mydlo.jpg\",\"width\":760,\"height\":1000},{\"@type\":\"BreadcrumbList\",\"@id\":\"https:\\\/\\\/fotoklub.sk\\\/?page_id=250#breadcrumb\",\"itemListElement\":[{\"@type\":\"ListItem\",\"position\":1,\"name\":\"Domov\",\"item\":\"https:\\\/\\\/fotoklub.sk\\\/\"},{\"@type\":\"ListItem\",\"position\":2,\"name\":\"\u010cl\u00e1nky\"}]},{\"@type\":\"WebSite\",\"@id\":\"https:\\\/\\\/fotoklub.sk\\\/#website\",\"url\":\"https:\\\/\\\/fotoklub.sk\\\/\",\"name\":\"Fotoklub RK 1924\",\"description\":\"1924 \u2013 2024 | 100 rokov nepretr\u017eitej existencie Fotoklubu\",\"publisher\":{\"@id\":\"https:\\\/\\\/fotoklub.sk\\\/#organization\"},\"alternateName\":\"Fotoklub Ru\u017eomberok\",\"potentialAction\":[{\"@type\":\"SearchAction\",\"target\":{\"@type\":\"EntryPoint\",\"urlTemplate\":\"https:\\\/\\\/fotoklub.sk\\\/?s={search_term_string}\"},\"query-input\":{\"@type\":\"PropertyValueSpecification\",\"valueRequired\":true,\"valueName\":\"search_term_string\"}}],\"inLanguage\":\"sk-SK\"},{\"@type\":\"Organization\",\"@id\":\"https:\\\/\\\/fotoklub.sk\\\/#organization\",\"name\":\"Fotoklub Ru\u017eomberok\",\"alternateName\":\"Ru\u017eombersk\u00fd fotoklub\",\"url\":\"https:\\\/\\\/fotoklub.sk\\\/\",\"logo\":{\"@type\":\"ImageObject\",\"inLanguage\":\"sk-SK\",\"@id\":\"https:\\\/\\\/fotoklub.sk\\\/#\\\/schema\\\/logo\\\/image\\\/\",\"url\":\"https:\\\/\\\/fotoklub.sk\\\/wp-content\\\/uploads\\\/2025\\\/02\\\/Logo_new.png\",\"contentUrl\":\"https:\\\/\\\/fotoklub.sk\\\/wp-content\\\/uploads\\\/2025\\\/02\\\/Logo_new.png\",\"width\":100,\"height\":98,\"caption\":\"Fotoklub Ru\u017eomberok\"},\"image\":{\"@id\":\"https:\\\/\\\/fotoklub.sk\\\/#\\\/schema\\\/logo\\\/image\\\/\"}}]}<\/script>\n<!-- \/ Yoast SEO plugin. -->","yoast_head_json":{"title":"\u010cl\u00e1nky - Fotoklub RK 1924","robots":{"index":"index","follow":"follow","max-snippet":"max-snippet:-1","max-image-preview":"max-image-preview:large","max-video-preview":"max-video-preview:-1"},"canonical":"https:\/\/fotoklub.sk\/?page_id=250","og_locale":"sk_SK","og_type":"article","og_title":"\u010cl\u00e1nky - Fotoklub RK 1924","og_description":"Viano\u010dn\u00fd pozdrav Mari\u00e1na Mydla. Viano\u010dn\u00fd pozdrav od odchadzaj\u00faceho priate\u013ea fotoklubu Mari\u00e1na Mydla.\u010eakujeme mu za v\u0161etku pomoc a \u017eel\u00e1me mu v\u0161etko dobre. Stretnutie pre \u017eivot VI. 24. apr\u00edl 2022Neni\u010di\u0165, ale tvori\u0165 \u2013 nezab\u00edja\u0165, ale \u017ei\u0165\u2026! Srde\u010dne V\u00e1s poz\u00fdvame 8. m\u00e1ja 2022 na 17. hodinu do ru\u017eomberskej synag\u00f3gy na koncertn\u00e9 podujatie venovan\u00e9 mierov\u00e9mu \u00fasiliu. Vch\u00e1dzaj\u00fa do dver\u00ed &hellip;\u010c\u00edta\u0165 \u010falej \u010cl\u00e1nky","og_url":"https:\/\/fotoklub.sk\/?page_id=250","og_site_name":"Fotoklub RK 1924","article_modified_time":"2025-12-21T19:51:58+00:00","og_image":[{"width":760,"height":1000,"url":"https:\/\/fotoklub.sk\/wp-content\/uploads\/2025\/12\/Pozdrav-Marian-Mydlo.jpg","type":"image\/jpeg"}],"twitter_card":"summary_large_image","twitter_misc":{"Predpokladan\u00fd \u010das \u010d\u00edtania":"4 min\u00faty"},"schema":{"@context":"https:\/\/schema.org","@graph":[{"@type":"WebPage","@id":"https:\/\/fotoklub.sk\/?page_id=250","url":"https:\/\/fotoklub.sk\/?page_id=250","name":"\u010cl\u00e1nky - Fotoklub RK 1924","isPartOf":{"@id":"https:\/\/fotoklub.sk\/#website"},"primaryImageOfPage":{"@id":"https:\/\/fotoklub.sk\/?page_id=250#primaryimage"},"image":{"@id":"https:\/\/fotoklub.sk\/?page_id=250#primaryimage"},"thumbnailUrl":"https:\/\/fotoklub.sk\/wp-content\/uploads\/2025\/12\/Pozdrav-Marian-Mydlo.jpg","datePublished":"2021-12-06T20:44:13+00:00","dateModified":"2025-12-21T19:51:58+00:00","breadcrumb":{"@id":"https:\/\/fotoklub.sk\/?page_id=250#breadcrumb"},"inLanguage":"sk-SK","potentialAction":[{"@type":"ReadAction","target":["https:\/\/fotoklub.sk\/?page_id=250"]}]},{"@type":"ImageObject","inLanguage":"sk-SK","@id":"https:\/\/fotoklub.sk\/?page_id=250#primaryimage","url":"https:\/\/fotoklub.sk\/wp-content\/uploads\/2025\/12\/Pozdrav-Marian-Mydlo.jpg","contentUrl":"https:\/\/fotoklub.sk\/wp-content\/uploads\/2025\/12\/Pozdrav-Marian-Mydlo.jpg","width":760,"height":1000},{"@type":"BreadcrumbList","@id":"https:\/\/fotoklub.sk\/?page_id=250#breadcrumb","itemListElement":[{"@type":"ListItem","position":1,"name":"Domov","item":"https:\/\/fotoklub.sk\/"},{"@type":"ListItem","position":2,"name":"\u010cl\u00e1nky"}]},{"@type":"WebSite","@id":"https:\/\/fotoklub.sk\/#website","url":"https:\/\/fotoklub.sk\/","name":"Fotoklub RK 1924","description":"1924 \u2013 2024 | 100 rokov nepretr\u017eitej existencie Fotoklubu","publisher":{"@id":"https:\/\/fotoklub.sk\/#organization"},"alternateName":"Fotoklub Ru\u017eomberok","potentialAction":[{"@type":"SearchAction","target":{"@type":"EntryPoint","urlTemplate":"https:\/\/fotoklub.sk\/?s={search_term_string}"},"query-input":{"@type":"PropertyValueSpecification","valueRequired":true,"valueName":"search_term_string"}}],"inLanguage":"sk-SK"},{"@type":"Organization","@id":"https:\/\/fotoklub.sk\/#organization","name":"Fotoklub Ru\u017eomberok","alternateName":"Ru\u017eombersk\u00fd fotoklub","url":"https:\/\/fotoklub.sk\/","logo":{"@type":"ImageObject","inLanguage":"sk-SK","@id":"https:\/\/fotoklub.sk\/#\/schema\/logo\/image\/","url":"https:\/\/fotoklub.sk\/wp-content\/uploads\/2025\/02\/Logo_new.png","contentUrl":"https:\/\/fotoklub.sk\/wp-content\/uploads\/2025\/02\/Logo_new.png","width":100,"height":98,"caption":"Fotoklub Ru\u017eomberok"},"image":{"@id":"https:\/\/fotoklub.sk\/#\/schema\/logo\/image\/"}}]}},"jetpack_sharing_enabled":true,"_links":{"self":[{"href":"https:\/\/fotoklub.sk\/index.php?rest_route=\/wp\/v2\/pages\/250","targetHints":{"allow":["GET"]}}],"collection":[{"href":"https:\/\/fotoklub.sk\/index.php?rest_route=\/wp\/v2\/pages"}],"about":[{"href":"https:\/\/fotoklub.sk\/index.php?rest_route=\/wp\/v2\/types\/page"}],"author":[{"embeddable":true,"href":"https:\/\/fotoklub.sk\/index.php?rest_route=\/wp\/v2\/users\/1"}],"replies":[{"embeddable":true,"href":"https:\/\/fotoklub.sk\/index.php?rest_route=%2Fwp%2Fv2%2Fcomments&post=250"}],"version-history":[{"count":5,"href":"https:\/\/fotoklub.sk\/index.php?rest_route=\/wp\/v2\/pages\/250\/revisions"}],"predecessor-version":[{"id":3207,"href":"https:\/\/fotoklub.sk\/index.php?rest_route=\/wp\/v2\/pages\/250\/revisions\/3207"}],"wp:attachment":[{"href":"https:\/\/fotoklub.sk\/index.php?rest_route=%2Fwp%2Fv2%2Fmedia&parent=250"}],"curies":[{"name":"wp","href":"https:\/\/api.w.org\/{rel}","templated":true}]}}