{"id":225,"date":"2021-12-06T21:19:39","date_gmt":"2021-12-06T20:19:39","guid":{"rendered":"https:\/\/fotoklub.sk\/?page_id=225"},"modified":"2025-12-04T20:07:35","modified_gmt":"2025-12-04T19:07:35","slug":"akcie","status":"publish","type":"page","link":"https:\/\/fotoklub.sk\/?page_id=225","title":{"rendered":"Akcie"},"content":{"rendered":"\n<h2 class=\"wp-block-heading alignwide has-text-align-center\">PETZVALOV MAPOV\u00dd OKRUH<\/h2>\n\n\n\n<div class=\"wp-block-columns is-layout-flex wp-container-core-columns-is-layout-9d6595d7 wp-block-columns-is-layout-flex\">\n<div class=\"wp-block-column is-layout-flow wp-block-column-is-layout-flow\" style=\"flex-basis:55%\">\n<div class=\"wp-block-cover\" style=\"min-height:284px;aspect-ratio:unset;\"><img decoding=\"async\" width=\"492\" height=\"492\" class=\"wp-block-cover__image-background wp-image-3132\" alt=\"\" src=\"https:\/\/fotoklub.sk\/wp-content\/uploads\/2025\/12\/salzman1-edited.jpg\" style=\"object-position:48% 0%\" data-object-fit=\"cover\" data-object-position=\"48% 0%\" srcset=\"https:\/\/fotoklub.sk\/wp-content\/uploads\/2025\/12\/salzman1-edited.jpg 492w, https:\/\/fotoklub.sk\/wp-content\/uploads\/2025\/12\/salzman1-edited-300x300.jpg 300w, https:\/\/fotoklub.sk\/wp-content\/uploads\/2025\/12\/salzman1-edited-150x150.jpg 150w, https:\/\/fotoklub.sk\/wp-content\/uploads\/2025\/12\/salzman1-edited-225x225.jpg 225w\" sizes=\"(max-width: 492px) 100vw, 492px\" \/><span aria-hidden=\"true\" class=\"wp-block-cover__background has-background-dim-10 has-background-dim\"><\/span><div class=\"wp-block-cover__inner-container is-layout-flow wp-block-cover-is-layout-flow\">\n<p class=\"has-text-align-center has-white-color has-text-color has-link-color has-x-large-font-size wp-elements-98c34954a8490268a6671141b7fd21b9\"><strong><a href=\"https:\/\/fotoklub.sk\/?page_id=325\">2022<\/a><\/strong><\/p>\n<\/div><\/div>\n<\/div>\n\n\n\n<div class=\"wp-block-column is-layout-flow wp-block-column-is-layout-flow\" style=\"flex-basis:55%\">\n<div class=\"wp-block-cover\" style=\"min-height:287px;aspect-ratio:unset;\"><img decoding=\"async\" width=\"643\" height=\"642\" class=\"wp-block-cover__image-background wp-image-3134\" alt=\"\" src=\"https:\/\/fotoklub.sk\/wp-content\/uploads\/2025\/12\/mlynarik.jpg\" style=\"object-position:51% 0%\" data-object-fit=\"cover\" data-object-position=\"51% 0%\" srcset=\"https:\/\/fotoklub.sk\/wp-content\/uploads\/2025\/12\/mlynarik.jpg 643w, https:\/\/fotoklub.sk\/wp-content\/uploads\/2025\/12\/mlynarik-300x300.jpg 300w, https:\/\/fotoklub.sk\/wp-content\/uploads\/2025\/12\/mlynarik-150x150.jpg 150w, https:\/\/fotoklub.sk\/wp-content\/uploads\/2025\/12\/mlynarik-225x225.jpg 225w\" sizes=\"(max-width: 643px) 100vw, 643px\" \/><span aria-hidden=\"true\" class=\"wp-block-cover__background has-background-dim-10 has-background-dim\"><\/span><div class=\"wp-block-cover__inner-container is-layout-flow wp-block-cover-is-layout-flow\">\n<p class=\"has-text-align-center has-white-color has-text-color has-link-color has-x-large-font-size wp-elements-b9b2579f55bbbbee472cf56f806926d4\"><strong><a href=\"https:\/\/fotoklub.sk\/?page_id=760\">2023<\/a><\/strong><\/p>\n<\/div><\/div>\n<\/div>\n<\/div>\n\n\n\n<div style=\"height:102px\" aria-hidden=\"true\" class=\"wp-block-spacer\"><\/div>\n\n\n\n<div class=\"wp-block-columns is-layout-flex wp-container-core-columns-is-layout-9d6595d7 wp-block-columns-is-layout-flex\">\n<div class=\"wp-block-column is-layout-flow wp-block-column-is-layout-flow\" style=\"flex-basis:50%\">\n<p class=\"has-text-align-center has-medium-font-size\"><strong>Novoro\u010dn\u00e9 posedenie \u010dlenov a <\/strong><br><strong>priate\u013eov Fotoklubu 2024<\/strong><\/p>\n\n\n<div class=\"wp-block-image\">\n<figure class=\"aligncenter size-full is-resized\"><a href=\"http:\/\/fotoklub.sk\/?page_id=1407\"><img decoding=\"async\" width=\"480\" height=\"443\" src=\"https:\/\/fotoklub.sk\/wp-content\/uploads\/2025\/12\/posedenie.jpg\" alt=\"\" class=\"wp-image-3172\" style=\"aspect-ratio:1;object-fit:cover;width:507px;height:auto\" srcset=\"https:\/\/fotoklub.sk\/wp-content\/uploads\/2025\/12\/posedenie.jpg 480w, https:\/\/fotoklub.sk\/wp-content\/uploads\/2025\/12\/posedenie-300x277.jpg 300w\" sizes=\"(max-width: 480px) 100vw, 480px\" \/><\/a><\/figure>\n<\/div><\/div>\n\n\n\n<div class=\"wp-block-column is-layout-flow wp-block-column-is-layout-flow\" style=\"flex-basis:50%\">\n<h2 class=\"wp-block-heading alignwide has-text-align-center\">NA VLKOL\u00cdNCI 11.12. 2022<\/h2>\n\n\n\n<div style=\"height:46px\" aria-hidden=\"true\" class=\"wp-block-spacer\"><\/div>\n\n\n<div class=\"wp-block-image\">\n<figure class=\"aligncenter size-full is-resized\"><a href=\"https:\/\/fotoklub.sk\/?page_id=552\"><img decoding=\"async\" width=\"360\" height=\"321\" src=\"https:\/\/fotoklub.sk\/wp-content\/uploads\/2025\/12\/vlkolinec.jpg\" alt=\"\" class=\"wp-image-3175\" style=\"aspect-ratio:1;object-fit:cover;width:502px;height:auto\" srcset=\"https:\/\/fotoklub.sk\/wp-content\/uploads\/2025\/12\/vlkolinec.jpg 360w, https:\/\/fotoklub.sk\/wp-content\/uploads\/2025\/12\/vlkolinec-300x268.jpg 300w\" sizes=\"(max-width: 360px) 100vw, 360px\" \/><\/a><\/figure>\n<\/div><\/div>\n<\/div>\n\n\n\n<div style=\"height:102px\" aria-hidden=\"true\" class=\"wp-block-spacer\"><\/div>\n\n\n\n<div class=\"wp-block-columns is-layout-flex wp-container-core-columns-is-layout-9d6595d7 wp-block-columns-is-layout-flex\">\n<div class=\"wp-block-column is-layout-flow wp-block-column-is-layout-flow\" style=\"flex-basis:50%\">\n<h2 class=\"wp-block-heading alignwide has-text-align-center\">N\u00e1v\u0161teva prvej d\u00e1my \u010desk\u00e9ho prezidenta pani Zemanovej<\/h2>\n\n\n<div class=\"wp-block-image\">\n<figure class=\"aligncenter size-full is-resized\"><a href=\"https:\/\/fotoklub.sk\/?page_id=851\"><img decoding=\"async\" width=\"478\" height=\"462\" src=\"https:\/\/fotoklub.sk\/wp-content\/uploads\/2025\/12\/Untitled-2.jpg\" alt=\"\" class=\"wp-image-3158\" style=\"aspect-ratio:1;object-fit:cover;width:507px;height:auto\" srcset=\"https:\/\/fotoklub.sk\/wp-content\/uploads\/2025\/12\/Untitled-2.jpg 478w, https:\/\/fotoklub.sk\/wp-content\/uploads\/2025\/12\/Untitled-2-300x290.jpg 300w\" sizes=\"(max-width: 478px) 100vw, 478px\" \/><\/a><\/figure>\n<\/div><\/div>\n\n\n\n<div class=\"wp-block-column is-layout-flow wp-block-column-is-layout-flow\" style=\"flex-basis:50%\">\n<h2 class=\"wp-block-heading alignwide has-text-align-center\">RAW FOTOKLUBOV\u00dd GU\u013d\u00c1\u0160 2023<\/h2>\n\n\n\n<div style=\"height:41px\" aria-hidden=\"true\" class=\"wp-block-spacer\"><\/div>\n\n\n<div class=\"wp-block-image\">\n<figure class=\"aligncenter size-full is-resized\"><a href=\"https:\/\/fotoklub.sk\/?page_id=993\"><img decoding=\"async\" width=\"415\" height=\"416\" src=\"https:\/\/fotoklub.sk\/wp-content\/uploads\/2025\/12\/gulas.jpg\" alt=\"\" class=\"wp-image-3162\" style=\"aspect-ratio:1;object-fit:cover;width:502px;height:auto\" srcset=\"https:\/\/fotoklub.sk\/wp-content\/uploads\/2025\/12\/gulas.jpg 415w, https:\/\/fotoklub.sk\/wp-content\/uploads\/2025\/12\/gulas-300x300.jpg 300w, https:\/\/fotoklub.sk\/wp-content\/uploads\/2025\/12\/gulas-150x150.jpg 150w, https:\/\/fotoklub.sk\/wp-content\/uploads\/2025\/12\/gulas-225x225.jpg 225w\" sizes=\"(max-width: 415px) 100vw, 415px\" \/><\/a><\/figure>\n<\/div><\/div>\n<\/div>\n","protected":false},"excerpt":{"rendered":"<p>PETZVALOV MAPOV\u00dd OKRUH Novoro\u010dn\u00e9 posedenie \u010dlenov a priate\u013eov Fotoklubu 2024 NA VLKOL\u00cdNCI 11.12. 2022 N\u00e1v\u0161teva prvej d\u00e1my \u010desk\u00e9ho prezidenta pani Zemanovej RAW FOTOKLUBOV\u00dd GU\u013d\u00c1\u0160 2023<\/p>\n","protected":false},"author":1,"featured_media":0,"parent":0,"menu_order":0,"comment_status":"closed","ping_status":"closed","template":"","meta":{"footnotes":""},"class_list":["post-225","page","type-page","status-publish","hentry"],"yoast_head":"<!-- This site is optimized with the Yoast SEO plugin v27.4 - https:\/\/yoast.com\/product\/yoast-seo-wordpress\/ -->\n<title>Akcie - Fotoklub RK 1924<\/title>\n<meta name=\"robots\" content=\"index, follow, max-snippet:-1, max-image-preview:large, max-video-preview:-1\" \/>\n<link rel=\"canonical\" href=\"https:\/\/fotoklub.sk\/?page_id=225\" \/>\n<meta property=\"og:locale\" content=\"sk_SK\" \/>\n<meta property=\"og:type\" content=\"article\" \/>\n<meta property=\"og:title\" content=\"Akcie - Fotoklub RK 1924\" \/>\n<meta property=\"og:description\" content=\"PETZVALOV MAPOV\u00dd OKRUH Novoro\u010dn\u00e9 posedenie \u010dlenov a priate\u013eov Fotoklubu 2024 NA VLKOL\u00cdNCI 11.12. 2022 N\u00e1v\u0161teva prvej d\u00e1my \u010desk\u00e9ho prezidenta pani Zemanovej RAW FOTOKLUBOV\u00dd GU\u013d\u00c1\u0160 2023\" \/>\n<meta property=\"og:url\" content=\"https:\/\/fotoklub.sk\/?page_id=225\" \/>\n<meta property=\"og:site_name\" content=\"Fotoklub RK 1924\" \/>\n<meta property=\"article:modified_time\" content=\"2025-12-04T19:07:35+00:00\" \/>\n<meta property=\"og:image\" content=\"https:\/\/fotoklub.sk\/wp-content\/uploads\/2025\/12\/salzman1-edited.jpg\" \/>\n\t<meta property=\"og:image:width\" content=\"492\" \/>\n\t<meta property=\"og:image:height\" content=\"492\" \/>\n\t<meta property=\"og:image:type\" content=\"image\/jpeg\" \/>\n<meta name=\"twitter:card\" content=\"summary_large_image\" \/>\n<script type=\"application\/ld+json\" class=\"yoast-schema-graph\">{\"@context\":\"https:\\\/\\\/schema.org\",\"@graph\":[{\"@type\":\"WebPage\",\"@id\":\"https:\\\/\\\/fotoklub.sk\\\/?page_id=225\",\"url\":\"https:\\\/\\\/fotoklub.sk\\\/?page_id=225\",\"name\":\"Akcie - Fotoklub RK 1924\",\"isPartOf\":{\"@id\":\"https:\\\/\\\/fotoklub.sk\\\/#website\"},\"primaryImageOfPage\":{\"@id\":\"https:\\\/\\\/fotoklub.sk\\\/?page_id=225#primaryimage\"},\"image\":{\"@id\":\"https:\\\/\\\/fotoklub.sk\\\/?page_id=225#primaryimage\"},\"thumbnailUrl\":\"https:\\\/\\\/fotoklub.sk\\\/wp-content\\\/uploads\\\/2025\\\/12\\\/salzman1-edited.jpg\",\"datePublished\":\"2021-12-06T20:19:39+00:00\",\"dateModified\":\"2025-12-04T19:07:35+00:00\",\"breadcrumb\":{\"@id\":\"https:\\\/\\\/fotoklub.sk\\\/?page_id=225#breadcrumb\"},\"inLanguage\":\"sk-SK\",\"potentialAction\":[{\"@type\":\"ReadAction\",\"target\":[\"https:\\\/\\\/fotoklub.sk\\\/?page_id=225\"]}]},{\"@type\":\"ImageObject\",\"inLanguage\":\"sk-SK\",\"@id\":\"https:\\\/\\\/fotoklub.sk\\\/?page_id=225#primaryimage\",\"url\":\"https:\\\/\\\/fotoklub.sk\\\/wp-content\\\/uploads\\\/2025\\\/12\\\/salzman1-edited.jpg\",\"contentUrl\":\"https:\\\/\\\/fotoklub.sk\\\/wp-content\\\/uploads\\\/2025\\\/12\\\/salzman1-edited.jpg\",\"width\":492,\"height\":492},{\"@type\":\"BreadcrumbList\",\"@id\":\"https:\\\/\\\/fotoklub.sk\\\/?page_id=225#breadcrumb\",\"itemListElement\":[{\"@type\":\"ListItem\",\"position\":1,\"name\":\"Domov\",\"item\":\"https:\\\/\\\/fotoklub.sk\\\/\"},{\"@type\":\"ListItem\",\"position\":2,\"name\":\"Akcie\"}]},{\"@type\":\"WebSite\",\"@id\":\"https:\\\/\\\/fotoklub.sk\\\/#website\",\"url\":\"https:\\\/\\\/fotoklub.sk\\\/\",\"name\":\"Fotoklub RK 1924\",\"description\":\"1924 \u2013 2024 | 100 rokov nepretr\u017eitej existencie Fotoklubu\",\"publisher\":{\"@id\":\"https:\\\/\\\/fotoklub.sk\\\/#organization\"},\"alternateName\":\"Fotoklub Ru\u017eomberok\",\"potentialAction\":[{\"@type\":\"SearchAction\",\"target\":{\"@type\":\"EntryPoint\",\"urlTemplate\":\"https:\\\/\\\/fotoklub.sk\\\/?s={search_term_string}\"},\"query-input\":{\"@type\":\"PropertyValueSpecification\",\"valueRequired\":true,\"valueName\":\"search_term_string\"}}],\"inLanguage\":\"sk-SK\"},{\"@type\":\"Organization\",\"@id\":\"https:\\\/\\\/fotoklub.sk\\\/#organization\",\"name\":\"Fotoklub Ru\u017eomberok\",\"alternateName\":\"Ru\u017eombersk\u00fd fotoklub\",\"url\":\"https:\\\/\\\/fotoklub.sk\\\/\",\"logo\":{\"@type\":\"ImageObject\",\"inLanguage\":\"sk-SK\",\"@id\":\"https:\\\/\\\/fotoklub.sk\\\/#\\\/schema\\\/logo\\\/image\\\/\",\"url\":\"https:\\\/\\\/fotoklub.sk\\\/wp-content\\\/uploads\\\/2025\\\/02\\\/Logo_new.png\",\"contentUrl\":\"https:\\\/\\\/fotoklub.sk\\\/wp-content\\\/uploads\\\/2025\\\/02\\\/Logo_new.png\",\"width\":100,\"height\":98,\"caption\":\"Fotoklub Ru\u017eomberok\"},\"image\":{\"@id\":\"https:\\\/\\\/fotoklub.sk\\\/#\\\/schema\\\/logo\\\/image\\\/\"}}]}<\/script>\n<!-- \/ Yoast SEO plugin. -->","yoast_head_json":{"title":"Akcie - Fotoklub RK 1924","robots":{"index":"index","follow":"follow","max-snippet":"max-snippet:-1","max-image-preview":"max-image-preview:large","max-video-preview":"max-video-preview:-1"},"canonical":"https:\/\/fotoklub.sk\/?page_id=225","og_locale":"sk_SK","og_type":"article","og_title":"Akcie - Fotoklub RK 1924","og_description":"PETZVALOV MAPOV\u00dd OKRUH Novoro\u010dn\u00e9 posedenie \u010dlenov a priate\u013eov Fotoklubu 2024 NA VLKOL\u00cdNCI 11.12. 2022 N\u00e1v\u0161teva prvej d\u00e1my \u010desk\u00e9ho prezidenta pani Zemanovej RAW FOTOKLUBOV\u00dd GU\u013d\u00c1\u0160 2023","og_url":"https:\/\/fotoklub.sk\/?page_id=225","og_site_name":"Fotoklub RK 1924","article_modified_time":"2025-12-04T19:07:35+00:00","og_image":[{"width":492,"height":492,"url":"https:\/\/fotoklub.sk\/wp-content\/uploads\/2025\/12\/salzman1-edited.jpg","type":"image\/jpeg"}],"twitter_card":"summary_large_image","schema":{"@context":"https:\/\/schema.org","@graph":[{"@type":"WebPage","@id":"https:\/\/fotoklub.sk\/?page_id=225","url":"https:\/\/fotoklub.sk\/?page_id=225","name":"Akcie - Fotoklub RK 1924","isPartOf":{"@id":"https:\/\/fotoklub.sk\/#website"},"primaryImageOfPage":{"@id":"https:\/\/fotoklub.sk\/?page_id=225#primaryimage"},"image":{"@id":"https:\/\/fotoklub.sk\/?page_id=225#primaryimage"},"thumbnailUrl":"https:\/\/fotoklub.sk\/wp-content\/uploads\/2025\/12\/salzman1-edited.jpg","datePublished":"2021-12-06T20:19:39+00:00","dateModified":"2025-12-04T19:07:35+00:00","breadcrumb":{"@id":"https:\/\/fotoklub.sk\/?page_id=225#breadcrumb"},"inLanguage":"sk-SK","potentialAction":[{"@type":"ReadAction","target":["https:\/\/fotoklub.sk\/?page_id=225"]}]},{"@type":"ImageObject","inLanguage":"sk-SK","@id":"https:\/\/fotoklub.sk\/?page_id=225#primaryimage","url":"https:\/\/fotoklub.sk\/wp-content\/uploads\/2025\/12\/salzman1-edited.jpg","contentUrl":"https:\/\/fotoklub.sk\/wp-content\/uploads\/2025\/12\/salzman1-edited.jpg","width":492,"height":492},{"@type":"BreadcrumbList","@id":"https:\/\/fotoklub.sk\/?page_id=225#breadcrumb","itemListElement":[{"@type":"ListItem","position":1,"name":"Domov","item":"https:\/\/fotoklub.sk\/"},{"@type":"ListItem","position":2,"name":"Akcie"}]},{"@type":"WebSite","@id":"https:\/\/fotoklub.sk\/#website","url":"https:\/\/fotoklub.sk\/","name":"Fotoklub RK 1924","description":"1924 \u2013 2024 | 100 rokov nepretr\u017eitej existencie Fotoklubu","publisher":{"@id":"https:\/\/fotoklub.sk\/#organization"},"alternateName":"Fotoklub Ru\u017eomberok","potentialAction":[{"@type":"SearchAction","target":{"@type":"EntryPoint","urlTemplate":"https:\/\/fotoklub.sk\/?s={search_term_string}"},"query-input":{"@type":"PropertyValueSpecification","valueRequired":true,"valueName":"search_term_string"}}],"inLanguage":"sk-SK"},{"@type":"Organization","@id":"https:\/\/fotoklub.sk\/#organization","name":"Fotoklub Ru\u017eomberok","alternateName":"Ru\u017eombersk\u00fd fotoklub","url":"https:\/\/fotoklub.sk\/","logo":{"@type":"ImageObject","inLanguage":"sk-SK","@id":"https:\/\/fotoklub.sk\/#\/schema\/logo\/image\/","url":"https:\/\/fotoklub.sk\/wp-content\/uploads\/2025\/02\/Logo_new.png","contentUrl":"https:\/\/fotoklub.sk\/wp-content\/uploads\/2025\/02\/Logo_new.png","width":100,"height":98,"caption":"Fotoklub Ru\u017eomberok"},"image":{"@id":"https:\/\/fotoklub.sk\/#\/schema\/logo\/image\/"}}]}},"jetpack_sharing_enabled":true,"_links":{"self":[{"href":"https:\/\/fotoklub.sk\/index.php?rest_route=\/wp\/v2\/pages\/225","targetHints":{"allow":["GET"]}}],"collection":[{"href":"https:\/\/fotoklub.sk\/index.php?rest_route=\/wp\/v2\/pages"}],"about":[{"href":"https:\/\/fotoklub.sk\/index.php?rest_route=\/wp\/v2\/types\/page"}],"author":[{"embeddable":true,"href":"https:\/\/fotoklub.sk\/index.php?rest_route=\/wp\/v2\/users\/1"}],"replies":[{"embeddable":true,"href":"https:\/\/fotoklub.sk\/index.php?rest_route=%2Fwp%2Fv2%2Fcomments&post=225"}],"version-history":[{"count":6,"href":"https:\/\/fotoklub.sk\/index.php?rest_route=\/wp\/v2\/pages\/225\/revisions"}],"predecessor-version":[{"id":3192,"href":"https:\/\/fotoklub.sk\/index.php?rest_route=\/wp\/v2\/pages\/225\/revisions\/3192"}],"wp:attachment":[{"href":"https:\/\/fotoklub.sk\/index.php?rest_route=%2Fwp%2Fv2%2Fmedia&parent=225"}],"curies":[{"name":"wp","href":"https:\/\/api.w.org\/{rel}","templated":true}]}}