{"id":223,"date":"2021-12-06T21:19:39","date_gmt":"2021-12-06T20:19:39","guid":{"rendered":"https:\/\/fotoklub.sk\/?page_id=223"},"modified":"2023-01-03T20:41:08","modified_gmt":"2023-01-03T19:41:08","slug":"vystavy","status":"publish","type":"page","link":"https:\/\/fotoklub.sk\/?page_id=223","title":{"rendered":"V\u00fdstavy"},"content":{"rendered":"\n<p class=\"has-black-color has-text-color has-medium-font-size\">Pl\u00e1n v\u00fdstav Fotoklubu RK 1924 v Liptovskom m\u00fazeu pre rok 2023<\/p>\n\n\n\n<p>V\u00fdstavy vo Fotogal\u00e9rii 1. poschodie<br>Janu\u00e1r &#8211; Febru\u00e1r: Fototrojl\u00edstok &#8211; v\u00fdstava liptovsk\u00fdch fotografov<br>Marec: V\u00fdstava autorsk\u00e1 alebo klubov\u00e1 niektor\u00e9ho z partnersk\u00fdch fotoklubov. MGFoto My\u0161lenice<br>M\u00e1j &#8211; J\u00fan: V\u00fdstava \u0160tefan I\u017eo &#8211; Korytnica \u017ealuje<br>September: V\u00fdstava Fotoklubu RK 1924<br>November &#8211; December:V\u00fdstava Ru\u017eomber\u010dania fotografuj\u00fa 8<\/p>\n","protected":false},"excerpt":{"rendered":"<p>Pl\u00e1n v\u00fdstav Fotoklubu RK 1924 v Liptovskom m\u00fazeu pre rok 2023 V\u00fdstavy vo Fotogal\u00e9rii 1. poschodieJanu\u00e1r &#8211; Febru\u00e1r: Fototrojl\u00edstok &#8211; v\u00fdstava liptovsk\u00fdch fotografovMarec: V\u00fdstava autorsk\u00e1 alebo klubov\u00e1 niektor\u00e9ho z partnersk\u00fdch fotoklubov. MGFoto My\u0161leniceM\u00e1j &#8211; J\u00fan: V\u00fdstava \u0160tefan I\u017eo &#8211; Korytnica \u017ealujeSeptember: V\u00fdstava Fotoklubu RK 1924November &#8211; December:V\u00fdstava Ru\u017eomber\u010dania fotografuj\u00fa 8<\/p>\n","protected":false},"author":7,"featured_media":0,"parent":0,"menu_order":0,"comment_status":"closed","ping_status":"closed","template":"","meta":{"footnotes":""},"class_list":["post-223","page","type-page","status-publish","hentry"],"yoast_head":"<!-- This site is optimized with the Yoast SEO plugin v27.4 - https:\/\/yoast.com\/product\/yoast-seo-wordpress\/ -->\n<title>V\u00fdstavy - Fotoklub RK 1924<\/title>\n<meta name=\"robots\" content=\"index, follow, max-snippet:-1, max-image-preview:large, max-video-preview:-1\" \/>\n<link rel=\"canonical\" href=\"https:\/\/fotoklub.sk\/?page_id=223\" \/>\n<meta property=\"og:locale\" content=\"sk_SK\" \/>\n<meta property=\"og:type\" content=\"article\" \/>\n<meta property=\"og:title\" content=\"V\u00fdstavy - Fotoklub RK 1924\" \/>\n<meta property=\"og:description\" content=\"Pl\u00e1n v\u00fdstav Fotoklubu RK 1924 v Liptovskom m\u00fazeu pre rok 2023 V\u00fdstavy vo Fotogal\u00e9rii 1. poschodieJanu\u00e1r &#8211; Febru\u00e1r: Fototrojl\u00edstok &#8211; v\u00fdstava liptovsk\u00fdch fotografovMarec: V\u00fdstava autorsk\u00e1 alebo klubov\u00e1 niektor\u00e9ho z partnersk\u00fdch fotoklubov. MGFoto My\u0161leniceM\u00e1j &#8211; J\u00fan: V\u00fdstava \u0160tefan I\u017eo &#8211; Korytnica \u017ealujeSeptember: V\u00fdstava Fotoklubu RK 1924November &#8211; December:V\u00fdstava Ru\u017eomber\u010dania fotografuj\u00fa 8\" \/>\n<meta property=\"og:url\" content=\"https:\/\/fotoklub.sk\/?page_id=223\" \/>\n<meta property=\"og:site_name\" content=\"Fotoklub RK 1924\" \/>\n<meta property=\"article:modified_time\" content=\"2023-01-03T19:41:08+00:00\" \/>\n<meta name=\"twitter:card\" content=\"summary_large_image\" \/>\n<script type=\"application\/ld+json\" class=\"yoast-schema-graph\">{\"@context\":\"https:\\\/\\\/schema.org\",\"@graph\":[{\"@type\":\"WebPage\",\"@id\":\"https:\\\/\\\/fotoklub.sk\\\/?page_id=223\",\"url\":\"https:\\\/\\\/fotoklub.sk\\\/?page_id=223\",\"name\":\"V\u00fdstavy - Fotoklub RK 1924\",\"isPartOf\":{\"@id\":\"https:\\\/\\\/fotoklub.sk\\\/#website\"},\"datePublished\":\"2021-12-06T20:19:39+00:00\",\"dateModified\":\"2023-01-03T19:41:08+00:00\",\"breadcrumb\":{\"@id\":\"https:\\\/\\\/fotoklub.sk\\\/?page_id=223#breadcrumb\"},\"inLanguage\":\"sk-SK\",\"potentialAction\":[{\"@type\":\"ReadAction\",\"target\":[\"https:\\\/\\\/fotoklub.sk\\\/?page_id=223\"]}]},{\"@type\":\"BreadcrumbList\",\"@id\":\"https:\\\/\\\/fotoklub.sk\\\/?page_id=223#breadcrumb\",\"itemListElement\":[{\"@type\":\"ListItem\",\"position\":1,\"name\":\"Domov\",\"item\":\"https:\\\/\\\/fotoklub.sk\\\/\"},{\"@type\":\"ListItem\",\"position\":2,\"name\":\"V\u00fdstavy\"}]},{\"@type\":\"WebSite\",\"@id\":\"https:\\\/\\\/fotoklub.sk\\\/#website\",\"url\":\"https:\\\/\\\/fotoklub.sk\\\/\",\"name\":\"Fotoklub RK 1924\",\"description\":\"1924 \u2013 2024 | 100 rokov nepretr\u017eitej existencie Fotoklubu\",\"publisher\":{\"@id\":\"https:\\\/\\\/fotoklub.sk\\\/#organization\"},\"alternateName\":\"Fotoklub Ru\u017eomberok\",\"potentialAction\":[{\"@type\":\"SearchAction\",\"target\":{\"@type\":\"EntryPoint\",\"urlTemplate\":\"https:\\\/\\\/fotoklub.sk\\\/?s={search_term_string}\"},\"query-input\":{\"@type\":\"PropertyValueSpecification\",\"valueRequired\":true,\"valueName\":\"search_term_string\"}}],\"inLanguage\":\"sk-SK\"},{\"@type\":\"Organization\",\"@id\":\"https:\\\/\\\/fotoklub.sk\\\/#organization\",\"name\":\"Fotoklub Ru\u017eomberok\",\"alternateName\":\"Ru\u017eombersk\u00fd fotoklub\",\"url\":\"https:\\\/\\\/fotoklub.sk\\\/\",\"logo\":{\"@type\":\"ImageObject\",\"inLanguage\":\"sk-SK\",\"@id\":\"https:\\\/\\\/fotoklub.sk\\\/#\\\/schema\\\/logo\\\/image\\\/\",\"url\":\"https:\\\/\\\/fotoklub.sk\\\/wp-content\\\/uploads\\\/2025\\\/02\\\/Logo_new.png\",\"contentUrl\":\"https:\\\/\\\/fotoklub.sk\\\/wp-content\\\/uploads\\\/2025\\\/02\\\/Logo_new.png\",\"width\":100,\"height\":98,\"caption\":\"Fotoklub Ru\u017eomberok\"},\"image\":{\"@id\":\"https:\\\/\\\/fotoklub.sk\\\/#\\\/schema\\\/logo\\\/image\\\/\"}}]}<\/script>\n<!-- \/ Yoast SEO plugin. -->","yoast_head_json":{"title":"V\u00fdstavy - Fotoklub RK 1924","robots":{"index":"index","follow":"follow","max-snippet":"max-snippet:-1","max-image-preview":"max-image-preview:large","max-video-preview":"max-video-preview:-1"},"canonical":"https:\/\/fotoklub.sk\/?page_id=223","og_locale":"sk_SK","og_type":"article","og_title":"V\u00fdstavy - Fotoklub RK 1924","og_description":"Pl\u00e1n v\u00fdstav Fotoklubu RK 1924 v Liptovskom m\u00fazeu pre rok 2023 V\u00fdstavy vo Fotogal\u00e9rii 1. poschodieJanu\u00e1r &#8211; Febru\u00e1r: Fototrojl\u00edstok &#8211; v\u00fdstava liptovsk\u00fdch fotografovMarec: V\u00fdstava autorsk\u00e1 alebo klubov\u00e1 niektor\u00e9ho z partnersk\u00fdch fotoklubov. MGFoto My\u0161leniceM\u00e1j &#8211; J\u00fan: V\u00fdstava \u0160tefan I\u017eo &#8211; Korytnica \u017ealujeSeptember: V\u00fdstava Fotoklubu RK 1924November &#8211; December:V\u00fdstava Ru\u017eomber\u010dania fotografuj\u00fa 8","og_url":"https:\/\/fotoklub.sk\/?page_id=223","og_site_name":"Fotoklub RK 1924","article_modified_time":"2023-01-03T19:41:08+00:00","twitter_card":"summary_large_image","schema":{"@context":"https:\/\/schema.org","@graph":[{"@type":"WebPage","@id":"https:\/\/fotoklub.sk\/?page_id=223","url":"https:\/\/fotoklub.sk\/?page_id=223","name":"V\u00fdstavy - Fotoklub RK 1924","isPartOf":{"@id":"https:\/\/fotoklub.sk\/#website"},"datePublished":"2021-12-06T20:19:39+00:00","dateModified":"2023-01-03T19:41:08+00:00","breadcrumb":{"@id":"https:\/\/fotoklub.sk\/?page_id=223#breadcrumb"},"inLanguage":"sk-SK","potentialAction":[{"@type":"ReadAction","target":["https:\/\/fotoklub.sk\/?page_id=223"]}]},{"@type":"BreadcrumbList","@id":"https:\/\/fotoklub.sk\/?page_id=223#breadcrumb","itemListElement":[{"@type":"ListItem","position":1,"name":"Domov","item":"https:\/\/fotoklub.sk\/"},{"@type":"ListItem","position":2,"name":"V\u00fdstavy"}]},{"@type":"WebSite","@id":"https:\/\/fotoklub.sk\/#website","url":"https:\/\/fotoklub.sk\/","name":"Fotoklub RK 1924","description":"1924 \u2013 2024 | 100 rokov nepretr\u017eitej existencie Fotoklubu","publisher":{"@id":"https:\/\/fotoklub.sk\/#organization"},"alternateName":"Fotoklub Ru\u017eomberok","potentialAction":[{"@type":"SearchAction","target":{"@type":"EntryPoint","urlTemplate":"https:\/\/fotoklub.sk\/?s={search_term_string}"},"query-input":{"@type":"PropertyValueSpecification","valueRequired":true,"valueName":"search_term_string"}}],"inLanguage":"sk-SK"},{"@type":"Organization","@id":"https:\/\/fotoklub.sk\/#organization","name":"Fotoklub Ru\u017eomberok","alternateName":"Ru\u017eombersk\u00fd fotoklub","url":"https:\/\/fotoklub.sk\/","logo":{"@type":"ImageObject","inLanguage":"sk-SK","@id":"https:\/\/fotoklub.sk\/#\/schema\/logo\/image\/","url":"https:\/\/fotoklub.sk\/wp-content\/uploads\/2025\/02\/Logo_new.png","contentUrl":"https:\/\/fotoklub.sk\/wp-content\/uploads\/2025\/02\/Logo_new.png","width":100,"height":98,"caption":"Fotoklub Ru\u017eomberok"},"image":{"@id":"https:\/\/fotoklub.sk\/#\/schema\/logo\/image\/"}}]}},"jetpack_sharing_enabled":true,"_links":{"self":[{"href":"https:\/\/fotoklub.sk\/index.php?rest_route=\/wp\/v2\/pages\/223","targetHints":{"allow":["GET"]}}],"collection":[{"href":"https:\/\/fotoklub.sk\/index.php?rest_route=\/wp\/v2\/pages"}],"about":[{"href":"https:\/\/fotoklub.sk\/index.php?rest_route=\/wp\/v2\/types\/page"}],"author":[{"embeddable":true,"href":"https:\/\/fotoklub.sk\/index.php?rest_route=\/wp\/v2\/users\/7"}],"replies":[{"embeddable":true,"href":"https:\/\/fotoklub.sk\/index.php?rest_route=%2Fwp%2Fv2%2Fcomments&post=223"}],"version-history":[{"count":2,"href":"https:\/\/fotoklub.sk\/index.php?rest_route=\/wp\/v2\/pages\/223\/revisions"}],"predecessor-version":[{"id":757,"href":"https:\/\/fotoklub.sk\/index.php?rest_route=\/wp\/v2\/pages\/223\/revisions\/757"}],"wp:attachment":[{"href":"https:\/\/fotoklub.sk\/index.php?rest_route=%2Fwp%2Fv2%2Fmedia&parent=223"}],"curies":[{"name":"wp","href":"https:\/\/api.w.org\/{rel}","templated":true}]}}