{"id":2,"date":"2021-12-06T08:55:04","date_gmt":"2021-12-06T07:55:04","guid":{"rendered":"https:\/\/fotoklub.sk\/?page_id=2"},"modified":"2021-12-06T16:59:23","modified_gmt":"2021-12-06T15:59:23","slug":"ukazka-strany","status":"publish","type":"page","link":"https:\/\/fotoklub.sk\/?page_id=2","title":{"rendered":"Mari\u00e1n Bal\u00e1\u017e"},"content":{"rendered":"\n<p>Fotografuje od roku 1997.<\/p>\n\n\n\n<p>\u010clenstvo: Zv\u00e4z slovensk\u00fdch fotografov, Fotoklub pri Liptovskom m\u00fazeu v Ru\u017eomberku.<\/p>\n\n\n\n<p>Ob\u013e\u00faben\u00fd fotografick\u00fd n\u00e1met: krajina a krajinn\u00fd detail.<\/p>\n\n\n\n<p>Ob\u013e\u00faben\u00e9 ro\u010dn\u00e9 obdobie: jese\u0148.<\/p>\n\n\n\n<p>Ob\u013e\u00faben\u00fd objekt\u00edv: Pentax 35 \u2013 105 mm.<\/p>\n\n\n\n<p>Ob\u013e\u00faben\u00fd film: diafilm Konica.<\/p>\n\n\n\n<p>Fotografujem zrkadlovkou: Pentax Program A, objekt\u00edvy Pentax 28, 35-105, 135 mm. H\u013eadanie vz\u0165ahu k fotografii a za\u010diatky fotografickej tvorby: Na v\u00fdstave STROM 1997 mi u\u010darovalo nev\u0161edn\u00e9 stv\u00e1rnenie pr\u00edrodnej kr\u00e1sy a vtedy som si povedal, \u017ee sa aj ja pok\u00fasim o nie\u010do tak\u00e9. Na \u010diernobielu fotografiu som si netr\u00fafal. L\u00e1kal ma najm\u00e4 svet farieb a tak som do svojho prv\u00e9ho fotoapar\u00e1tu &#8211; Zenit 3M zalo\u017eil prv\u00fd farebn\u00fd film&#8230;<\/p>\n\n\n\n<p>Pri rozv\u00edjan\u00ed tvorivej \u010dinnosti mi ve\u013emi pom\u00e1hal \u013dubom\u00edr Schmida, ktor\u00fd viedol moje kroky od fotografie ako dokument, k tvorivej pr\u00e1ci. Aj v s\u00fa\u010dasnosti mi pom\u00e1ha a odovzd\u00e1va mnoh\u00e9 fotografick\u00e9 vedomosti. V roku 2001 som sa stal \u010dlenom ZSF. Vystavoval som na v\u00fdstav\u00e1ch: ZSF, STROM, RU\u017dOMBEROK 2001. Na v\u00fdstave Ru\u017eomberok o\u010dami fotografov 2003 &#8211; som z\u00edskal \u010destn\u00e9 uznanie za s\u00fabor fotografi\u00ed &#8211; no\u010dn\u00e9 z\u00e1ti\u0161ia.<\/p>\n\n\n\n<p>Moja v\u00fdzva k rastu \u2013 nau\u010di\u0165 sa fotografova\u0165 Masterclass \u2013 Zone syst\u00e9mom na \u010diernobiely materi\u00e1l.<\/p>\n","protected":false},"excerpt":{"rendered":"<p>Fotografuje od roku 1997. \u010clenstvo: Zv\u00e4z slovensk\u00fdch fotografov, Fotoklub pri Liptovskom m\u00fazeu v Ru\u017eomberku. Ob\u013e\u00faben\u00fd fotografick\u00fd n\u00e1met: krajina a krajinn\u00fd detail. Ob\u013e\u00faben\u00e9 ro\u010dn\u00e9 obdobie: jese\u0148. Ob\u013e\u00faben\u00fd objekt\u00edv: Pentax 35 \u2013 105 mm. Ob\u013e\u00faben\u00fd film: diafilm Konica. Fotografujem zrkadlovkou: Pentax Program A, objekt\u00edvy Pentax 28, 35-105, 135 mm. H\u013eadanie vz\u0165ahu k fotografii a za\u010diatky fotografickej tvorby: &hellip;<br \/><a href=\"https:\/\/fotoklub.sk\/?page_id=2\" class=\"more-link pen_button pen_element_default pen_icon_arrow_double\">\u010c\u00edta\u0165 \u010falej <span class=\"screen-reader-text\">Mari\u00e1n Bal\u00e1\u017e<\/span><\/a><\/p>\n","protected":false},"author":1,"featured_media":14,"parent":0,"menu_order":0,"comment_status":"closed","ping_status":"open","template":"","meta":{"footnotes":""},"class_list":["post-2","page","type-page","status-publish","has-post-thumbnail","hentry"],"yoast_head":"<!-- This site is optimized with the Yoast SEO plugin v27.4 - https:\/\/yoast.com\/product\/yoast-seo-wordpress\/ -->\n<title>Mari\u00e1n Bal\u00e1\u017e - Fotoklub RK 1924<\/title>\n<meta name=\"robots\" content=\"index, follow, max-snippet:-1, max-image-preview:large, max-video-preview:-1\" \/>\n<link rel=\"canonical\" href=\"https:\/\/fotoklub.sk\/?page_id=2\" \/>\n<meta property=\"og:locale\" content=\"sk_SK\" \/>\n<meta property=\"og:type\" content=\"article\" \/>\n<meta property=\"og:title\" content=\"Mari\u00e1n Bal\u00e1\u017e - Fotoklub RK 1924\" \/>\n<meta property=\"og:description\" content=\"Fotografuje od roku 1997. \u010clenstvo: Zv\u00e4z slovensk\u00fdch fotografov, Fotoklub pri Liptovskom m\u00fazeu v Ru\u017eomberku. Ob\u013e\u00faben\u00fd fotografick\u00fd n\u00e1met: krajina a krajinn\u00fd detail. Ob\u013e\u00faben\u00e9 ro\u010dn\u00e9 obdobie: jese\u0148. Ob\u013e\u00faben\u00fd objekt\u00edv: Pentax 35 \u2013 105 mm. Ob\u013e\u00faben\u00fd film: diafilm Konica. Fotografujem zrkadlovkou: Pentax Program A, objekt\u00edvy Pentax 28, 35-105, 135 mm. H\u013eadanie vz\u0165ahu k fotografii a za\u010diatky fotografickej tvorby: &hellip;\u010c\u00edta\u0165 \u010falej Mari\u00e1n Bal\u00e1\u017e\" \/>\n<meta property=\"og:url\" content=\"https:\/\/fotoklub.sk\/?page_id=2\" \/>\n<meta property=\"og:site_name\" content=\"Fotoklub RK 1924\" \/>\n<meta property=\"article:modified_time\" content=\"2021-12-06T15:59:23+00:00\" \/>\n<meta property=\"og:image\" content=\"https:\/\/fotoklub.sk\/wp-content\/uploads\/2021\/12\/balaz.jpg\" \/>\n\t<meta property=\"og:image:width\" content=\"152\" \/>\n\t<meta property=\"og:image:height\" content=\"200\" \/>\n\t<meta property=\"og:image:type\" content=\"image\/jpeg\" \/>\n<meta name=\"twitter:card\" content=\"summary_large_image\" \/>\n<meta name=\"twitter:label1\" content=\"Predpokladan\u00fd \u010das \u010d\u00edtania\" \/>\n\t<meta name=\"twitter:data1\" content=\"1 min\u00fata\" \/>\n<script type=\"application\/ld+json\" class=\"yoast-schema-graph\">{\"@context\":\"https:\\\/\\\/schema.org\",\"@graph\":[{\"@type\":\"WebPage\",\"@id\":\"https:\\\/\\\/fotoklub.sk\\\/?page_id=2\",\"url\":\"https:\\\/\\\/fotoklub.sk\\\/?page_id=2\",\"name\":\"Mari\u00e1n Bal\u00e1\u017e - Fotoklub RK 1924\",\"isPartOf\":{\"@id\":\"https:\\\/\\\/fotoklub.sk\\\/#website\"},\"primaryImageOfPage\":{\"@id\":\"https:\\\/\\\/fotoklub.sk\\\/?page_id=2#primaryimage\"},\"image\":{\"@id\":\"https:\\\/\\\/fotoklub.sk\\\/?page_id=2#primaryimage\"},\"thumbnailUrl\":\"https:\\\/\\\/fotoklub.sk\\\/wp-content\\\/uploads\\\/2021\\\/12\\\/balaz.jpg\",\"datePublished\":\"2021-12-06T07:55:04+00:00\",\"dateModified\":\"2021-12-06T15:59:23+00:00\",\"breadcrumb\":{\"@id\":\"https:\\\/\\\/fotoklub.sk\\\/?page_id=2#breadcrumb\"},\"inLanguage\":\"sk-SK\",\"potentialAction\":[{\"@type\":\"ReadAction\",\"target\":[\"https:\\\/\\\/fotoklub.sk\\\/?page_id=2\"]}]},{\"@type\":\"ImageObject\",\"inLanguage\":\"sk-SK\",\"@id\":\"https:\\\/\\\/fotoklub.sk\\\/?page_id=2#primaryimage\",\"url\":\"https:\\\/\\\/fotoklub.sk\\\/wp-content\\\/uploads\\\/2021\\\/12\\\/balaz.jpg\",\"contentUrl\":\"https:\\\/\\\/fotoklub.sk\\\/wp-content\\\/uploads\\\/2021\\\/12\\\/balaz.jpg\",\"width\":152,\"height\":200},{\"@type\":\"BreadcrumbList\",\"@id\":\"https:\\\/\\\/fotoklub.sk\\\/?page_id=2#breadcrumb\",\"itemListElement\":[{\"@type\":\"ListItem\",\"position\":1,\"name\":\"Domov\",\"item\":\"https:\\\/\\\/fotoklub.sk\\\/\"},{\"@type\":\"ListItem\",\"position\":2,\"name\":\"Mari\u00e1n Bal\u00e1\u017e\"}]},{\"@type\":\"WebSite\",\"@id\":\"https:\\\/\\\/fotoklub.sk\\\/#website\",\"url\":\"https:\\\/\\\/fotoklub.sk\\\/\",\"name\":\"Fotoklub RK 1924\",\"description\":\"1924 \u2013 2024 | 100 rokov nepretr\u017eitej existencie Fotoklubu\",\"publisher\":{\"@id\":\"https:\\\/\\\/fotoklub.sk\\\/#organization\"},\"alternateName\":\"Fotoklub Ru\u017eomberok\",\"potentialAction\":[{\"@type\":\"SearchAction\",\"target\":{\"@type\":\"EntryPoint\",\"urlTemplate\":\"https:\\\/\\\/fotoklub.sk\\\/?s={search_term_string}\"},\"query-input\":{\"@type\":\"PropertyValueSpecification\",\"valueRequired\":true,\"valueName\":\"search_term_string\"}}],\"inLanguage\":\"sk-SK\"},{\"@type\":\"Organization\",\"@id\":\"https:\\\/\\\/fotoklub.sk\\\/#organization\",\"name\":\"Fotoklub Ru\u017eomberok\",\"alternateName\":\"Ru\u017eombersk\u00fd fotoklub\",\"url\":\"https:\\\/\\\/fotoklub.sk\\\/\",\"logo\":{\"@type\":\"ImageObject\",\"inLanguage\":\"sk-SK\",\"@id\":\"https:\\\/\\\/fotoklub.sk\\\/#\\\/schema\\\/logo\\\/image\\\/\",\"url\":\"https:\\\/\\\/fotoklub.sk\\\/wp-content\\\/uploads\\\/2025\\\/02\\\/Logo_new.png\",\"contentUrl\":\"https:\\\/\\\/fotoklub.sk\\\/wp-content\\\/uploads\\\/2025\\\/02\\\/Logo_new.png\",\"width\":100,\"height\":98,\"caption\":\"Fotoklub Ru\u017eomberok\"},\"image\":{\"@id\":\"https:\\\/\\\/fotoklub.sk\\\/#\\\/schema\\\/logo\\\/image\\\/\"}}]}<\/script>\n<!-- \/ Yoast SEO plugin. -->","yoast_head_json":{"title":"Mari\u00e1n Bal\u00e1\u017e - Fotoklub RK 1924","robots":{"index":"index","follow":"follow","max-snippet":"max-snippet:-1","max-image-preview":"max-image-preview:large","max-video-preview":"max-video-preview:-1"},"canonical":"https:\/\/fotoklub.sk\/?page_id=2","og_locale":"sk_SK","og_type":"article","og_title":"Mari\u00e1n Bal\u00e1\u017e - Fotoklub RK 1924","og_description":"Fotografuje od roku 1997. \u010clenstvo: Zv\u00e4z slovensk\u00fdch fotografov, Fotoklub pri Liptovskom m\u00fazeu v Ru\u017eomberku. Ob\u013e\u00faben\u00fd fotografick\u00fd n\u00e1met: krajina a krajinn\u00fd detail. Ob\u013e\u00faben\u00e9 ro\u010dn\u00e9 obdobie: jese\u0148. Ob\u013e\u00faben\u00fd objekt\u00edv: Pentax 35 \u2013 105 mm. Ob\u013e\u00faben\u00fd film: diafilm Konica. Fotografujem zrkadlovkou: Pentax Program A, objekt\u00edvy Pentax 28, 35-105, 135 mm. H\u013eadanie vz\u0165ahu k fotografii a za\u010diatky fotografickej tvorby: &hellip;\u010c\u00edta\u0165 \u010falej Mari\u00e1n Bal\u00e1\u017e","og_url":"https:\/\/fotoklub.sk\/?page_id=2","og_site_name":"Fotoklub RK 1924","article_modified_time":"2021-12-06T15:59:23+00:00","og_image":[{"width":152,"height":200,"url":"https:\/\/fotoklub.sk\/wp-content\/uploads\/2021\/12\/balaz.jpg","type":"image\/jpeg"}],"twitter_card":"summary_large_image","twitter_misc":{"Predpokladan\u00fd \u010das \u010d\u00edtania":"1 min\u00fata"},"schema":{"@context":"https:\/\/schema.org","@graph":[{"@type":"WebPage","@id":"https:\/\/fotoklub.sk\/?page_id=2","url":"https:\/\/fotoklub.sk\/?page_id=2","name":"Mari\u00e1n Bal\u00e1\u017e - Fotoklub RK 1924","isPartOf":{"@id":"https:\/\/fotoklub.sk\/#website"},"primaryImageOfPage":{"@id":"https:\/\/fotoklub.sk\/?page_id=2#primaryimage"},"image":{"@id":"https:\/\/fotoklub.sk\/?page_id=2#primaryimage"},"thumbnailUrl":"https:\/\/fotoklub.sk\/wp-content\/uploads\/2021\/12\/balaz.jpg","datePublished":"2021-12-06T07:55:04+00:00","dateModified":"2021-12-06T15:59:23+00:00","breadcrumb":{"@id":"https:\/\/fotoklub.sk\/?page_id=2#breadcrumb"},"inLanguage":"sk-SK","potentialAction":[{"@type":"ReadAction","target":["https:\/\/fotoklub.sk\/?page_id=2"]}]},{"@type":"ImageObject","inLanguage":"sk-SK","@id":"https:\/\/fotoklub.sk\/?page_id=2#primaryimage","url":"https:\/\/fotoklub.sk\/wp-content\/uploads\/2021\/12\/balaz.jpg","contentUrl":"https:\/\/fotoklub.sk\/wp-content\/uploads\/2021\/12\/balaz.jpg","width":152,"height":200},{"@type":"BreadcrumbList","@id":"https:\/\/fotoklub.sk\/?page_id=2#breadcrumb","itemListElement":[{"@type":"ListItem","position":1,"name":"Domov","item":"https:\/\/fotoklub.sk\/"},{"@type":"ListItem","position":2,"name":"Mari\u00e1n Bal\u00e1\u017e"}]},{"@type":"WebSite","@id":"https:\/\/fotoklub.sk\/#website","url":"https:\/\/fotoklub.sk\/","name":"Fotoklub RK 1924","description":"1924 \u2013 2024 | 100 rokov nepretr\u017eitej existencie Fotoklubu","publisher":{"@id":"https:\/\/fotoklub.sk\/#organization"},"alternateName":"Fotoklub Ru\u017eomberok","potentialAction":[{"@type":"SearchAction","target":{"@type":"EntryPoint","urlTemplate":"https:\/\/fotoklub.sk\/?s={search_term_string}"},"query-input":{"@type":"PropertyValueSpecification","valueRequired":true,"valueName":"search_term_string"}}],"inLanguage":"sk-SK"},{"@type":"Organization","@id":"https:\/\/fotoklub.sk\/#organization","name":"Fotoklub Ru\u017eomberok","alternateName":"Ru\u017eombersk\u00fd fotoklub","url":"https:\/\/fotoklub.sk\/","logo":{"@type":"ImageObject","inLanguage":"sk-SK","@id":"https:\/\/fotoklub.sk\/#\/schema\/logo\/image\/","url":"https:\/\/fotoklub.sk\/wp-content\/uploads\/2025\/02\/Logo_new.png","contentUrl":"https:\/\/fotoklub.sk\/wp-content\/uploads\/2025\/02\/Logo_new.png","width":100,"height":98,"caption":"Fotoklub Ru\u017eomberok"},"image":{"@id":"https:\/\/fotoklub.sk\/#\/schema\/logo\/image\/"}}]}},"jetpack_sharing_enabled":true,"_links":{"self":[{"href":"https:\/\/fotoklub.sk\/index.php?rest_route=\/wp\/v2\/pages\/2","targetHints":{"allow":["GET"]}}],"collection":[{"href":"https:\/\/fotoklub.sk\/index.php?rest_route=\/wp\/v2\/pages"}],"about":[{"href":"https:\/\/fotoklub.sk\/index.php?rest_route=\/wp\/v2\/types\/page"}],"author":[{"embeddable":true,"href":"https:\/\/fotoklub.sk\/index.php?rest_route=\/wp\/v2\/users\/1"}],"replies":[{"embeddable":true,"href":"https:\/\/fotoklub.sk\/index.php?rest_route=%2Fwp%2Fv2%2Fcomments&post=2"}],"version-history":[{"count":1,"href":"https:\/\/fotoklub.sk\/index.php?rest_route=\/wp\/v2\/pages\/2\/revisions"}],"predecessor-version":[{"id":16,"href":"https:\/\/fotoklub.sk\/index.php?rest_route=\/wp\/v2\/pages\/2\/revisions\/16"}],"wp:featuredmedia":[{"embeddable":true,"href":"https:\/\/fotoklub.sk\/index.php?rest_route=\/wp\/v2\/media\/14"}],"wp:attachment":[{"href":"https:\/\/fotoklub.sk\/index.php?rest_route=%2Fwp%2Fv2%2Fmedia&parent=2"}],"curies":[{"name":"wp","href":"https:\/\/api.w.org\/{rel}","templated":true}]}}