{"id":187,"date":"2021-12-06T19:14:49","date_gmt":"2021-12-06T18:14:49","guid":{"rendered":"https:\/\/fotoklub.sk\/?page_id=187"},"modified":"2021-12-06T19:57:42","modified_gmt":"2021-12-06T18:57:42","slug":"stanovy-klubu","status":"publish","type":"page","link":"https:\/\/fotoklub.sk\/?page_id=187","title":{"rendered":"Stanovy klubu"},"content":{"rendered":"\n<figure class=\"wp-block-image\"><img decoding=\"async\" width=\"740\" height=\"1024\" src=\"https:\/\/fotoklub.sk\/wp-content\/uploads\/2021\/12\/Stanov_1-740x1024.jpg\" alt=\"\" class=\"wp-image-188\" srcset=\"https:\/\/fotoklub.sk\/wp-content\/uploads\/2021\/12\/Stanov_1-740x1024.jpg 740w, https:\/\/fotoklub.sk\/wp-content\/uploads\/2021\/12\/Stanov_1-217x300.jpg 217w, https:\/\/fotoklub.sk\/wp-content\/uploads\/2021\/12\/Stanov_1-768x1063.jpg 768w, https:\/\/fotoklub.sk\/wp-content\/uploads\/2021\/12\/Stanov_1-1109x1536.jpg 1109w, https:\/\/fotoklub.sk\/wp-content\/uploads\/2021\/12\/Stanov_1.jpg 1248w\" sizes=\"(max-width: 740px) 100vw, 740px\" \/><\/figure>\n\n\n\n<figure class=\"wp-block-image size-large\"><img decoding=\"async\" width=\"740\" height=\"1024\" src=\"https:\/\/fotoklub.sk\/wp-content\/uploads\/2021\/12\/Stanov_2-740x1024.jpg\" alt=\"\" class=\"wp-image-189\" srcset=\"https:\/\/fotoklub.sk\/wp-content\/uploads\/2021\/12\/Stanov_2-740x1024.jpg 740w, https:\/\/fotoklub.sk\/wp-content\/uploads\/2021\/12\/Stanov_2-217x300.jpg 217w, https:\/\/fotoklub.sk\/wp-content\/uploads\/2021\/12\/Stanov_2-768x1063.jpg 768w, https:\/\/fotoklub.sk\/wp-content\/uploads\/2021\/12\/Stanov_2-1109x1536.jpg 1109w, https:\/\/fotoklub.sk\/wp-content\/uploads\/2021\/12\/Stanov_2.jpg 1248w\" sizes=\"(max-width: 740px) 100vw, 740px\" \/><\/figure>\n\n\n\n<figure class=\"wp-block-image size-large\"><img decoding=\"async\" width=\"740\" height=\"1024\" src=\"https:\/\/fotoklub.sk\/wp-content\/uploads\/2021\/12\/Stanov_3-740x1024.jpg\" alt=\"\" class=\"wp-image-190\" srcset=\"https:\/\/fotoklub.sk\/wp-content\/uploads\/2021\/12\/Stanov_3-740x1024.jpg 740w, https:\/\/fotoklub.sk\/wp-content\/uploads\/2021\/12\/Stanov_3-217x300.jpg 217w, https:\/\/fotoklub.sk\/wp-content\/uploads\/2021\/12\/Stanov_3-768x1063.jpg 768w, https:\/\/fotoklub.sk\/wp-content\/uploads\/2021\/12\/Stanov_3-1109x1536.jpg 1109w, https:\/\/fotoklub.sk\/wp-content\/uploads\/2021\/12\/Stanov_3.jpg 1248w\" sizes=\"(max-width: 740px) 100vw, 740px\" \/><\/figure>\n\n\n\n<figure class=\"wp-block-image size-large\"><img decoding=\"async\" width=\"740\" height=\"1024\" src=\"https:\/\/fotoklub.sk\/wp-content\/uploads\/2021\/12\/Stanov_4-740x1024.jpg\" alt=\"\" class=\"wp-image-191\" srcset=\"https:\/\/fotoklub.sk\/wp-content\/uploads\/2021\/12\/Stanov_4-740x1024.jpg 740w, https:\/\/fotoklub.sk\/wp-content\/uploads\/2021\/12\/Stanov_4-217x300.jpg 217w, https:\/\/fotoklub.sk\/wp-content\/uploads\/2021\/12\/Stanov_4-768x1063.jpg 768w, https:\/\/fotoklub.sk\/wp-content\/uploads\/2021\/12\/Stanov_4-1109x1536.jpg 1109w, https:\/\/fotoklub.sk\/wp-content\/uploads\/2021\/12\/Stanov_4.jpg 1248w\" sizes=\"(max-width: 740px) 100vw, 740px\" \/><\/figure>\n\n\n\n<figure class=\"wp-block-image size-large\"><img decoding=\"async\" width=\"740\" height=\"1024\" src=\"https:\/\/fotoklub.sk\/wp-content\/uploads\/2021\/12\/Stanov_5-740x1024.jpg\" alt=\"\" class=\"wp-image-192\" srcset=\"https:\/\/fotoklub.sk\/wp-content\/uploads\/2021\/12\/Stanov_5-740x1024.jpg 740w, https:\/\/fotoklub.sk\/wp-content\/uploads\/2021\/12\/Stanov_5-217x300.jpg 217w, https:\/\/fotoklub.sk\/wp-content\/uploads\/2021\/12\/Stanov_5-768x1063.jpg 768w, https:\/\/fotoklub.sk\/wp-content\/uploads\/2021\/12\/Stanov_5-1109x1536.jpg 1109w, https:\/\/fotoklub.sk\/wp-content\/uploads\/2021\/12\/Stanov_5.jpg 1248w\" sizes=\"(max-width: 740px) 100vw, 740px\" \/><\/figure>\n\n\n\n<figure class=\"wp-block-image size-large\"><img decoding=\"async\" width=\"740\" height=\"1024\" src=\"https:\/\/fotoklub.sk\/wp-content\/uploads\/2021\/12\/Stanov_6-740x1024.jpg\" alt=\"\" class=\"wp-image-193\" srcset=\"https:\/\/fotoklub.sk\/wp-content\/uploads\/2021\/12\/Stanov_6-740x1024.jpg 740w, https:\/\/fotoklub.sk\/wp-content\/uploads\/2021\/12\/Stanov_6-217x300.jpg 217w, https:\/\/fotoklub.sk\/wp-content\/uploads\/2021\/12\/Stanov_6-768x1063.jpg 768w, https:\/\/fotoklub.sk\/wp-content\/uploads\/2021\/12\/Stanov_6-1109x1536.jpg 1109w, https:\/\/fotoklub.sk\/wp-content\/uploads\/2021\/12\/Stanov_6.jpg 1248w\" sizes=\"(max-width: 740px) 100vw, 740px\" \/><\/figure>\n\n\n\n<figure class=\"wp-block-image size-large\"><img decoding=\"async\" width=\"740\" height=\"1024\" src=\"https:\/\/fotoklub.sk\/wp-content\/uploads\/2021\/12\/Stanov_7-740x1024.jpg\" alt=\"\" class=\"wp-image-194\" srcset=\"https:\/\/fotoklub.sk\/wp-content\/uploads\/2021\/12\/Stanov_7-740x1024.jpg 740w, https:\/\/fotoklub.sk\/wp-content\/uploads\/2021\/12\/Stanov_7-217x300.jpg 217w, https:\/\/fotoklub.sk\/wp-content\/uploads\/2021\/12\/Stanov_7-768x1063.jpg 768w, https:\/\/fotoklub.sk\/wp-content\/uploads\/2021\/12\/Stanov_7-1109x1536.jpg 1109w, https:\/\/fotoklub.sk\/wp-content\/uploads\/2021\/12\/Stanov_7.jpg 1248w\" sizes=\"(max-width: 740px) 100vw, 740px\" \/><\/figure>\n\n\n\n<figure class=\"wp-block-image size-large\"><img decoding=\"async\" width=\"740\" height=\"1024\" src=\"https:\/\/fotoklub.sk\/wp-content\/uploads\/2021\/12\/Stanov_8-740x1024.jpg\" alt=\"\" class=\"wp-image-195\" srcset=\"https:\/\/fotoklub.sk\/wp-content\/uploads\/2021\/12\/Stanov_8-740x1024.jpg 740w, https:\/\/fotoklub.sk\/wp-content\/uploads\/2021\/12\/Stanov_8-217x300.jpg 217w, https:\/\/fotoklub.sk\/wp-content\/uploads\/2021\/12\/Stanov_8-768x1063.jpg 768w, https:\/\/fotoklub.sk\/wp-content\/uploads\/2021\/12\/Stanov_8-1109x1536.jpg 1109w, https:\/\/fotoklub.sk\/wp-content\/uploads\/2021\/12\/Stanov_8.jpg 1248w\" sizes=\"(max-width: 740px) 100vw, 740px\" \/><\/figure>\n","protected":false},"excerpt":{"rendered":"","protected":false},"author":1,"featured_media":0,"parent":0,"menu_order":0,"comment_status":"closed","ping_status":"closed","template":"","meta":{"footnotes":""},"class_list":["post-187","page","type-page","status-publish","hentry"],"yoast_head":"<!-- This site is optimized with the Yoast SEO plugin v27.4 - https:\/\/yoast.com\/product\/yoast-seo-wordpress\/ -->\n<title>Stanovy klubu - Fotoklub RK 1924<\/title>\n<meta name=\"robots\" content=\"index, follow, max-snippet:-1, max-image-preview:large, max-video-preview:-1\" \/>\n<link rel=\"canonical\" href=\"https:\/\/fotoklub.sk\/?page_id=187\" \/>\n<meta property=\"og:locale\" content=\"sk_SK\" \/>\n<meta property=\"og:type\" content=\"article\" \/>\n<meta property=\"og:title\" content=\"Stanovy klubu - Fotoklub RK 1924\" \/>\n<meta property=\"og:url\" content=\"https:\/\/fotoklub.sk\/?page_id=187\" \/>\n<meta property=\"og:site_name\" content=\"Fotoklub RK 1924\" \/>\n<meta property=\"article:modified_time\" content=\"2021-12-06T18:57:42+00:00\" \/>\n<meta property=\"og:image\" content=\"https:\/\/fotoklub.sk\/wp-content\/uploads\/2021\/12\/Stanov_1-740x1024.jpg\" \/>\n<meta name=\"twitter:card\" content=\"summary_large_image\" \/>\n<meta name=\"twitter:label1\" content=\"Predpokladan\u00fd \u010das \u010d\u00edtania\" \/>\n\t<meta name=\"twitter:data1\" content=\"2 min\u00faty\" \/>\n<script type=\"application\/ld+json\" class=\"yoast-schema-graph\">{\"@context\":\"https:\\\/\\\/schema.org\",\"@graph\":[{\"@type\":\"WebPage\",\"@id\":\"https:\\\/\\\/fotoklub.sk\\\/?page_id=187\",\"url\":\"https:\\\/\\\/fotoklub.sk\\\/?page_id=187\",\"name\":\"Stanovy klubu - Fotoklub RK 1924\",\"isPartOf\":{\"@id\":\"https:\\\/\\\/fotoklub.sk\\\/#website\"},\"primaryImageOfPage\":{\"@id\":\"https:\\\/\\\/fotoklub.sk\\\/?page_id=187#primaryimage\"},\"image\":{\"@id\":\"https:\\\/\\\/fotoklub.sk\\\/?page_id=187#primaryimage\"},\"thumbnailUrl\":\"https:\\\/\\\/fotoklub.sk\\\/wp-content\\\/uploads\\\/2021\\\/12\\\/Stanov_1-740x1024.jpg\",\"datePublished\":\"2021-12-06T18:14:49+00:00\",\"dateModified\":\"2021-12-06T18:57:42+00:00\",\"breadcrumb\":{\"@id\":\"https:\\\/\\\/fotoklub.sk\\\/?page_id=187#breadcrumb\"},\"inLanguage\":\"sk-SK\",\"potentialAction\":[{\"@type\":\"ReadAction\",\"target\":[\"https:\\\/\\\/fotoklub.sk\\\/?page_id=187\"]}]},{\"@type\":\"ImageObject\",\"inLanguage\":\"sk-SK\",\"@id\":\"https:\\\/\\\/fotoklub.sk\\\/?page_id=187#primaryimage\",\"url\":\"https:\\\/\\\/fotoklub.sk\\\/wp-content\\\/uploads\\\/2021\\\/12\\\/Stanov_1.jpg\",\"contentUrl\":\"https:\\\/\\\/fotoklub.sk\\\/wp-content\\\/uploads\\\/2021\\\/12\\\/Stanov_1.jpg\",\"width\":1248,\"height\":1728},{\"@type\":\"BreadcrumbList\",\"@id\":\"https:\\\/\\\/fotoklub.sk\\\/?page_id=187#breadcrumb\",\"itemListElement\":[{\"@type\":\"ListItem\",\"position\":1,\"name\":\"Domov\",\"item\":\"https:\\\/\\\/fotoklub.sk\\\/\"},{\"@type\":\"ListItem\",\"position\":2,\"name\":\"Stanovy klubu\"}]},{\"@type\":\"WebSite\",\"@id\":\"https:\\\/\\\/fotoklub.sk\\\/#website\",\"url\":\"https:\\\/\\\/fotoklub.sk\\\/\",\"name\":\"Fotoklub RK 1924\",\"description\":\"1924 \u2013 2024 | 100 rokov nepretr\u017eitej existencie Fotoklubu\",\"publisher\":{\"@id\":\"https:\\\/\\\/fotoklub.sk\\\/#organization\"},\"alternateName\":\"Fotoklub Ru\u017eomberok\",\"potentialAction\":[{\"@type\":\"SearchAction\",\"target\":{\"@type\":\"EntryPoint\",\"urlTemplate\":\"https:\\\/\\\/fotoklub.sk\\\/?s={search_term_string}\"},\"query-input\":{\"@type\":\"PropertyValueSpecification\",\"valueRequired\":true,\"valueName\":\"search_term_string\"}}],\"inLanguage\":\"sk-SK\"},{\"@type\":\"Organization\",\"@id\":\"https:\\\/\\\/fotoklub.sk\\\/#organization\",\"name\":\"Fotoklub Ru\u017eomberok\",\"alternateName\":\"Ru\u017eombersk\u00fd fotoklub\",\"url\":\"https:\\\/\\\/fotoklub.sk\\\/\",\"logo\":{\"@type\":\"ImageObject\",\"inLanguage\":\"sk-SK\",\"@id\":\"https:\\\/\\\/fotoklub.sk\\\/#\\\/schema\\\/logo\\\/image\\\/\",\"url\":\"https:\\\/\\\/fotoklub.sk\\\/wp-content\\\/uploads\\\/2025\\\/02\\\/Logo_new.png\",\"contentUrl\":\"https:\\\/\\\/fotoklub.sk\\\/wp-content\\\/uploads\\\/2025\\\/02\\\/Logo_new.png\",\"width\":100,\"height\":98,\"caption\":\"Fotoklub Ru\u017eomberok\"},\"image\":{\"@id\":\"https:\\\/\\\/fotoklub.sk\\\/#\\\/schema\\\/logo\\\/image\\\/\"}}]}<\/script>\n<!-- \/ Yoast SEO plugin. -->","yoast_head_json":{"title":"Stanovy klubu - Fotoklub RK 1924","robots":{"index":"index","follow":"follow","max-snippet":"max-snippet:-1","max-image-preview":"max-image-preview:large","max-video-preview":"max-video-preview:-1"},"canonical":"https:\/\/fotoklub.sk\/?page_id=187","og_locale":"sk_SK","og_type":"article","og_title":"Stanovy klubu - Fotoklub RK 1924","og_url":"https:\/\/fotoklub.sk\/?page_id=187","og_site_name":"Fotoklub RK 1924","article_modified_time":"2021-12-06T18:57:42+00:00","og_image":[{"url":"https:\/\/fotoklub.sk\/wp-content\/uploads\/2021\/12\/Stanov_1-740x1024.jpg","type":"","width":"","height":""}],"twitter_card":"summary_large_image","twitter_misc":{"Predpokladan\u00fd \u010das \u010d\u00edtania":"2 min\u00faty"},"schema":{"@context":"https:\/\/schema.org","@graph":[{"@type":"WebPage","@id":"https:\/\/fotoklub.sk\/?page_id=187","url":"https:\/\/fotoklub.sk\/?page_id=187","name":"Stanovy klubu - Fotoklub RK 1924","isPartOf":{"@id":"https:\/\/fotoklub.sk\/#website"},"primaryImageOfPage":{"@id":"https:\/\/fotoklub.sk\/?page_id=187#primaryimage"},"image":{"@id":"https:\/\/fotoklub.sk\/?page_id=187#primaryimage"},"thumbnailUrl":"https:\/\/fotoklub.sk\/wp-content\/uploads\/2021\/12\/Stanov_1-740x1024.jpg","datePublished":"2021-12-06T18:14:49+00:00","dateModified":"2021-12-06T18:57:42+00:00","breadcrumb":{"@id":"https:\/\/fotoklub.sk\/?page_id=187#breadcrumb"},"inLanguage":"sk-SK","potentialAction":[{"@type":"ReadAction","target":["https:\/\/fotoklub.sk\/?page_id=187"]}]},{"@type":"ImageObject","inLanguage":"sk-SK","@id":"https:\/\/fotoklub.sk\/?page_id=187#primaryimage","url":"https:\/\/fotoklub.sk\/wp-content\/uploads\/2021\/12\/Stanov_1.jpg","contentUrl":"https:\/\/fotoklub.sk\/wp-content\/uploads\/2021\/12\/Stanov_1.jpg","width":1248,"height":1728},{"@type":"BreadcrumbList","@id":"https:\/\/fotoklub.sk\/?page_id=187#breadcrumb","itemListElement":[{"@type":"ListItem","position":1,"name":"Domov","item":"https:\/\/fotoklub.sk\/"},{"@type":"ListItem","position":2,"name":"Stanovy klubu"}]},{"@type":"WebSite","@id":"https:\/\/fotoklub.sk\/#website","url":"https:\/\/fotoklub.sk\/","name":"Fotoklub RK 1924","description":"1924 \u2013 2024 | 100 rokov nepretr\u017eitej existencie Fotoklubu","publisher":{"@id":"https:\/\/fotoklub.sk\/#organization"},"alternateName":"Fotoklub Ru\u017eomberok","potentialAction":[{"@type":"SearchAction","target":{"@type":"EntryPoint","urlTemplate":"https:\/\/fotoklub.sk\/?s={search_term_string}"},"query-input":{"@type":"PropertyValueSpecification","valueRequired":true,"valueName":"search_term_string"}}],"inLanguage":"sk-SK"},{"@type":"Organization","@id":"https:\/\/fotoklub.sk\/#organization","name":"Fotoklub Ru\u017eomberok","alternateName":"Ru\u017eombersk\u00fd fotoklub","url":"https:\/\/fotoklub.sk\/","logo":{"@type":"ImageObject","inLanguage":"sk-SK","@id":"https:\/\/fotoklub.sk\/#\/schema\/logo\/image\/","url":"https:\/\/fotoklub.sk\/wp-content\/uploads\/2025\/02\/Logo_new.png","contentUrl":"https:\/\/fotoklub.sk\/wp-content\/uploads\/2025\/02\/Logo_new.png","width":100,"height":98,"caption":"Fotoklub Ru\u017eomberok"},"image":{"@id":"https:\/\/fotoklub.sk\/#\/schema\/logo\/image\/"}}]}},"jetpack_sharing_enabled":true,"_links":{"self":[{"href":"https:\/\/fotoklub.sk\/index.php?rest_route=\/wp\/v2\/pages\/187","targetHints":{"allow":["GET"]}}],"collection":[{"href":"https:\/\/fotoklub.sk\/index.php?rest_route=\/wp\/v2\/pages"}],"about":[{"href":"https:\/\/fotoklub.sk\/index.php?rest_route=\/wp\/v2\/types\/page"}],"author":[{"embeddable":true,"href":"https:\/\/fotoklub.sk\/index.php?rest_route=\/wp\/v2\/users\/1"}],"replies":[{"embeddable":true,"href":"https:\/\/fotoklub.sk\/index.php?rest_route=%2Fwp%2Fv2%2Fcomments&post=187"}],"version-history":[{"count":2,"href":"https:\/\/fotoklub.sk\/index.php?rest_route=\/wp\/v2\/pages\/187\/revisions"}],"predecessor-version":[{"id":211,"href":"https:\/\/fotoklub.sk\/index.php?rest_route=\/wp\/v2\/pages\/187\/revisions\/211"}],"wp:attachment":[{"href":"https:\/\/fotoklub.sk\/index.php?rest_route=%2Fwp%2Fv2%2Fmedia&parent=187"}],"curies":[{"name":"wp","href":"https:\/\/api.w.org\/{rel}","templated":true}]}}