{"id":1539,"date":"2024-04-06T20:55:40","date_gmt":"2024-04-06T18:55:40","guid":{"rendered":"https:\/\/fotoklub.sk\/?page_id=1539"},"modified":"2024-04-06T20:55:41","modified_gmt":"2024-04-06T18:55:41","slug":"xxi-interfotoplener-liptov-2024-prihlaska","status":"publish","type":"page","link":"https:\/\/fotoklub.sk\/?page_id=1539","title":{"rendered":"XXI. INTERfotoPLENER LIPTOV\u00a0 2024 PRIHL\u00c1\u0160KA"},"content":{"rendered":"\n<div data-wp-interactive=\"core\/file\" class=\"wp-block-file\"><object data-wp-bind--hidden=\"!state.hasPdfPreview\" hidden class=\"wp-block-file__embed\" data=\"https:\/\/fotoklub.sk\/wp-content\/uploads\/2024\/04\/Inter_XXI-prihlaska.pdf\" type=\"application\/pdf\" style=\"width:100%;height:1300px\" aria-label=\"Vlo\u017ei\u0165 Inter_XXI-prihlaska.\"><\/object><a id=\"wp-block-file--media-331b7654-6cc1-4043-a9fa-00fe633496b7\" href=\"https:\/\/fotoklub.sk\/wp-content\/uploads\/2024\/04\/Inter_XXI-prihlaska.pdf\">Inter_XXI-prihlaska<\/a><a href=\"https:\/\/fotoklub.sk\/wp-content\/uploads\/2024\/04\/Inter_XXI-prihlaska.pdf\" class=\"wp-block-file__button wp-element-button\" download aria-describedby=\"wp-block-file--media-331b7654-6cc1-4043-a9fa-00fe633496b7\">Stiahnu\u0165<\/a><\/div>\n","protected":false},"excerpt":{"rendered":"","protected":false},"author":7,"featured_media":0,"parent":0,"menu_order":0,"comment_status":"closed","ping_status":"closed","template":"","meta":{"footnotes":""},"class_list":["post-1539","page","type-page","status-publish","hentry"],"yoast_head":"<!-- This site is optimized with the Yoast SEO plugin v27.4 - https:\/\/yoast.com\/product\/yoast-seo-wordpress\/ -->\n<title>XXI. INTERfotoPLENER LIPTOV\u00a0 2024 PRIHL\u00c1\u0160KA - Fotoklub RK 1924<\/title>\n<meta name=\"robots\" content=\"index, follow, max-snippet:-1, max-image-preview:large, max-video-preview:-1\" \/>\n<link rel=\"canonical\" href=\"https:\/\/fotoklub.sk\/?page_id=1539\" \/>\n<meta property=\"og:locale\" content=\"sk_SK\" \/>\n<meta property=\"og:type\" content=\"article\" \/>\n<meta property=\"og:title\" content=\"XXI. INTERfotoPLENER LIPTOV\u00a0 2024 PRIHL\u00c1\u0160KA - Fotoklub RK 1924\" \/>\n<meta property=\"og:url\" content=\"https:\/\/fotoklub.sk\/?page_id=1539\" \/>\n<meta property=\"og:site_name\" content=\"Fotoklub RK 1924\" \/>\n<meta property=\"article:modified_time\" content=\"2024-04-06T18:55:41+00:00\" \/>\n<meta name=\"twitter:card\" content=\"summary_large_image\" \/>\n<script type=\"application\/ld+json\" class=\"yoast-schema-graph\">{\"@context\":\"https:\\\/\\\/schema.org\",\"@graph\":[{\"@type\":\"WebPage\",\"@id\":\"https:\\\/\\\/fotoklub.sk\\\/?page_id=1539\",\"url\":\"https:\\\/\\\/fotoklub.sk\\\/?page_id=1539\",\"name\":\"XXI. INTERfotoPLENER LIPTOV\u00a0 2024 PRIHL\u00c1\u0160KA - Fotoklub RK 1924\",\"isPartOf\":{\"@id\":\"https:\\\/\\\/fotoklub.sk\\\/#website\"},\"datePublished\":\"2024-04-06T18:55:40+00:00\",\"dateModified\":\"2024-04-06T18:55:41+00:00\",\"breadcrumb\":{\"@id\":\"https:\\\/\\\/fotoklub.sk\\\/?page_id=1539#breadcrumb\"},\"inLanguage\":\"sk-SK\",\"potentialAction\":[{\"@type\":\"ReadAction\",\"target\":[\"https:\\\/\\\/fotoklub.sk\\\/?page_id=1539\"]}]},{\"@type\":\"BreadcrumbList\",\"@id\":\"https:\\\/\\\/fotoklub.sk\\\/?page_id=1539#breadcrumb\",\"itemListElement\":[{\"@type\":\"ListItem\",\"position\":1,\"name\":\"Domov\",\"item\":\"https:\\\/\\\/fotoklub.sk\\\/\"},{\"@type\":\"ListItem\",\"position\":2,\"name\":\"XXI. INTERfotoPLENER LIPTOV\u00a0 2024 PRIHL\u00c1\u0160KA\"}]},{\"@type\":\"WebSite\",\"@id\":\"https:\\\/\\\/fotoklub.sk\\\/#website\",\"url\":\"https:\\\/\\\/fotoklub.sk\\\/\",\"name\":\"Fotoklub RK 1924\",\"description\":\"1924 \u2013 2024 | 100 rokov nepretr\u017eitej existencie Fotoklubu\",\"publisher\":{\"@id\":\"https:\\\/\\\/fotoklub.sk\\\/#organization\"},\"alternateName\":\"Fotoklub Ru\u017eomberok\",\"potentialAction\":[{\"@type\":\"SearchAction\",\"target\":{\"@type\":\"EntryPoint\",\"urlTemplate\":\"https:\\\/\\\/fotoklub.sk\\\/?s={search_term_string}\"},\"query-input\":{\"@type\":\"PropertyValueSpecification\",\"valueRequired\":true,\"valueName\":\"search_term_string\"}}],\"inLanguage\":\"sk-SK\"},{\"@type\":\"Organization\",\"@id\":\"https:\\\/\\\/fotoklub.sk\\\/#organization\",\"name\":\"Fotoklub Ru\u017eomberok\",\"alternateName\":\"Ru\u017eombersk\u00fd fotoklub\",\"url\":\"https:\\\/\\\/fotoklub.sk\\\/\",\"logo\":{\"@type\":\"ImageObject\",\"inLanguage\":\"sk-SK\",\"@id\":\"https:\\\/\\\/fotoklub.sk\\\/#\\\/schema\\\/logo\\\/image\\\/\",\"url\":\"https:\\\/\\\/fotoklub.sk\\\/wp-content\\\/uploads\\\/2025\\\/02\\\/Logo_new.png\",\"contentUrl\":\"https:\\\/\\\/fotoklub.sk\\\/wp-content\\\/uploads\\\/2025\\\/02\\\/Logo_new.png\",\"width\":100,\"height\":98,\"caption\":\"Fotoklub Ru\u017eomberok\"},\"image\":{\"@id\":\"https:\\\/\\\/fotoklub.sk\\\/#\\\/schema\\\/logo\\\/image\\\/\"}}]}<\/script>\n<!-- \/ Yoast SEO plugin. -->","yoast_head_json":{"title":"XXI. INTERfotoPLENER LIPTOV\u00a0 2024 PRIHL\u00c1\u0160KA - Fotoklub RK 1924","robots":{"index":"index","follow":"follow","max-snippet":"max-snippet:-1","max-image-preview":"max-image-preview:large","max-video-preview":"max-video-preview:-1"},"canonical":"https:\/\/fotoklub.sk\/?page_id=1539","og_locale":"sk_SK","og_type":"article","og_title":"XXI. INTERfotoPLENER LIPTOV\u00a0 2024 PRIHL\u00c1\u0160KA - Fotoklub RK 1924","og_url":"https:\/\/fotoklub.sk\/?page_id=1539","og_site_name":"Fotoklub RK 1924","article_modified_time":"2024-04-06T18:55:41+00:00","twitter_card":"summary_large_image","schema":{"@context":"https:\/\/schema.org","@graph":[{"@type":"WebPage","@id":"https:\/\/fotoklub.sk\/?page_id=1539","url":"https:\/\/fotoklub.sk\/?page_id=1539","name":"XXI. INTERfotoPLENER LIPTOV\u00a0 2024 PRIHL\u00c1\u0160KA - Fotoklub RK 1924","isPartOf":{"@id":"https:\/\/fotoklub.sk\/#website"},"datePublished":"2024-04-06T18:55:40+00:00","dateModified":"2024-04-06T18:55:41+00:00","breadcrumb":{"@id":"https:\/\/fotoklub.sk\/?page_id=1539#breadcrumb"},"inLanguage":"sk-SK","potentialAction":[{"@type":"ReadAction","target":["https:\/\/fotoklub.sk\/?page_id=1539"]}]},{"@type":"BreadcrumbList","@id":"https:\/\/fotoklub.sk\/?page_id=1539#breadcrumb","itemListElement":[{"@type":"ListItem","position":1,"name":"Domov","item":"https:\/\/fotoklub.sk\/"},{"@type":"ListItem","position":2,"name":"XXI. INTERfotoPLENER LIPTOV\u00a0 2024 PRIHL\u00c1\u0160KA"}]},{"@type":"WebSite","@id":"https:\/\/fotoklub.sk\/#website","url":"https:\/\/fotoklub.sk\/","name":"Fotoklub RK 1924","description":"1924 \u2013 2024 | 100 rokov nepretr\u017eitej existencie Fotoklubu","publisher":{"@id":"https:\/\/fotoklub.sk\/#organization"},"alternateName":"Fotoklub Ru\u017eomberok","potentialAction":[{"@type":"SearchAction","target":{"@type":"EntryPoint","urlTemplate":"https:\/\/fotoklub.sk\/?s={search_term_string}"},"query-input":{"@type":"PropertyValueSpecification","valueRequired":true,"valueName":"search_term_string"}}],"inLanguage":"sk-SK"},{"@type":"Organization","@id":"https:\/\/fotoklub.sk\/#organization","name":"Fotoklub Ru\u017eomberok","alternateName":"Ru\u017eombersk\u00fd fotoklub","url":"https:\/\/fotoklub.sk\/","logo":{"@type":"ImageObject","inLanguage":"sk-SK","@id":"https:\/\/fotoklub.sk\/#\/schema\/logo\/image\/","url":"https:\/\/fotoklub.sk\/wp-content\/uploads\/2025\/02\/Logo_new.png","contentUrl":"https:\/\/fotoklub.sk\/wp-content\/uploads\/2025\/02\/Logo_new.png","width":100,"height":98,"caption":"Fotoklub Ru\u017eomberok"},"image":{"@id":"https:\/\/fotoklub.sk\/#\/schema\/logo\/image\/"}}]}},"jetpack_sharing_enabled":true,"_links":{"self":[{"href":"https:\/\/fotoklub.sk\/index.php?rest_route=\/wp\/v2\/pages\/1539","targetHints":{"allow":["GET"]}}],"collection":[{"href":"https:\/\/fotoklub.sk\/index.php?rest_route=\/wp\/v2\/pages"}],"about":[{"href":"https:\/\/fotoklub.sk\/index.php?rest_route=\/wp\/v2\/types\/page"}],"author":[{"embeddable":true,"href":"https:\/\/fotoklub.sk\/index.php?rest_route=\/wp\/v2\/users\/7"}],"replies":[{"embeddable":true,"href":"https:\/\/fotoklub.sk\/index.php?rest_route=%2Fwp%2Fv2%2Fcomments&post=1539"}],"version-history":[{"count":1,"href":"https:\/\/fotoklub.sk\/index.php?rest_route=\/wp\/v2\/pages\/1539\/revisions"}],"predecessor-version":[{"id":1541,"href":"https:\/\/fotoklub.sk\/index.php?rest_route=\/wp\/v2\/pages\/1539\/revisions\/1541"}],"wp:attachment":[{"href":"https:\/\/fotoklub.sk\/index.php?rest_route=%2Fwp%2Fv2%2Fmedia&parent=1539"}],"curies":[{"name":"wp","href":"https:\/\/api.w.org\/{rel}","templated":true}]}}