{"id":152,"date":"2021-12-06T18:12:16","date_gmt":"2021-12-06T17:12:16","guid":{"rendered":"https:\/\/fotoklub.sk\/?page_id=152"},"modified":"2021-12-06T18:12:17","modified_gmt":"2021-12-06T17:12:17","slug":"ivan-svoboda","status":"publish","type":"page","link":"https:\/\/fotoklub.sk\/?page_id=152","title":{"rendered":"Ivan Svoboda"},"content":{"rendered":"","protected":false},"excerpt":{"rendered":"","protected":false},"author":1,"featured_media":153,"parent":0,"menu_order":0,"comment_status":"closed","ping_status":"closed","template":"","meta":{"footnotes":""},"class_list":["post-152","page","type-page","status-publish","has-post-thumbnail","hentry"],"yoast_head":"<!-- This site is optimized with the Yoast SEO plugin v27.4 - https:\/\/yoast.com\/product\/yoast-seo-wordpress\/ -->\n<title>Ivan Svoboda - Fotoklub RK 1924<\/title>\n<meta name=\"robots\" content=\"index, follow, max-snippet:-1, max-image-preview:large, max-video-preview:-1\" \/>\n<link rel=\"canonical\" href=\"https:\/\/fotoklub.sk\/?page_id=152\" \/>\n<meta property=\"og:locale\" content=\"sk_SK\" \/>\n<meta property=\"og:type\" content=\"article\" \/>\n<meta property=\"og:title\" content=\"Ivan Svoboda - Fotoklub RK 1924\" \/>\n<meta property=\"og:url\" content=\"https:\/\/fotoklub.sk\/?page_id=152\" \/>\n<meta property=\"og:site_name\" content=\"Fotoklub RK 1924\" \/>\n<meta property=\"article:modified_time\" content=\"2021-12-06T17:12:17+00:00\" \/>\n<meta property=\"og:image\" content=\"https:\/\/fotoklub.sk\/wp-content\/uploads\/2021\/12\/Svoboda.jpg\" \/>\n\t<meta property=\"og:image:width\" content=\"310\" \/>\n\t<meta property=\"og:image:height\" content=\"416\" \/>\n\t<meta property=\"og:image:type\" content=\"image\/jpeg\" \/>\n<meta name=\"twitter:card\" content=\"summary_large_image\" \/>\n<script type=\"application\/ld+json\" class=\"yoast-schema-graph\">{\"@context\":\"https:\\\/\\\/schema.org\",\"@graph\":[{\"@type\":\"WebPage\",\"@id\":\"https:\\\/\\\/fotoklub.sk\\\/?page_id=152\",\"url\":\"https:\\\/\\\/fotoklub.sk\\\/?page_id=152\",\"name\":\"Ivan Svoboda - Fotoklub RK 1924\",\"isPartOf\":{\"@id\":\"https:\\\/\\\/fotoklub.sk\\\/#website\"},\"primaryImageOfPage\":{\"@id\":\"https:\\\/\\\/fotoklub.sk\\\/?page_id=152#primaryimage\"},\"image\":{\"@id\":\"https:\\\/\\\/fotoklub.sk\\\/?page_id=152#primaryimage\"},\"thumbnailUrl\":\"https:\\\/\\\/fotoklub.sk\\\/wp-content\\\/uploads\\\/2021\\\/12\\\/Svoboda.jpg\",\"datePublished\":\"2021-12-06T17:12:16+00:00\",\"dateModified\":\"2021-12-06T17:12:17+00:00\",\"breadcrumb\":{\"@id\":\"https:\\\/\\\/fotoklub.sk\\\/?page_id=152#breadcrumb\"},\"inLanguage\":\"sk-SK\",\"potentialAction\":[{\"@type\":\"ReadAction\",\"target\":[\"https:\\\/\\\/fotoklub.sk\\\/?page_id=152\"]}]},{\"@type\":\"ImageObject\",\"inLanguage\":\"sk-SK\",\"@id\":\"https:\\\/\\\/fotoklub.sk\\\/?page_id=152#primaryimage\",\"url\":\"https:\\\/\\\/fotoklub.sk\\\/wp-content\\\/uploads\\\/2021\\\/12\\\/Svoboda.jpg\",\"contentUrl\":\"https:\\\/\\\/fotoklub.sk\\\/wp-content\\\/uploads\\\/2021\\\/12\\\/Svoboda.jpg\",\"width\":310,\"height\":416},{\"@type\":\"BreadcrumbList\",\"@id\":\"https:\\\/\\\/fotoklub.sk\\\/?page_id=152#breadcrumb\",\"itemListElement\":[{\"@type\":\"ListItem\",\"position\":1,\"name\":\"Domov\",\"item\":\"https:\\\/\\\/fotoklub.sk\\\/\"},{\"@type\":\"ListItem\",\"position\":2,\"name\":\"Ivan Svoboda\"}]},{\"@type\":\"WebSite\",\"@id\":\"https:\\\/\\\/fotoklub.sk\\\/#website\",\"url\":\"https:\\\/\\\/fotoklub.sk\\\/\",\"name\":\"Fotoklub RK 1924\",\"description\":\"1924 \u2013 2024 | 100 rokov nepretr\u017eitej existencie Fotoklubu\",\"publisher\":{\"@id\":\"https:\\\/\\\/fotoklub.sk\\\/#organization\"},\"alternateName\":\"Fotoklub Ru\u017eomberok\",\"potentialAction\":[{\"@type\":\"SearchAction\",\"target\":{\"@type\":\"EntryPoint\",\"urlTemplate\":\"https:\\\/\\\/fotoklub.sk\\\/?s={search_term_string}\"},\"query-input\":{\"@type\":\"PropertyValueSpecification\",\"valueRequired\":true,\"valueName\":\"search_term_string\"}}],\"inLanguage\":\"sk-SK\"},{\"@type\":\"Organization\",\"@id\":\"https:\\\/\\\/fotoklub.sk\\\/#organization\",\"name\":\"Fotoklub Ru\u017eomberok\",\"alternateName\":\"Ru\u017eombersk\u00fd fotoklub\",\"url\":\"https:\\\/\\\/fotoklub.sk\\\/\",\"logo\":{\"@type\":\"ImageObject\",\"inLanguage\":\"sk-SK\",\"@id\":\"https:\\\/\\\/fotoklub.sk\\\/#\\\/schema\\\/logo\\\/image\\\/\",\"url\":\"https:\\\/\\\/fotoklub.sk\\\/wp-content\\\/uploads\\\/2025\\\/02\\\/Logo_new.png\",\"contentUrl\":\"https:\\\/\\\/fotoklub.sk\\\/wp-content\\\/uploads\\\/2025\\\/02\\\/Logo_new.png\",\"width\":100,\"height\":98,\"caption\":\"Fotoklub Ru\u017eomberok\"},\"image\":{\"@id\":\"https:\\\/\\\/fotoklub.sk\\\/#\\\/schema\\\/logo\\\/image\\\/\"}}]}<\/script>\n<!-- \/ Yoast SEO plugin. -->","yoast_head_json":{"title":"Ivan Svoboda - Fotoklub RK 1924","robots":{"index":"index","follow":"follow","max-snippet":"max-snippet:-1","max-image-preview":"max-image-preview:large","max-video-preview":"max-video-preview:-1"},"canonical":"https:\/\/fotoklub.sk\/?page_id=152","og_locale":"sk_SK","og_type":"article","og_title":"Ivan Svoboda - Fotoklub RK 1924","og_url":"https:\/\/fotoklub.sk\/?page_id=152","og_site_name":"Fotoklub RK 1924","article_modified_time":"2021-12-06T17:12:17+00:00","og_image":[{"width":310,"height":416,"url":"https:\/\/fotoklub.sk\/wp-content\/uploads\/2021\/12\/Svoboda.jpg","type":"image\/jpeg"}],"twitter_card":"summary_large_image","schema":{"@context":"https:\/\/schema.org","@graph":[{"@type":"WebPage","@id":"https:\/\/fotoklub.sk\/?page_id=152","url":"https:\/\/fotoklub.sk\/?page_id=152","name":"Ivan Svoboda - Fotoklub RK 1924","isPartOf":{"@id":"https:\/\/fotoklub.sk\/#website"},"primaryImageOfPage":{"@id":"https:\/\/fotoklub.sk\/?page_id=152#primaryimage"},"image":{"@id":"https:\/\/fotoklub.sk\/?page_id=152#primaryimage"},"thumbnailUrl":"https:\/\/fotoklub.sk\/wp-content\/uploads\/2021\/12\/Svoboda.jpg","datePublished":"2021-12-06T17:12:16+00:00","dateModified":"2021-12-06T17:12:17+00:00","breadcrumb":{"@id":"https:\/\/fotoklub.sk\/?page_id=152#breadcrumb"},"inLanguage":"sk-SK","potentialAction":[{"@type":"ReadAction","target":["https:\/\/fotoklub.sk\/?page_id=152"]}]},{"@type":"ImageObject","inLanguage":"sk-SK","@id":"https:\/\/fotoklub.sk\/?page_id=152#primaryimage","url":"https:\/\/fotoklub.sk\/wp-content\/uploads\/2021\/12\/Svoboda.jpg","contentUrl":"https:\/\/fotoklub.sk\/wp-content\/uploads\/2021\/12\/Svoboda.jpg","width":310,"height":416},{"@type":"BreadcrumbList","@id":"https:\/\/fotoklub.sk\/?page_id=152#breadcrumb","itemListElement":[{"@type":"ListItem","position":1,"name":"Domov","item":"https:\/\/fotoklub.sk\/"},{"@type":"ListItem","position":2,"name":"Ivan Svoboda"}]},{"@type":"WebSite","@id":"https:\/\/fotoklub.sk\/#website","url":"https:\/\/fotoklub.sk\/","name":"Fotoklub RK 1924","description":"1924 \u2013 2024 | 100 rokov nepretr\u017eitej existencie Fotoklubu","publisher":{"@id":"https:\/\/fotoklub.sk\/#organization"},"alternateName":"Fotoklub Ru\u017eomberok","potentialAction":[{"@type":"SearchAction","target":{"@type":"EntryPoint","urlTemplate":"https:\/\/fotoklub.sk\/?s={search_term_string}"},"query-input":{"@type":"PropertyValueSpecification","valueRequired":true,"valueName":"search_term_string"}}],"inLanguage":"sk-SK"},{"@type":"Organization","@id":"https:\/\/fotoklub.sk\/#organization","name":"Fotoklub Ru\u017eomberok","alternateName":"Ru\u017eombersk\u00fd fotoklub","url":"https:\/\/fotoklub.sk\/","logo":{"@type":"ImageObject","inLanguage":"sk-SK","@id":"https:\/\/fotoklub.sk\/#\/schema\/logo\/image\/","url":"https:\/\/fotoklub.sk\/wp-content\/uploads\/2025\/02\/Logo_new.png","contentUrl":"https:\/\/fotoklub.sk\/wp-content\/uploads\/2025\/02\/Logo_new.png","width":100,"height":98,"caption":"Fotoklub Ru\u017eomberok"},"image":{"@id":"https:\/\/fotoklub.sk\/#\/schema\/logo\/image\/"}}]}},"jetpack_sharing_enabled":true,"_links":{"self":[{"href":"https:\/\/fotoklub.sk\/index.php?rest_route=\/wp\/v2\/pages\/152","targetHints":{"allow":["GET"]}}],"collection":[{"href":"https:\/\/fotoklub.sk\/index.php?rest_route=\/wp\/v2\/pages"}],"about":[{"href":"https:\/\/fotoklub.sk\/index.php?rest_route=\/wp\/v2\/types\/page"}],"author":[{"embeddable":true,"href":"https:\/\/fotoklub.sk\/index.php?rest_route=\/wp\/v2\/users\/1"}],"replies":[{"embeddable":true,"href":"https:\/\/fotoklub.sk\/index.php?rest_route=%2Fwp%2Fv2%2Fcomments&post=152"}],"version-history":[{"count":1,"href":"https:\/\/fotoklub.sk\/index.php?rest_route=\/wp\/v2\/pages\/152\/revisions"}],"predecessor-version":[{"id":154,"href":"https:\/\/fotoklub.sk\/index.php?rest_route=\/wp\/v2\/pages\/152\/revisions\/154"}],"wp:featuredmedia":[{"embeddable":true,"href":"https:\/\/fotoklub.sk\/index.php?rest_route=\/wp\/v2\/media\/153"}],"wp:attachment":[{"href":"https:\/\/fotoklub.sk\/index.php?rest_route=%2Fwp%2Fv2%2Fmedia&parent=152"}],"curies":[{"name":"wp","href":"https:\/\/api.w.org\/{rel}","templated":true}]}}