{"id":1242,"date":"2023-10-29T16:12:19","date_gmt":"2023-10-29T15:12:19","guid":{"rendered":"https:\/\/fotoklub.sk\/?page_id=1242"},"modified":"2023-10-29T16:15:33","modified_gmt":"2023-10-29T15:15:33","slug":"galeria-fedor-polony","status":"publish","type":"page","link":"https:\/\/fotoklub.sk\/?page_id=1242","title":{"rendered":"Gal\u00e9ria Fedor Pol\u00f3ni"},"content":{"rendered":"\n<figure class=\"wp-block-image size-large\"><img decoding=\"async\" width=\"1024\" height=\"518\" src=\"https:\/\/fotoklub.sk\/wp-content\/uploads\/2023\/10\/fulla3-1024x518.jpg\" alt=\"\" class=\"wp-image-1243\" srcset=\"https:\/\/fotoklub.sk\/wp-content\/uploads\/2023\/10\/fulla3-1024x518.jpg 1024w, https:\/\/fotoklub.sk\/wp-content\/uploads\/2023\/10\/fulla3-300x152.jpg 300w, https:\/\/fotoklub.sk\/wp-content\/uploads\/2023\/10\/fulla3-768x389.jpg 768w, https:\/\/fotoklub.sk\/wp-content\/uploads\/2023\/10\/fulla3-1536x778.jpg 1536w, https:\/\/fotoklub.sk\/wp-content\/uploads\/2023\/10\/fulla3.jpg 1920w\" sizes=\"(max-width: 1024px) 100vw, 1024px\" \/><\/figure>\n\n\n\n<figure class=\"wp-block-image size-large\"><img decoding=\"async\" width=\"1024\" height=\"752\" src=\"https:\/\/fotoklub.sk\/wp-content\/uploads\/2023\/10\/fulla1-1024x752.jpg\" alt=\"\" class=\"wp-image-1244\" srcset=\"https:\/\/fotoklub.sk\/wp-content\/uploads\/2023\/10\/fulla1-1024x752.jpg 1024w, https:\/\/fotoklub.sk\/wp-content\/uploads\/2023\/10\/fulla1-300x220.jpg 300w, https:\/\/fotoklub.sk\/wp-content\/uploads\/2023\/10\/fulla1-768x564.jpg 768w, https:\/\/fotoklub.sk\/wp-content\/uploads\/2023\/10\/fulla1-1536x1128.jpg 1536w, https:\/\/fotoklub.sk\/wp-content\/uploads\/2023\/10\/fulla1.jpg 1920w\" sizes=\"(max-width: 1024px) 100vw, 1024px\" \/><\/figure>\n\n\n\n<figure class=\"wp-block-image size-large\"><img decoding=\"async\" width=\"1024\" height=\"721\" src=\"https:\/\/fotoklub.sk\/wp-content\/uploads\/2023\/10\/fulla2-1024x721.jpg\" alt=\"\" class=\"wp-image-1245\" srcset=\"https:\/\/fotoklub.sk\/wp-content\/uploads\/2023\/10\/fulla2-1024x721.jpg 1024w, https:\/\/fotoklub.sk\/wp-content\/uploads\/2023\/10\/fulla2-300x211.jpg 300w, https:\/\/fotoklub.sk\/wp-content\/uploads\/2023\/10\/fulla2-768x540.jpg 768w, https:\/\/fotoklub.sk\/wp-content\/uploads\/2023\/10\/fulla2-1536x1081.jpg 1536w, https:\/\/fotoklub.sk\/wp-content\/uploads\/2023\/10\/fulla2.jpg 1920w\" sizes=\"(max-width: 1024px) 100vw, 1024px\" \/><\/figure>\n\n\n\n<figure class=\"wp-block-image size-large\"><img decoding=\"async\" width=\"1024\" height=\"886\" src=\"https:\/\/fotoklub.sk\/wp-content\/uploads\/2023\/10\/cas-1024x886.jpg\" alt=\"\" class=\"wp-image-1246\" srcset=\"https:\/\/fotoklub.sk\/wp-content\/uploads\/2023\/10\/cas-1024x886.jpg 1024w, https:\/\/fotoklub.sk\/wp-content\/uploads\/2023\/10\/cas-300x260.jpg 300w, https:\/\/fotoklub.sk\/wp-content\/uploads\/2023\/10\/cas-768x665.jpg 768w, https:\/\/fotoklub.sk\/wp-content\/uploads\/2023\/10\/cas-1536x1330.jpg 1536w, https:\/\/fotoklub.sk\/wp-content\/uploads\/2023\/10\/cas.jpg 1920w\" sizes=\"(max-width: 1024px) 100vw, 1024px\" \/><\/figure>\n\n\n\n<figure class=\"wp-block-image size-large\"><img decoding=\"async\" width=\"1024\" height=\"670\" src=\"https:\/\/fotoklub.sk\/wp-content\/uploads\/2023\/10\/za-ohradou-1024x670.jpg\" alt=\"\" class=\"wp-image-1247\" srcset=\"https:\/\/fotoklub.sk\/wp-content\/uploads\/2023\/10\/za-ohradou-1024x670.jpg 1024w, https:\/\/fotoklub.sk\/wp-content\/uploads\/2023\/10\/za-ohradou-300x196.jpg 300w, https:\/\/fotoklub.sk\/wp-content\/uploads\/2023\/10\/za-ohradou-768x502.jpg 768w, https:\/\/fotoklub.sk\/wp-content\/uploads\/2023\/10\/za-ohradou-1536x1005.jpg 1536w, https:\/\/fotoklub.sk\/wp-content\/uploads\/2023\/10\/za-ohradou.jpg 1920w\" sizes=\"(max-width: 1024px) 100vw, 1024px\" \/><\/figure>\n\n\n\n<figure class=\"wp-block-image size-large\"><img decoding=\"async\" width=\"1024\" height=\"704\" src=\"https:\/\/fotoklub.sk\/wp-content\/uploads\/2023\/10\/schodiky-1024x704.jpg\" alt=\"\" class=\"wp-image-1248\" srcset=\"https:\/\/fotoklub.sk\/wp-content\/uploads\/2023\/10\/schodiky-1024x704.jpg 1024w, https:\/\/fotoklub.sk\/wp-content\/uploads\/2023\/10\/schodiky-300x206.jpg 300w, https:\/\/fotoklub.sk\/wp-content\/uploads\/2023\/10\/schodiky-768x528.jpg 768w, https:\/\/fotoklub.sk\/wp-content\/uploads\/2023\/10\/schodiky-1536x1056.jpg 1536w, https:\/\/fotoklub.sk\/wp-content\/uploads\/2023\/10\/schodiky.jpg 1920w\" sizes=\"(max-width: 1024px) 100vw, 1024px\" \/><\/figure>\n\n\n\n<figure class=\"wp-block-image size-large\"><img decoding=\"async\" width=\"1024\" height=\"803\" src=\"https:\/\/fotoklub.sk\/wp-content\/uploads\/2023\/10\/modre-koliesko-1024x803.jpg\" alt=\"\" class=\"wp-image-1249\" srcset=\"https:\/\/fotoklub.sk\/wp-content\/uploads\/2023\/10\/modre-koliesko-1024x803.jpg 1024w, https:\/\/fotoklub.sk\/wp-content\/uploads\/2023\/10\/modre-koliesko-300x235.jpg 300w, https:\/\/fotoklub.sk\/wp-content\/uploads\/2023\/10\/modre-koliesko-768x602.jpg 768w, https:\/\/fotoklub.sk\/wp-content\/uploads\/2023\/10\/modre-koliesko-1536x1204.jpg 1536w, https:\/\/fotoklub.sk\/wp-content\/uploads\/2023\/10\/modre-koliesko.jpg 1920w\" sizes=\"(max-width: 1024px) 100vw, 1024px\" \/><\/figure>\n\n\n\n<figure class=\"wp-block-image size-large\"><img decoding=\"async\" width=\"1024\" height=\"421\" src=\"https:\/\/fotoklub.sk\/wp-content\/uploads\/2023\/10\/kacicky-1024x421.jpg\" alt=\"\" class=\"wp-image-1250\" srcset=\"https:\/\/fotoklub.sk\/wp-content\/uploads\/2023\/10\/kacicky-1024x421.jpg 1024w, https:\/\/fotoklub.sk\/wp-content\/uploads\/2023\/10\/kacicky-300x123.jpg 300w, https:\/\/fotoklub.sk\/wp-content\/uploads\/2023\/10\/kacicky-768x316.jpg 768w, https:\/\/fotoklub.sk\/wp-content\/uploads\/2023\/10\/kacicky-1536x632.jpg 1536w, https:\/\/fotoklub.sk\/wp-content\/uploads\/2023\/10\/kacicky.jpg 1920w\" sizes=\"(max-width: 1024px) 100vw, 1024px\" \/><\/figure>\n\n\n\n<figure class=\"wp-block-image size-large\"><img decoding=\"async\" width=\"1024\" height=\"667\" src=\"https:\/\/fotoklub.sk\/wp-content\/uploads\/2023\/10\/holub-1024x667.jpg\" alt=\"\" class=\"wp-image-1251\" srcset=\"https:\/\/fotoklub.sk\/wp-content\/uploads\/2023\/10\/holub-1024x667.jpg 1024w, https:\/\/fotoklub.sk\/wp-content\/uploads\/2023\/10\/holub-300x195.jpg 300w, https:\/\/fotoklub.sk\/wp-content\/uploads\/2023\/10\/holub-768x500.jpg 768w, https:\/\/fotoklub.sk\/wp-content\/uploads\/2023\/10\/holub-1536x1001.jpg 1536w, https:\/\/fotoklub.sk\/wp-content\/uploads\/2023\/10\/holub.jpg 1920w\" sizes=\"(max-width: 1024px) 100vw, 1024px\" \/><\/figure>\n\n\n","protected":false},"excerpt":{"rendered":"","protected":false},"author":7,"featured_media":0,"parent":0,"menu_order":0,"comment_status":"closed","ping_status":"closed","template":"","meta":{"footnotes":""},"class_list":["post-1242","page","type-page","status-publish","hentry"],"yoast_head":"<!-- This site is optimized with the Yoast SEO plugin v27.4 - https:\/\/yoast.com\/product\/yoast-seo-wordpress\/ -->\n<title>Gal\u00e9ria Fedor Pol\u00f3ni - Fotoklub RK 1924<\/title>\n<meta name=\"robots\" content=\"index, follow, max-snippet:-1, max-image-preview:large, max-video-preview:-1\" \/>\n<link rel=\"canonical\" href=\"https:\/\/fotoklub.sk\/?page_id=1242\" \/>\n<meta property=\"og:locale\" content=\"sk_SK\" \/>\n<meta property=\"og:type\" content=\"article\" \/>\n<meta property=\"og:title\" content=\"Gal\u00e9ria Fedor Pol\u00f3ni - Fotoklub RK 1924\" \/>\n<meta property=\"og:url\" content=\"https:\/\/fotoklub.sk\/?page_id=1242\" \/>\n<meta property=\"og:site_name\" content=\"Fotoklub RK 1924\" \/>\n<meta property=\"article:modified_time\" content=\"2023-10-29T15:15:33+00:00\" \/>\n<meta property=\"og:image\" content=\"https:\/\/fotoklub.sk\/wp-content\/uploads\/2023\/10\/fulla3.jpg\" \/>\n\t<meta property=\"og:image:width\" content=\"1920\" \/>\n\t<meta property=\"og:image:height\" content=\"972\" \/>\n\t<meta property=\"og:image:type\" content=\"image\/jpeg\" \/>\n<meta name=\"twitter:card\" content=\"summary_large_image\" \/>\n<script type=\"application\/ld+json\" class=\"yoast-schema-graph\">{\"@context\":\"https:\\\/\\\/schema.org\",\"@graph\":[{\"@type\":\"WebPage\",\"@id\":\"https:\\\/\\\/fotoklub.sk\\\/?page_id=1242\",\"url\":\"https:\\\/\\\/fotoklub.sk\\\/?page_id=1242\",\"name\":\"Gal\u00e9ria Fedor Pol\u00f3ni - Fotoklub RK 1924\",\"isPartOf\":{\"@id\":\"https:\\\/\\\/fotoklub.sk\\\/#website\"},\"primaryImageOfPage\":{\"@id\":\"https:\\\/\\\/fotoklub.sk\\\/?page_id=1242#primaryimage\"},\"image\":{\"@id\":\"https:\\\/\\\/fotoklub.sk\\\/?page_id=1242#primaryimage\"},\"thumbnailUrl\":\"https:\\\/\\\/fotoklub.sk\\\/wp-content\\\/uploads\\\/2023\\\/10\\\/fulla3-1024x518.jpg\",\"datePublished\":\"2023-10-29T15:12:19+00:00\",\"dateModified\":\"2023-10-29T15:15:33+00:00\",\"breadcrumb\":{\"@id\":\"https:\\\/\\\/fotoklub.sk\\\/?page_id=1242#breadcrumb\"},\"inLanguage\":\"sk-SK\",\"potentialAction\":[{\"@type\":\"ReadAction\",\"target\":[\"https:\\\/\\\/fotoklub.sk\\\/?page_id=1242\"]}]},{\"@type\":\"ImageObject\",\"inLanguage\":\"sk-SK\",\"@id\":\"https:\\\/\\\/fotoklub.sk\\\/?page_id=1242#primaryimage\",\"url\":\"https:\\\/\\\/fotoklub.sk\\\/wp-content\\\/uploads\\\/2023\\\/10\\\/fulla3.jpg\",\"contentUrl\":\"https:\\\/\\\/fotoklub.sk\\\/wp-content\\\/uploads\\\/2023\\\/10\\\/fulla3.jpg\",\"width\":1920,\"height\":972},{\"@type\":\"BreadcrumbList\",\"@id\":\"https:\\\/\\\/fotoklub.sk\\\/?page_id=1242#breadcrumb\",\"itemListElement\":[{\"@type\":\"ListItem\",\"position\":1,\"name\":\"Domov\",\"item\":\"https:\\\/\\\/fotoklub.sk\\\/\"},{\"@type\":\"ListItem\",\"position\":2,\"name\":\"Gal\u00e9ria Fedor Pol\u00f3ni\"}]},{\"@type\":\"WebSite\",\"@id\":\"https:\\\/\\\/fotoklub.sk\\\/#website\",\"url\":\"https:\\\/\\\/fotoklub.sk\\\/\",\"name\":\"Fotoklub RK 1924\",\"description\":\"1924 \u2013 2024 | 100 rokov nepretr\u017eitej existencie Fotoklubu\",\"publisher\":{\"@id\":\"https:\\\/\\\/fotoklub.sk\\\/#organization\"},\"alternateName\":\"Fotoklub Ru\u017eomberok\",\"potentialAction\":[{\"@type\":\"SearchAction\",\"target\":{\"@type\":\"EntryPoint\",\"urlTemplate\":\"https:\\\/\\\/fotoklub.sk\\\/?s={search_term_string}\"},\"query-input\":{\"@type\":\"PropertyValueSpecification\",\"valueRequired\":true,\"valueName\":\"search_term_string\"}}],\"inLanguage\":\"sk-SK\"},{\"@type\":\"Organization\",\"@id\":\"https:\\\/\\\/fotoklub.sk\\\/#organization\",\"name\":\"Fotoklub Ru\u017eomberok\",\"alternateName\":\"Ru\u017eombersk\u00fd fotoklub\",\"url\":\"https:\\\/\\\/fotoklub.sk\\\/\",\"logo\":{\"@type\":\"ImageObject\",\"inLanguage\":\"sk-SK\",\"@id\":\"https:\\\/\\\/fotoklub.sk\\\/#\\\/schema\\\/logo\\\/image\\\/\",\"url\":\"https:\\\/\\\/fotoklub.sk\\\/wp-content\\\/uploads\\\/2025\\\/02\\\/Logo_new.png\",\"contentUrl\":\"https:\\\/\\\/fotoklub.sk\\\/wp-content\\\/uploads\\\/2025\\\/02\\\/Logo_new.png\",\"width\":100,\"height\":98,\"caption\":\"Fotoklub Ru\u017eomberok\"},\"image\":{\"@id\":\"https:\\\/\\\/fotoklub.sk\\\/#\\\/schema\\\/logo\\\/image\\\/\"}}]}<\/script>\n<!-- \/ Yoast SEO plugin. -->","yoast_head_json":{"title":"Gal\u00e9ria Fedor Pol\u00f3ni - Fotoklub RK 1924","robots":{"index":"index","follow":"follow","max-snippet":"max-snippet:-1","max-image-preview":"max-image-preview:large","max-video-preview":"max-video-preview:-1"},"canonical":"https:\/\/fotoklub.sk\/?page_id=1242","og_locale":"sk_SK","og_type":"article","og_title":"Gal\u00e9ria Fedor Pol\u00f3ni - Fotoklub RK 1924","og_url":"https:\/\/fotoklub.sk\/?page_id=1242","og_site_name":"Fotoklub RK 1924","article_modified_time":"2023-10-29T15:15:33+00:00","og_image":[{"width":1920,"height":972,"url":"https:\/\/fotoklub.sk\/wp-content\/uploads\/2023\/10\/fulla3.jpg","type":"image\/jpeg"}],"twitter_card":"summary_large_image","schema":{"@context":"https:\/\/schema.org","@graph":[{"@type":"WebPage","@id":"https:\/\/fotoklub.sk\/?page_id=1242","url":"https:\/\/fotoklub.sk\/?page_id=1242","name":"Gal\u00e9ria Fedor Pol\u00f3ni - Fotoklub RK 1924","isPartOf":{"@id":"https:\/\/fotoklub.sk\/#website"},"primaryImageOfPage":{"@id":"https:\/\/fotoklub.sk\/?page_id=1242#primaryimage"},"image":{"@id":"https:\/\/fotoklub.sk\/?page_id=1242#primaryimage"},"thumbnailUrl":"https:\/\/fotoklub.sk\/wp-content\/uploads\/2023\/10\/fulla3-1024x518.jpg","datePublished":"2023-10-29T15:12:19+00:00","dateModified":"2023-10-29T15:15:33+00:00","breadcrumb":{"@id":"https:\/\/fotoklub.sk\/?page_id=1242#breadcrumb"},"inLanguage":"sk-SK","potentialAction":[{"@type":"ReadAction","target":["https:\/\/fotoklub.sk\/?page_id=1242"]}]},{"@type":"ImageObject","inLanguage":"sk-SK","@id":"https:\/\/fotoklub.sk\/?page_id=1242#primaryimage","url":"https:\/\/fotoklub.sk\/wp-content\/uploads\/2023\/10\/fulla3.jpg","contentUrl":"https:\/\/fotoklub.sk\/wp-content\/uploads\/2023\/10\/fulla3.jpg","width":1920,"height":972},{"@type":"BreadcrumbList","@id":"https:\/\/fotoklub.sk\/?page_id=1242#breadcrumb","itemListElement":[{"@type":"ListItem","position":1,"name":"Domov","item":"https:\/\/fotoklub.sk\/"},{"@type":"ListItem","position":2,"name":"Gal\u00e9ria Fedor Pol\u00f3ni"}]},{"@type":"WebSite","@id":"https:\/\/fotoklub.sk\/#website","url":"https:\/\/fotoklub.sk\/","name":"Fotoklub RK 1924","description":"1924 \u2013 2024 | 100 rokov nepretr\u017eitej existencie Fotoklubu","publisher":{"@id":"https:\/\/fotoklub.sk\/#organization"},"alternateName":"Fotoklub Ru\u017eomberok","potentialAction":[{"@type":"SearchAction","target":{"@type":"EntryPoint","urlTemplate":"https:\/\/fotoklub.sk\/?s={search_term_string}"},"query-input":{"@type":"PropertyValueSpecification","valueRequired":true,"valueName":"search_term_string"}}],"inLanguage":"sk-SK"},{"@type":"Organization","@id":"https:\/\/fotoklub.sk\/#organization","name":"Fotoklub Ru\u017eomberok","alternateName":"Ru\u017eombersk\u00fd fotoklub","url":"https:\/\/fotoklub.sk\/","logo":{"@type":"ImageObject","inLanguage":"sk-SK","@id":"https:\/\/fotoklub.sk\/#\/schema\/logo\/image\/","url":"https:\/\/fotoklub.sk\/wp-content\/uploads\/2025\/02\/Logo_new.png","contentUrl":"https:\/\/fotoklub.sk\/wp-content\/uploads\/2025\/02\/Logo_new.png","width":100,"height":98,"caption":"Fotoklub Ru\u017eomberok"},"image":{"@id":"https:\/\/fotoklub.sk\/#\/schema\/logo\/image\/"}}]}},"jetpack_sharing_enabled":true,"_links":{"self":[{"href":"https:\/\/fotoklub.sk\/index.php?rest_route=\/wp\/v2\/pages\/1242","targetHints":{"allow":["GET"]}}],"collection":[{"href":"https:\/\/fotoklub.sk\/index.php?rest_route=\/wp\/v2\/pages"}],"about":[{"href":"https:\/\/fotoklub.sk\/index.php?rest_route=\/wp\/v2\/types\/page"}],"author":[{"embeddable":true,"href":"https:\/\/fotoklub.sk\/index.php?rest_route=\/wp\/v2\/users\/7"}],"replies":[{"embeddable":true,"href":"https:\/\/fotoklub.sk\/index.php?rest_route=%2Fwp%2Fv2%2Fcomments&post=1242"}],"version-history":[{"count":2,"href":"https:\/\/fotoklub.sk\/index.php?rest_route=\/wp\/v2\/pages\/1242\/revisions"}],"predecessor-version":[{"id":1254,"href":"https:\/\/fotoklub.sk\/index.php?rest_route=\/wp\/v2\/pages\/1242\/revisions\/1254"}],"wp:attachment":[{"href":"https:\/\/fotoklub.sk\/index.php?rest_route=%2Fwp%2Fv2%2Fmedia&parent=1242"}],"curies":[{"name":"wp","href":"https:\/\/api.w.org\/{rel}","templated":true}]}}