{"id":1044,"date":"2023-07-09T15:44:17","date_gmt":"2023-07-09T13:44:17","guid":{"rendered":"https:\/\/fotoklub.sk\/?page_id=1044"},"modified":"2023-10-27T20:40:26","modified_gmt":"2023-10-27T18:40:26","slug":"1044-2","status":"publish","type":"page","link":"https:\/\/fotoklub.sk\/?page_id=1044","title":{"rendered":"Gal\u00e9ria Anna Gallasov\u00e1"},"content":{"rendered":"\n<figure class=\"wp-block-image size-large\"><img decoding=\"async\" width=\"1024\" height=\"575\" src=\"https:\/\/fotoklub.sk\/wp-content\/uploads\/2023\/07\/IMG_20221002_182058-1024x575.jpg\" alt=\"\" class=\"wp-image-1045\" srcset=\"https:\/\/fotoklub.sk\/wp-content\/uploads\/2023\/07\/IMG_20221002_182058-1024x575.jpg 1024w, https:\/\/fotoklub.sk\/wp-content\/uploads\/2023\/07\/IMG_20221002_182058-300x169.jpg 300w, https:\/\/fotoklub.sk\/wp-content\/uploads\/2023\/07\/IMG_20221002_182058-768x432.jpg 768w, https:\/\/fotoklub.sk\/wp-content\/uploads\/2023\/07\/IMG_20221002_182058-1536x863.jpg 1536w, https:\/\/fotoklub.sk\/wp-content\/uploads\/2023\/07\/IMG_20221002_182058.jpg 1920w\" sizes=\"(max-width: 1024px) 100vw, 1024px\" \/><\/figure>\n\n\n\n<figure class=\"wp-block-image size-large\"><img decoding=\"async\" width=\"576\" height=\"1024\" src=\"https:\/\/fotoklub.sk\/wp-content\/uploads\/2023\/07\/IMG_20221020_150346-576x1024.jpg\" alt=\"\" class=\"wp-image-1046\" srcset=\"https:\/\/fotoklub.sk\/wp-content\/uploads\/2023\/07\/IMG_20221020_150346-576x1024.jpg 576w, https:\/\/fotoklub.sk\/wp-content\/uploads\/2023\/07\/IMG_20221020_150346-169x300.jpg 169w, https:\/\/fotoklub.sk\/wp-content\/uploads\/2023\/07\/IMG_20221020_150346-768x1365.jpg 768w, https:\/\/fotoklub.sk\/wp-content\/uploads\/2023\/07\/IMG_20221020_150346-864x1536.jpg 864w, https:\/\/fotoklub.sk\/wp-content\/uploads\/2023\/07\/IMG_20221020_150346.jpg 1080w\" sizes=\"(max-width: 576px) 100vw, 576px\" \/><\/figure>\n\n\n\n<figure class=\"wp-block-image size-large\"><img decoding=\"async\" width=\"1024\" height=\"575\" src=\"https:\/\/fotoklub.sk\/wp-content\/uploads\/2023\/07\/IMG_20221023_103139-1024x575.jpg\" alt=\"\" class=\"wp-image-1047\" srcset=\"https:\/\/fotoklub.sk\/wp-content\/uploads\/2023\/07\/IMG_20221023_103139-1024x575.jpg 1024w, https:\/\/fotoklub.sk\/wp-content\/uploads\/2023\/07\/IMG_20221023_103139-300x169.jpg 300w, https:\/\/fotoklub.sk\/wp-content\/uploads\/2023\/07\/IMG_20221023_103139-768x432.jpg 768w, https:\/\/fotoklub.sk\/wp-content\/uploads\/2023\/07\/IMG_20221023_103139-1536x863.jpg 1536w, https:\/\/fotoklub.sk\/wp-content\/uploads\/2023\/07\/IMG_20221023_103139.jpg 1920w\" sizes=\"(max-width: 1024px) 100vw, 1024px\" \/><\/figure>\n\n\n\n<figure class=\"wp-block-image size-large\"><img decoding=\"async\" width=\"575\" height=\"1024\" src=\"https:\/\/fotoklub.sk\/wp-content\/uploads\/2023\/07\/IMG_20221023_103334-575x1024.jpg\" alt=\"\" class=\"wp-image-1048\" srcset=\"https:\/\/fotoklub.sk\/wp-content\/uploads\/2023\/07\/IMG_20221023_103334-575x1024.jpg 575w, https:\/\/fotoklub.sk\/wp-content\/uploads\/2023\/07\/IMG_20221023_103334-169x300.jpg 169w, https:\/\/fotoklub.sk\/wp-content\/uploads\/2023\/07\/IMG_20221023_103334-768x1367.jpg 768w, https:\/\/fotoklub.sk\/wp-content\/uploads\/2023\/07\/IMG_20221023_103334-863x1536.jpg 863w, https:\/\/fotoklub.sk\/wp-content\/uploads\/2023\/07\/IMG_20221023_103334.jpg 1079w\" sizes=\"(max-width: 575px) 100vw, 575px\" \/><\/figure>\n\n\n\n<figure class=\"wp-block-image size-large\"><img decoding=\"async\" width=\"1024\" height=\"575\" src=\"https:\/\/fotoklub.sk\/wp-content\/uploads\/2023\/07\/IMG_20221023_103541-1024x575.jpg\" alt=\"\" class=\"wp-image-1049\" srcset=\"https:\/\/fotoklub.sk\/wp-content\/uploads\/2023\/07\/IMG_20221023_103541-1024x575.jpg 1024w, https:\/\/fotoklub.sk\/wp-content\/uploads\/2023\/07\/IMG_20221023_103541-300x169.jpg 300w, https:\/\/fotoklub.sk\/wp-content\/uploads\/2023\/07\/IMG_20221023_103541-768x432.jpg 768w, https:\/\/fotoklub.sk\/wp-content\/uploads\/2023\/07\/IMG_20221023_103541-1536x863.jpg 1536w, https:\/\/fotoklub.sk\/wp-content\/uploads\/2023\/07\/IMG_20221023_103541.jpg 1920w\" sizes=\"(max-width: 1024px) 100vw, 1024px\" \/><\/figure>\n\n\n\n<figure class=\"wp-block-image size-large\"><img decoding=\"async\" width=\"1024\" height=\"575\" src=\"https:\/\/fotoklub.sk\/wp-content\/uploads\/2023\/07\/IMG_20221027_084907-1024x575.jpg\" alt=\"\" class=\"wp-image-1050\" srcset=\"https:\/\/fotoklub.sk\/wp-content\/uploads\/2023\/07\/IMG_20221027_084907-1024x575.jpg 1024w, https:\/\/fotoklub.sk\/wp-content\/uploads\/2023\/07\/IMG_20221027_084907-300x169.jpg 300w, https:\/\/fotoklub.sk\/wp-content\/uploads\/2023\/07\/IMG_20221027_084907-768x432.jpg 768w, https:\/\/fotoklub.sk\/wp-content\/uploads\/2023\/07\/IMG_20221027_084907-1536x863.jpg 1536w, https:\/\/fotoklub.sk\/wp-content\/uploads\/2023\/07\/IMG_20221027_084907.jpg 1920w\" sizes=\"(max-width: 1024px) 100vw, 1024px\" \/><\/figure>\n\n\n\n<figure class=\"wp-block-image size-large\"><img decoding=\"async\" width=\"1024\" height=\"575\" src=\"https:\/\/fotoklub.sk\/wp-content\/uploads\/2023\/07\/IMG_20221108_100518-1024x575.jpg\" alt=\"\" class=\"wp-image-1051\" srcset=\"https:\/\/fotoklub.sk\/wp-content\/uploads\/2023\/07\/IMG_20221108_100518-1024x575.jpg 1024w, https:\/\/fotoklub.sk\/wp-content\/uploads\/2023\/07\/IMG_20221108_100518-300x169.jpg 300w, https:\/\/fotoklub.sk\/wp-content\/uploads\/2023\/07\/IMG_20221108_100518-768x432.jpg 768w, https:\/\/fotoklub.sk\/wp-content\/uploads\/2023\/07\/IMG_20221108_100518-1536x863.jpg 1536w, https:\/\/fotoklub.sk\/wp-content\/uploads\/2023\/07\/IMG_20221108_100518.jpg 1920w\" sizes=\"(max-width: 1024px) 100vw, 1024px\" \/><\/figure>\n\n\n\n<figure class=\"wp-block-image size-large\"><img decoding=\"async\" width=\"1024\" height=\"575\" src=\"https:\/\/fotoklub.sk\/wp-content\/uploads\/2023\/07\/IMG_20221108_134824-1-1024x575.jpg\" alt=\"\" class=\"wp-image-1052\" srcset=\"https:\/\/fotoklub.sk\/wp-content\/uploads\/2023\/07\/IMG_20221108_134824-1-1024x575.jpg 1024w, https:\/\/fotoklub.sk\/wp-content\/uploads\/2023\/07\/IMG_20221108_134824-1-300x169.jpg 300w, https:\/\/fotoklub.sk\/wp-content\/uploads\/2023\/07\/IMG_20221108_134824-1-768x432.jpg 768w, https:\/\/fotoklub.sk\/wp-content\/uploads\/2023\/07\/IMG_20221108_134824-1-1536x863.jpg 1536w, https:\/\/fotoklub.sk\/wp-content\/uploads\/2023\/07\/IMG_20221108_134824-1.jpg 1920w\" sizes=\"(max-width: 1024px) 100vw, 1024px\" \/><\/figure>\n\n\n\n<figure class=\"wp-block-image size-large\"><img decoding=\"async\" width=\"1024\" height=\"575\" src=\"https:\/\/fotoklub.sk\/wp-content\/uploads\/2023\/07\/IMG_20221108_145933-1024x575.jpg\" alt=\"\" class=\"wp-image-1053\" srcset=\"https:\/\/fotoklub.sk\/wp-content\/uploads\/2023\/07\/IMG_20221108_145933-1024x575.jpg 1024w, https:\/\/fotoklub.sk\/wp-content\/uploads\/2023\/07\/IMG_20221108_145933-300x169.jpg 300w, https:\/\/fotoklub.sk\/wp-content\/uploads\/2023\/07\/IMG_20221108_145933-768x432.jpg 768w, https:\/\/fotoklub.sk\/wp-content\/uploads\/2023\/07\/IMG_20221108_145933-1536x863.jpg 1536w, https:\/\/fotoklub.sk\/wp-content\/uploads\/2023\/07\/IMG_20221108_145933.jpg 1920w\" sizes=\"(max-width: 1024px) 100vw, 1024px\" \/><\/figure>\n\n\n\n<figure class=\"wp-block-image size-large\"><img decoding=\"async\" width=\"1024\" height=\"610\" src=\"https:\/\/fotoklub.sk\/wp-content\/uploads\/2023\/07\/IMG_20221108_162609-1024x610.jpg\" alt=\"\" class=\"wp-image-1054\" srcset=\"https:\/\/fotoklub.sk\/wp-content\/uploads\/2023\/07\/IMG_20221108_162609-1024x610.jpg 1024w, https:\/\/fotoklub.sk\/wp-content\/uploads\/2023\/07\/IMG_20221108_162609-300x179.jpg 300w, https:\/\/fotoklub.sk\/wp-content\/uploads\/2023\/07\/IMG_20221108_162609-768x458.jpg 768w, https:\/\/fotoklub.sk\/wp-content\/uploads\/2023\/07\/IMG_20221108_162609-1536x915.jpg 1536w, https:\/\/fotoklub.sk\/wp-content\/uploads\/2023\/07\/IMG_20221108_162609.jpg 1920w\" sizes=\"(max-width: 1024px) 100vw, 1024px\" \/><\/figure>\n\n\n\n<figure class=\"wp-block-image size-large\"><img decoding=\"async\" width=\"1024\" height=\"576\" src=\"https:\/\/fotoklub.sk\/wp-content\/uploads\/2023\/07\/IMG_20221122_115611-1024x576.jpg\" alt=\"\" class=\"wp-image-1055\" srcset=\"https:\/\/fotoklub.sk\/wp-content\/uploads\/2023\/07\/IMG_20221122_115611-1024x576.jpg 1024w, https:\/\/fotoklub.sk\/wp-content\/uploads\/2023\/07\/IMG_20221122_115611-300x169.jpg 300w, https:\/\/fotoklub.sk\/wp-content\/uploads\/2023\/07\/IMG_20221122_115611-768x432.jpg 768w, https:\/\/fotoklub.sk\/wp-content\/uploads\/2023\/07\/IMG_20221122_115611-1536x864.jpg 1536w, https:\/\/fotoklub.sk\/wp-content\/uploads\/2023\/07\/IMG_20221122_115611.jpg 1920w\" sizes=\"(max-width: 1024px) 100vw, 1024px\" \/><\/figure>\n\n\n\n<figure class=\"wp-block-image size-large\"><img decoding=\"async\" width=\"575\" height=\"1024\" src=\"https:\/\/fotoklub.sk\/wp-content\/uploads\/2023\/07\/IMG_20230709_141227-575x1024.jpg\" alt=\"\" class=\"wp-image-1056\" srcset=\"https:\/\/fotoklub.sk\/wp-content\/uploads\/2023\/07\/IMG_20230709_141227-575x1024.jpg 575w, https:\/\/fotoklub.sk\/wp-content\/uploads\/2023\/07\/IMG_20230709_141227-169x300.jpg 169w, https:\/\/fotoklub.sk\/wp-content\/uploads\/2023\/07\/IMG_20230709_141227-768x1367.jpg 768w, https:\/\/fotoklub.sk\/wp-content\/uploads\/2023\/07\/IMG_20230709_141227-863x1536.jpg 863w, https:\/\/fotoklub.sk\/wp-content\/uploads\/2023\/07\/IMG_20230709_141227.jpg 1079w\" sizes=\"(max-width: 575px) 100vw, 575px\" \/><\/figure>\n","protected":false},"excerpt":{"rendered":"","protected":false},"author":7,"featured_media":0,"parent":0,"menu_order":0,"comment_status":"closed","ping_status":"closed","template":"","meta":{"footnotes":""},"class_list":["post-1044","page","type-page","status-publish","hentry"],"yoast_head":"<!-- This site is optimized with the Yoast SEO plugin v27.4 - https:\/\/yoast.com\/product\/yoast-seo-wordpress\/ -->\n<title>Gal\u00e9ria Anna Gallasov\u00e1 - Fotoklub RK 1924<\/title>\n<meta name=\"robots\" content=\"index, follow, max-snippet:-1, max-image-preview:large, max-video-preview:-1\" \/>\n<link rel=\"canonical\" href=\"https:\/\/fotoklub.sk\/?page_id=1044\" \/>\n<meta property=\"og:locale\" content=\"sk_SK\" \/>\n<meta property=\"og:type\" content=\"article\" \/>\n<meta property=\"og:title\" content=\"Gal\u00e9ria Anna Gallasov\u00e1 - Fotoklub RK 1924\" \/>\n<meta property=\"og:url\" content=\"https:\/\/fotoklub.sk\/?page_id=1044\" \/>\n<meta property=\"og:site_name\" content=\"Fotoklub RK 1924\" \/>\n<meta property=\"article:modified_time\" content=\"2023-10-27T18:40:26+00:00\" \/>\n<meta property=\"og:image\" content=\"https:\/\/fotoklub.sk\/wp-content\/uploads\/2023\/07\/IMG_20221002_182058.jpg\" \/>\n\t<meta property=\"og:image:width\" content=\"1920\" \/>\n\t<meta property=\"og:image:height\" content=\"1079\" \/>\n\t<meta property=\"og:image:type\" content=\"image\/jpeg\" \/>\n<meta name=\"twitter:card\" content=\"summary_large_image\" \/>\n<script type=\"application\/ld+json\" class=\"yoast-schema-graph\">{\"@context\":\"https:\\\/\\\/schema.org\",\"@graph\":[{\"@type\":\"WebPage\",\"@id\":\"https:\\\/\\\/fotoklub.sk\\\/?page_id=1044\",\"url\":\"https:\\\/\\\/fotoklub.sk\\\/?page_id=1044\",\"name\":\"Gal\u00e9ria Anna Gallasov\u00e1 - Fotoklub RK 1924\",\"isPartOf\":{\"@id\":\"https:\\\/\\\/fotoklub.sk\\\/#website\"},\"primaryImageOfPage\":{\"@id\":\"https:\\\/\\\/fotoklub.sk\\\/?page_id=1044#primaryimage\"},\"image\":{\"@id\":\"https:\\\/\\\/fotoklub.sk\\\/?page_id=1044#primaryimage\"},\"thumbnailUrl\":\"https:\\\/\\\/fotoklub.sk\\\/wp-content\\\/uploads\\\/2023\\\/07\\\/IMG_20221002_182058-1024x575.jpg\",\"datePublished\":\"2023-07-09T13:44:17+00:00\",\"dateModified\":\"2023-10-27T18:40:26+00:00\",\"breadcrumb\":{\"@id\":\"https:\\\/\\\/fotoklub.sk\\\/?page_id=1044#breadcrumb\"},\"inLanguage\":\"sk-SK\",\"potentialAction\":[{\"@type\":\"ReadAction\",\"target\":[\"https:\\\/\\\/fotoklub.sk\\\/?page_id=1044\"]}]},{\"@type\":\"ImageObject\",\"inLanguage\":\"sk-SK\",\"@id\":\"https:\\\/\\\/fotoklub.sk\\\/?page_id=1044#primaryimage\",\"url\":\"https:\\\/\\\/fotoklub.sk\\\/wp-content\\\/uploads\\\/2023\\\/07\\\/IMG_20221002_182058.jpg\",\"contentUrl\":\"https:\\\/\\\/fotoklub.sk\\\/wp-content\\\/uploads\\\/2023\\\/07\\\/IMG_20221002_182058.jpg\",\"width\":1920,\"height\":1079},{\"@type\":\"BreadcrumbList\",\"@id\":\"https:\\\/\\\/fotoklub.sk\\\/?page_id=1044#breadcrumb\",\"itemListElement\":[{\"@type\":\"ListItem\",\"position\":1,\"name\":\"Domov\",\"item\":\"https:\\\/\\\/fotoklub.sk\\\/\"},{\"@type\":\"ListItem\",\"position\":2,\"name\":\"Gal\u00e9ria Anna Gallasov\u00e1\"}]},{\"@type\":\"WebSite\",\"@id\":\"https:\\\/\\\/fotoklub.sk\\\/#website\",\"url\":\"https:\\\/\\\/fotoklub.sk\\\/\",\"name\":\"Fotoklub RK 1924\",\"description\":\"1924 \u2013 2024 | 100 rokov nepretr\u017eitej existencie Fotoklubu\",\"publisher\":{\"@id\":\"https:\\\/\\\/fotoklub.sk\\\/#organization\"},\"alternateName\":\"Fotoklub Ru\u017eomberok\",\"potentialAction\":[{\"@type\":\"SearchAction\",\"target\":{\"@type\":\"EntryPoint\",\"urlTemplate\":\"https:\\\/\\\/fotoklub.sk\\\/?s={search_term_string}\"},\"query-input\":{\"@type\":\"PropertyValueSpecification\",\"valueRequired\":true,\"valueName\":\"search_term_string\"}}],\"inLanguage\":\"sk-SK\"},{\"@type\":\"Organization\",\"@id\":\"https:\\\/\\\/fotoklub.sk\\\/#organization\",\"name\":\"Fotoklub Ru\u017eomberok\",\"alternateName\":\"Ru\u017eombersk\u00fd fotoklub\",\"url\":\"https:\\\/\\\/fotoklub.sk\\\/\",\"logo\":{\"@type\":\"ImageObject\",\"inLanguage\":\"sk-SK\",\"@id\":\"https:\\\/\\\/fotoklub.sk\\\/#\\\/schema\\\/logo\\\/image\\\/\",\"url\":\"https:\\\/\\\/fotoklub.sk\\\/wp-content\\\/uploads\\\/2025\\\/02\\\/Logo_new.png\",\"contentUrl\":\"https:\\\/\\\/fotoklub.sk\\\/wp-content\\\/uploads\\\/2025\\\/02\\\/Logo_new.png\",\"width\":100,\"height\":98,\"caption\":\"Fotoklub Ru\u017eomberok\"},\"image\":{\"@id\":\"https:\\\/\\\/fotoklub.sk\\\/#\\\/schema\\\/logo\\\/image\\\/\"}}]}<\/script>\n<!-- \/ Yoast SEO plugin. -->","yoast_head_json":{"title":"Gal\u00e9ria Anna Gallasov\u00e1 - Fotoklub RK 1924","robots":{"index":"index","follow":"follow","max-snippet":"max-snippet:-1","max-image-preview":"max-image-preview:large","max-video-preview":"max-video-preview:-1"},"canonical":"https:\/\/fotoklub.sk\/?page_id=1044","og_locale":"sk_SK","og_type":"article","og_title":"Gal\u00e9ria Anna Gallasov\u00e1 - Fotoklub RK 1924","og_url":"https:\/\/fotoklub.sk\/?page_id=1044","og_site_name":"Fotoklub RK 1924","article_modified_time":"2023-10-27T18:40:26+00:00","og_image":[{"width":1920,"height":1079,"url":"https:\/\/fotoklub.sk\/wp-content\/uploads\/2023\/07\/IMG_20221002_182058.jpg","type":"image\/jpeg"}],"twitter_card":"summary_large_image","schema":{"@context":"https:\/\/schema.org","@graph":[{"@type":"WebPage","@id":"https:\/\/fotoklub.sk\/?page_id=1044","url":"https:\/\/fotoklub.sk\/?page_id=1044","name":"Gal\u00e9ria Anna Gallasov\u00e1 - Fotoklub RK 1924","isPartOf":{"@id":"https:\/\/fotoklub.sk\/#website"},"primaryImageOfPage":{"@id":"https:\/\/fotoklub.sk\/?page_id=1044#primaryimage"},"image":{"@id":"https:\/\/fotoklub.sk\/?page_id=1044#primaryimage"},"thumbnailUrl":"https:\/\/fotoklub.sk\/wp-content\/uploads\/2023\/07\/IMG_20221002_182058-1024x575.jpg","datePublished":"2023-07-09T13:44:17+00:00","dateModified":"2023-10-27T18:40:26+00:00","breadcrumb":{"@id":"https:\/\/fotoklub.sk\/?page_id=1044#breadcrumb"},"inLanguage":"sk-SK","potentialAction":[{"@type":"ReadAction","target":["https:\/\/fotoklub.sk\/?page_id=1044"]}]},{"@type":"ImageObject","inLanguage":"sk-SK","@id":"https:\/\/fotoklub.sk\/?page_id=1044#primaryimage","url":"https:\/\/fotoklub.sk\/wp-content\/uploads\/2023\/07\/IMG_20221002_182058.jpg","contentUrl":"https:\/\/fotoklub.sk\/wp-content\/uploads\/2023\/07\/IMG_20221002_182058.jpg","width":1920,"height":1079},{"@type":"BreadcrumbList","@id":"https:\/\/fotoklub.sk\/?page_id=1044#breadcrumb","itemListElement":[{"@type":"ListItem","position":1,"name":"Domov","item":"https:\/\/fotoklub.sk\/"},{"@type":"ListItem","position":2,"name":"Gal\u00e9ria Anna Gallasov\u00e1"}]},{"@type":"WebSite","@id":"https:\/\/fotoklub.sk\/#website","url":"https:\/\/fotoklub.sk\/","name":"Fotoklub RK 1924","description":"1924 \u2013 2024 | 100 rokov nepretr\u017eitej existencie Fotoklubu","publisher":{"@id":"https:\/\/fotoklub.sk\/#organization"},"alternateName":"Fotoklub Ru\u017eomberok","potentialAction":[{"@type":"SearchAction","target":{"@type":"EntryPoint","urlTemplate":"https:\/\/fotoklub.sk\/?s={search_term_string}"},"query-input":{"@type":"PropertyValueSpecification","valueRequired":true,"valueName":"search_term_string"}}],"inLanguage":"sk-SK"},{"@type":"Organization","@id":"https:\/\/fotoklub.sk\/#organization","name":"Fotoklub Ru\u017eomberok","alternateName":"Ru\u017eombersk\u00fd fotoklub","url":"https:\/\/fotoklub.sk\/","logo":{"@type":"ImageObject","inLanguage":"sk-SK","@id":"https:\/\/fotoklub.sk\/#\/schema\/logo\/image\/","url":"https:\/\/fotoklub.sk\/wp-content\/uploads\/2025\/02\/Logo_new.png","contentUrl":"https:\/\/fotoklub.sk\/wp-content\/uploads\/2025\/02\/Logo_new.png","width":100,"height":98,"caption":"Fotoklub Ru\u017eomberok"},"image":{"@id":"https:\/\/fotoklub.sk\/#\/schema\/logo\/image\/"}}]}},"jetpack_sharing_enabled":true,"_links":{"self":[{"href":"https:\/\/fotoklub.sk\/index.php?rest_route=\/wp\/v2\/pages\/1044","targetHints":{"allow":["GET"]}}],"collection":[{"href":"https:\/\/fotoklub.sk\/index.php?rest_route=\/wp\/v2\/pages"}],"about":[{"href":"https:\/\/fotoklub.sk\/index.php?rest_route=\/wp\/v2\/types\/page"}],"author":[{"embeddable":true,"href":"https:\/\/fotoklub.sk\/index.php?rest_route=\/wp\/v2\/users\/7"}],"replies":[{"embeddable":true,"href":"https:\/\/fotoklub.sk\/index.php?rest_route=%2Fwp%2Fv2%2Fcomments&post=1044"}],"version-history":[{"count":2,"href":"https:\/\/fotoklub.sk\/index.php?rest_route=\/wp\/v2\/pages\/1044\/revisions"}],"predecessor-version":[{"id":1177,"href":"https:\/\/fotoklub.sk\/index.php?rest_route=\/wp\/v2\/pages\/1044\/revisions\/1177"}],"wp:attachment":[{"href":"https:\/\/fotoklub.sk\/index.php?rest_route=%2Fwp%2Fv2%2Fmedia&parent=1044"}],"curies":[{"name":"wp","href":"https:\/\/api.w.org\/{rel}","templated":true}]}}