{"id":1037,"date":"2023-07-09T15:32:28","date_gmt":"2023-07-09T13:32:28","guid":{"rendered":"https:\/\/fotoklub.sk\/?page_id=1037"},"modified":"2023-10-27T20:20:25","modified_gmt":"2023-10-27T18:20:25","slug":"anna-gallasova","status":"publish","type":"page","link":"https:\/\/fotoklub.sk\/?page_id=1037","title":{"rendered":"Anna Gallasov\u00e1"},"content":{"rendered":"\n<p>Milujem pr\u00edrodu a pohyb v nej. Najrad\u0161ej m\u00e1m skaly a v\u00fdh\u013eady z nich.&nbsp;<br>Rada cestujem a spozn\u00e1vam nov\u00e9 miesta. Fotografia je pre m\u0148a nie\u010do, \u010do ma vystihuje. <br>\u017dasnem, ak\u00e9 n\u00e1dhern\u00e9 veci s\u00fa okolo&nbsp; n\u00e1s, ale aj v ka\u017edom jednom \u010dloveku. \u017divot je kr\u00e1sny!&nbsp;<\/p>\n\n\n\n<div class=\"wp-block-buttons is-layout-flex wp-block-buttons-is-layout-flex\">\n<div class=\"wp-block-button\"><a class=\"wp-block-button__link\" href=\"https:\/\/fotoklub.sk\/?page_id=1044\" target=\"_blank\" rel=\"noreferrer noopener\">Gal\u00e9ria<\/a><\/div>\n<\/div>\n","protected":false},"excerpt":{"rendered":"<p>Milujem pr\u00edrodu a pohyb v nej. Najrad\u0161ej m\u00e1m skaly a v\u00fdh\u013eady z nich.&nbsp;Rada cestujem a spozn\u00e1vam nov\u00e9 miesta. Fotografia je pre m\u0148a nie\u010do, \u010do ma vystihuje. \u017dasnem, ak\u00e9 n\u00e1dhern\u00e9 veci s\u00fa okolo&nbsp; n\u00e1s, ale aj v ka\u017edom jednom \u010dloveku. \u017divot je kr\u00e1sny!&nbsp;<\/p>\n","protected":false},"author":7,"featured_media":1038,"parent":0,"menu_order":0,"comment_status":"closed","ping_status":"closed","template":"","meta":{"footnotes":""},"class_list":["post-1037","page","type-page","status-publish","has-post-thumbnail","hentry"],"yoast_head":"<!-- This site is optimized with the Yoast SEO plugin v27.4 - https:\/\/yoast.com\/product\/yoast-seo-wordpress\/ -->\n<title>Anna Gallasov\u00e1 - Fotoklub RK 1924<\/title>\n<meta name=\"robots\" content=\"index, follow, max-snippet:-1, max-image-preview:large, max-video-preview:-1\" \/>\n<link rel=\"canonical\" href=\"https:\/\/fotoklub.sk\/?page_id=1037\" \/>\n<meta property=\"og:locale\" content=\"sk_SK\" \/>\n<meta property=\"og:type\" content=\"article\" \/>\n<meta property=\"og:title\" content=\"Anna Gallasov\u00e1 - Fotoklub RK 1924\" \/>\n<meta property=\"og:description\" content=\"Milujem pr\u00edrodu a pohyb v nej. Najrad\u0161ej m\u00e1m skaly a v\u00fdh\u013eady z nich.&nbsp;Rada cestujem a spozn\u00e1vam nov\u00e9 miesta. Fotografia je pre m\u0148a nie\u010do, \u010do ma vystihuje. \u017dasnem, ak\u00e9 n\u00e1dhern\u00e9 veci s\u00fa okolo&nbsp; n\u00e1s, ale aj v ka\u017edom jednom \u010dloveku. \u017divot je kr\u00e1sny!&nbsp;\" \/>\n<meta property=\"og:url\" content=\"https:\/\/fotoklub.sk\/?page_id=1037\" \/>\n<meta property=\"og:site_name\" content=\"Fotoklub RK 1924\" \/>\n<meta property=\"article:modified_time\" content=\"2023-10-27T18:20:25+00:00\" \/>\n<meta property=\"og:image\" content=\"https:\/\/fotoklub.sk\/wp-content\/uploads\/2023\/07\/profilova.jpg\" \/>\n\t<meta property=\"og:image:width\" content=\"240\" \/>\n\t<meta property=\"og:image:height\" content=\"278\" \/>\n\t<meta property=\"og:image:type\" content=\"image\/jpeg\" \/>\n<meta name=\"twitter:card\" content=\"summary_large_image\" \/>\n<script type=\"application\/ld+json\" class=\"yoast-schema-graph\">{\"@context\":\"https:\\\/\\\/schema.org\",\"@graph\":[{\"@type\":\"WebPage\",\"@id\":\"https:\\\/\\\/fotoklub.sk\\\/?page_id=1037\",\"url\":\"https:\\\/\\\/fotoklub.sk\\\/?page_id=1037\",\"name\":\"Anna Gallasov\u00e1 - Fotoklub RK 1924\",\"isPartOf\":{\"@id\":\"https:\\\/\\\/fotoklub.sk\\\/#website\"},\"primaryImageOfPage\":{\"@id\":\"https:\\\/\\\/fotoklub.sk\\\/?page_id=1037#primaryimage\"},\"image\":{\"@id\":\"https:\\\/\\\/fotoklub.sk\\\/?page_id=1037#primaryimage\"},\"thumbnailUrl\":\"https:\\\/\\\/fotoklub.sk\\\/wp-content\\\/uploads\\\/2023\\\/07\\\/profilova.jpg\",\"datePublished\":\"2023-07-09T13:32:28+00:00\",\"dateModified\":\"2023-10-27T18:20:25+00:00\",\"breadcrumb\":{\"@id\":\"https:\\\/\\\/fotoklub.sk\\\/?page_id=1037#breadcrumb\"},\"inLanguage\":\"sk-SK\",\"potentialAction\":[{\"@type\":\"ReadAction\",\"target\":[\"https:\\\/\\\/fotoklub.sk\\\/?page_id=1037\"]}]},{\"@type\":\"ImageObject\",\"inLanguage\":\"sk-SK\",\"@id\":\"https:\\\/\\\/fotoklub.sk\\\/?page_id=1037#primaryimage\",\"url\":\"https:\\\/\\\/fotoklub.sk\\\/wp-content\\\/uploads\\\/2023\\\/07\\\/profilova.jpg\",\"contentUrl\":\"https:\\\/\\\/fotoklub.sk\\\/wp-content\\\/uploads\\\/2023\\\/07\\\/profilova.jpg\",\"width\":240,\"height\":278},{\"@type\":\"BreadcrumbList\",\"@id\":\"https:\\\/\\\/fotoklub.sk\\\/?page_id=1037#breadcrumb\",\"itemListElement\":[{\"@type\":\"ListItem\",\"position\":1,\"name\":\"Domov\",\"item\":\"https:\\\/\\\/fotoklub.sk\\\/\"},{\"@type\":\"ListItem\",\"position\":2,\"name\":\"Anna Gallasov\u00e1\"}]},{\"@type\":\"WebSite\",\"@id\":\"https:\\\/\\\/fotoklub.sk\\\/#website\",\"url\":\"https:\\\/\\\/fotoklub.sk\\\/\",\"name\":\"Fotoklub RK 1924\",\"description\":\"1924 \u2013 2024 | 100 rokov nepretr\u017eitej existencie Fotoklubu\",\"publisher\":{\"@id\":\"https:\\\/\\\/fotoklub.sk\\\/#organization\"},\"alternateName\":\"Fotoklub Ru\u017eomberok\",\"potentialAction\":[{\"@type\":\"SearchAction\",\"target\":{\"@type\":\"EntryPoint\",\"urlTemplate\":\"https:\\\/\\\/fotoklub.sk\\\/?s={search_term_string}\"},\"query-input\":{\"@type\":\"PropertyValueSpecification\",\"valueRequired\":true,\"valueName\":\"search_term_string\"}}],\"inLanguage\":\"sk-SK\"},{\"@type\":\"Organization\",\"@id\":\"https:\\\/\\\/fotoklub.sk\\\/#organization\",\"name\":\"Fotoklub Ru\u017eomberok\",\"alternateName\":\"Ru\u017eombersk\u00fd fotoklub\",\"url\":\"https:\\\/\\\/fotoklub.sk\\\/\",\"logo\":{\"@type\":\"ImageObject\",\"inLanguage\":\"sk-SK\",\"@id\":\"https:\\\/\\\/fotoklub.sk\\\/#\\\/schema\\\/logo\\\/image\\\/\",\"url\":\"https:\\\/\\\/fotoklub.sk\\\/wp-content\\\/uploads\\\/2025\\\/02\\\/Logo_new.png\",\"contentUrl\":\"https:\\\/\\\/fotoklub.sk\\\/wp-content\\\/uploads\\\/2025\\\/02\\\/Logo_new.png\",\"width\":100,\"height\":98,\"caption\":\"Fotoklub Ru\u017eomberok\"},\"image\":{\"@id\":\"https:\\\/\\\/fotoklub.sk\\\/#\\\/schema\\\/logo\\\/image\\\/\"}}]}<\/script>\n<!-- \/ Yoast SEO plugin. -->","yoast_head_json":{"title":"Anna Gallasov\u00e1 - Fotoklub RK 1924","robots":{"index":"index","follow":"follow","max-snippet":"max-snippet:-1","max-image-preview":"max-image-preview:large","max-video-preview":"max-video-preview:-1"},"canonical":"https:\/\/fotoklub.sk\/?page_id=1037","og_locale":"sk_SK","og_type":"article","og_title":"Anna Gallasov\u00e1 - Fotoklub RK 1924","og_description":"Milujem pr\u00edrodu a pohyb v nej. Najrad\u0161ej m\u00e1m skaly a v\u00fdh\u013eady z nich.&nbsp;Rada cestujem a spozn\u00e1vam nov\u00e9 miesta. Fotografia je pre m\u0148a nie\u010do, \u010do ma vystihuje. \u017dasnem, ak\u00e9 n\u00e1dhern\u00e9 veci s\u00fa okolo&nbsp; n\u00e1s, ale aj v ka\u017edom jednom \u010dloveku. \u017divot je kr\u00e1sny!&nbsp;","og_url":"https:\/\/fotoklub.sk\/?page_id=1037","og_site_name":"Fotoklub RK 1924","article_modified_time":"2023-10-27T18:20:25+00:00","og_image":[{"width":240,"height":278,"url":"https:\/\/fotoklub.sk\/wp-content\/uploads\/2023\/07\/profilova.jpg","type":"image\/jpeg"}],"twitter_card":"summary_large_image","schema":{"@context":"https:\/\/schema.org","@graph":[{"@type":"WebPage","@id":"https:\/\/fotoklub.sk\/?page_id=1037","url":"https:\/\/fotoklub.sk\/?page_id=1037","name":"Anna Gallasov\u00e1 - Fotoklub RK 1924","isPartOf":{"@id":"https:\/\/fotoklub.sk\/#website"},"primaryImageOfPage":{"@id":"https:\/\/fotoklub.sk\/?page_id=1037#primaryimage"},"image":{"@id":"https:\/\/fotoklub.sk\/?page_id=1037#primaryimage"},"thumbnailUrl":"https:\/\/fotoklub.sk\/wp-content\/uploads\/2023\/07\/profilova.jpg","datePublished":"2023-07-09T13:32:28+00:00","dateModified":"2023-10-27T18:20:25+00:00","breadcrumb":{"@id":"https:\/\/fotoklub.sk\/?page_id=1037#breadcrumb"},"inLanguage":"sk-SK","potentialAction":[{"@type":"ReadAction","target":["https:\/\/fotoklub.sk\/?page_id=1037"]}]},{"@type":"ImageObject","inLanguage":"sk-SK","@id":"https:\/\/fotoklub.sk\/?page_id=1037#primaryimage","url":"https:\/\/fotoklub.sk\/wp-content\/uploads\/2023\/07\/profilova.jpg","contentUrl":"https:\/\/fotoklub.sk\/wp-content\/uploads\/2023\/07\/profilova.jpg","width":240,"height":278},{"@type":"BreadcrumbList","@id":"https:\/\/fotoklub.sk\/?page_id=1037#breadcrumb","itemListElement":[{"@type":"ListItem","position":1,"name":"Domov","item":"https:\/\/fotoklub.sk\/"},{"@type":"ListItem","position":2,"name":"Anna Gallasov\u00e1"}]},{"@type":"WebSite","@id":"https:\/\/fotoklub.sk\/#website","url":"https:\/\/fotoklub.sk\/","name":"Fotoklub RK 1924","description":"1924 \u2013 2024 | 100 rokov nepretr\u017eitej existencie Fotoklubu","publisher":{"@id":"https:\/\/fotoklub.sk\/#organization"},"alternateName":"Fotoklub Ru\u017eomberok","potentialAction":[{"@type":"SearchAction","target":{"@type":"EntryPoint","urlTemplate":"https:\/\/fotoklub.sk\/?s={search_term_string}"},"query-input":{"@type":"PropertyValueSpecification","valueRequired":true,"valueName":"search_term_string"}}],"inLanguage":"sk-SK"},{"@type":"Organization","@id":"https:\/\/fotoklub.sk\/#organization","name":"Fotoklub Ru\u017eomberok","alternateName":"Ru\u017eombersk\u00fd fotoklub","url":"https:\/\/fotoklub.sk\/","logo":{"@type":"ImageObject","inLanguage":"sk-SK","@id":"https:\/\/fotoklub.sk\/#\/schema\/logo\/image\/","url":"https:\/\/fotoklub.sk\/wp-content\/uploads\/2025\/02\/Logo_new.png","contentUrl":"https:\/\/fotoklub.sk\/wp-content\/uploads\/2025\/02\/Logo_new.png","width":100,"height":98,"caption":"Fotoklub Ru\u017eomberok"},"image":{"@id":"https:\/\/fotoklub.sk\/#\/schema\/logo\/image\/"}}]}},"jetpack_sharing_enabled":true,"_links":{"self":[{"href":"https:\/\/fotoklub.sk\/index.php?rest_route=\/wp\/v2\/pages\/1037","targetHints":{"allow":["GET"]}}],"collection":[{"href":"https:\/\/fotoklub.sk\/index.php?rest_route=\/wp\/v2\/pages"}],"about":[{"href":"https:\/\/fotoklub.sk\/index.php?rest_route=\/wp\/v2\/types\/page"}],"author":[{"embeddable":true,"href":"https:\/\/fotoklub.sk\/index.php?rest_route=\/wp\/v2\/users\/7"}],"replies":[{"embeddable":true,"href":"https:\/\/fotoklub.sk\/index.php?rest_route=%2Fwp%2Fv2%2Fcomments&post=1037"}],"version-history":[{"count":5,"href":"https:\/\/fotoklub.sk\/index.php?rest_route=\/wp\/v2\/pages\/1037\/revisions"}],"predecessor-version":[{"id":1176,"href":"https:\/\/fotoklub.sk\/index.php?rest_route=\/wp\/v2\/pages\/1037\/revisions\/1176"}],"wp:featuredmedia":[{"embeddable":true,"href":"https:\/\/fotoklub.sk\/index.php?rest_route=\/wp\/v2\/media\/1038"}],"wp:attachment":[{"href":"https:\/\/fotoklub.sk\/index.php?rest_route=%2Fwp%2Fv2%2Fmedia&parent=1037"}],"curies":[{"name":"wp","href":"https:\/\/api.w.org\/{rel}","templated":true}]}}